{"id":5827,"date":"2024-08-04T19:55:16","date_gmt":"2024-08-04T19:55:16","guid":{"rendered":"https:\/\/shercards.com\/index.php\/product\/touch-depth-psychology-and-body-therapy\/"},"modified":"2025-10-20T10:13:00","modified_gmt":"2025-10-20T10:13:00","slug":"touch-depth-psychology-and-body-therapy","status":"publish","type":"product","link":"https:\/\/shercards.com\/et\/toode\/touch-depth-psychology-and-body-therapy\/","title":{"rendered":"&quot;Puudutage. S\u00fcvaps\u00fchholoogia ja kehateraapia\u201d"},"content":{"rendered":"<p>Autor: Deldon McNealy<\/p>\n<p> Tehnilised andmed: pehme k\u00f6ide, 154 lk.<br \/>Parim kokkuv\u00f5te kehat\u00f6\u00f6teraapiast ja sellega seotud ps\u00fchholoogiavaldkondadest. Valmistanud tunnustatud ps\u00fchhoterapeut, kes suutis tervenemisprotsessis \u00fchendada f\u00fc\u00fcsilised ja anal\u00fc\u00fctilised meetodid. See raamat on t\u00f5eline leid neile, kes soovivad orienteeruda t\u00e4nap\u00e4evaste kehatehnikate ja anal\u00fc\u00fctiliste l\u00e4henemisviiside tohutul hulgal.<\/p>","protected":false},"excerpt":{"rendered":"<p>Autor: Deldon McNealy Tehnilised andmed: pehme k\u00f6ide, 154 lk. Parim kokkuv\u00f5te kehat\u00f6\u00f6teraapiast ja sellega seotud ps\u00fchholoogia valdkondadest. Valmistanud a<\/p>","protected":false},"featured_media":5828,"comment_status":"open","ping_status":"open","template":"","meta":[],"product_brand":[],"product_cat":[58],"product_tag":[],"class_list":{"0":"post-5827","1":"product","2":"type-product","3":"status-publish","4":"has-post-thumbnail","6":"product_cat-psychological-literature","8":"first","9":"outofstock","10":"product-type-simple"},"_links":{"self":[{"href":"https:\/\/shercards.com\/et\/wp-json\/wp\/v2\/product\/5827","targetHints":{"allow":["GET"]}}],"collection":[{"href":"https:\/\/shercards.com\/et\/wp-json\/wp\/v2\/product"}],"about":[{"href":"https:\/\/shercards.com\/et\/wp-json\/wp\/v2\/types\/product"}],"replies":[{"embeddable":true,"href":"https:\/\/shercards.com\/et\/wp-json\/wp\/v2\/comments?post=5827"}],"wp:featuredmedia":[{"embeddable":true,"href":"https:\/\/shercards.com\/et\/wp-json\/wp\/v2\/media\/5828"}],"wp:attachment":[{"href":"https:\/\/shercards.com\/et\/wp-json\/wp\/v2\/media?parent=5827"}],"wp:term":[{"taxonomy":"product_brand","embeddable":true,"href":"https:\/\/shercards.com\/et\/wp-json\/wp\/v2\/product_brand?post=5827"},{"taxonomy":"product_cat","embeddable":true,"href":"https:\/\/shercards.com\/et\/wp-json\/wp\/v2\/product_cat?post=5827"},{"taxonomy":"product_tag","embeddable":true,"href":"https:\/\/shercards.com\/et\/wp-json\/wp\/v2\/product_tag?post=5827"}],"curies":[{"name":"wp","href":"https:\/\/api.w.org\/{rel}","templated":true}]}}