{"id":5830,"date":"2024-08-04T19:55:16","date_gmt":"2024-08-04T19:55:16","guid":{"rendered":"https:\/\/shercards.com\/index.php\/product\/ancestor-syndrome\/"},"modified":"2025-10-20T10:13:00","modified_gmt":"2025-10-20T10:13:00","slug":"ancestor-syndrome","status":"publish","type":"product","link":"https:\/\/shercards.com\/et\/toode\/ancestor-syndrome\/","title":{"rendered":"&quot;Esivanemate s\u00fcndroom&quot;"},"content":{"rendered":"<p>Autor: Anne Anseline Schutzenberger<\/p>\n<p> Tunnused: pehme k\u00f6ide, 254 lk.<\/p>\n<p> Me k\u00f5ik oleme p\u00f5lvkondade ahela l\u00fclid ja vahel peame endalegi \u00fcllatuseks esivanemate mineviku v\u00f5lgu \u201ctasuma\u201d. Selline &quot;n\u00e4htamatu p\u00fchendumine perekonnale&quot; sunnib meid alateadlikult kordama meeldivaid olukordi v\u00f5i kurbi s\u00fcndmusi. Oleme v\u00e4hem vabad, kui me arvame, kuid meil on v\u00f5imalus v\u00f5ita vabadus ja v\u00e4ltida saatuslikke kordusi oma perekonna ajaloos, m\u00f5istes oma perekonna keerulisi n\u00f5tkusi.&lt;br&gt; <br \/>See raamat l\u00e4bis Prantsusmaal 15 v\u00e4ljaannet. See on Anne Anseline Schutzenbergeri kahek\u00fcmneaastase teadusliku tegevuse ja kliinilise praktika tulemus. Tema toodud juhtumid \u00fcletavad draama, &quot;emotsionaalse astme&quot; ja salap\u00e4ra poolest gooti romaanide autorite metsikumaid fantaasiaid. M\u00f5nikord \u0161okeerivad, m\u00f5nikord tungivad \u00e4geda valuga ja tuletavad alati meelde, et iga\u00fcks meist on osa k\u00f5igi jaoks \u00fchisest ajaloost ja ka k\u00f5ige kaugemad s\u00fcndmused on inimesele palju l\u00e4hedasemad, kui arvata v\u00f5iks...<\/p>","protected":false},"excerpt":{"rendered":"<p>Autor: Anne Anseline Schutzenberger Tunnused: pehme k\u00f6ide, 254 lk. Me k\u00f5ik oleme p\u00f5lvkondade ahela l\u00fclid ja m\u00f5nikord me<\/p>","protected":false},"featured_media":5831,"comment_status":"open","ping_status":"open","template":"","meta":[],"product_brand":[],"product_cat":[58],"product_tag":[],"class_list":{"0":"post-5830","1":"product","2":"type-product","3":"status-publish","4":"has-post-thumbnail","6":"product_cat-psychological-literature","8":"first","9":"outofstock","10":"product-type-simple"},"_links":{"self":[{"href":"https:\/\/shercards.com\/et\/wp-json\/wp\/v2\/product\/5830","targetHints":{"allow":["GET"]}}],"collection":[{"href":"https:\/\/shercards.com\/et\/wp-json\/wp\/v2\/product"}],"about":[{"href":"https:\/\/shercards.com\/et\/wp-json\/wp\/v2\/types\/product"}],"replies":[{"embeddable":true,"href":"https:\/\/shercards.com\/et\/wp-json\/wp\/v2\/comments?post=5830"}],"wp:featuredmedia":[{"embeddable":true,"href":"https:\/\/shercards.com\/et\/wp-json\/wp\/v2\/media\/5831"}],"wp:attachment":[{"href":"https:\/\/shercards.com\/et\/wp-json\/wp\/v2\/media?parent=5830"}],"wp:term":[{"taxonomy":"product_brand","embeddable":true,"href":"https:\/\/shercards.com\/et\/wp-json\/wp\/v2\/product_brand?post=5830"},{"taxonomy":"product_cat","embeddable":true,"href":"https:\/\/shercards.com\/et\/wp-json\/wp\/v2\/product_cat?post=5830"},{"taxonomy":"product_tag","embeddable":true,"href":"https:\/\/shercards.com\/et\/wp-json\/wp\/v2\/product_tag?post=5830"}],"curies":[{"name":"wp","href":"https:\/\/api.w.org\/{rel}","templated":true}]}}