{"id":5834,"date":"2024-08-04T19:55:16","date_gmt":"2024-08-04T19:55:16","guid":{"rendered":"https:\/\/shercards.com\/index.php\/product\/techniques-of-modern-gestalt-therapy\/"},"modified":"2025-10-20T10:13:00","modified_gmt":"2025-10-20T10:13:00","slug":"techniques-of-modern-gestalt-therapy","status":"publish","type":"product","link":"https:\/\/shercards.com\/et\/toode\/techniques-of-modern-gestalt-therapy\/","title":{"rendered":"&quot;Kaasaegse gestaltteraapia tehnikad&quot;"},"content":{"rendered":"<p>Autorid: Leonid Tretjak, Aleksander Fedorov<\/p>\n<p> Tunnused: pehme k\u00f6ide, 62 lk<\/p>\n<p> Tehnikate valdamine on eriti oluline ravipraktika alguses; hiljem integreeritakse tehnilised elemendid terapeutilises suhtes tavalisse interaktsiooni mudelisse. Selles raamatus kogutud kaasaegse Gestalt-teraapia tehnikad on esitatud kolme p\u00f5hiploki kujul: supressiivsed, ekspressiivsed ja integreerivad tehnikad. Tehnikakirjeldusi illustreerivad terapeutiliste sekkumiste n\u00e4ited ning juhised harjutuste ja katsete l\u00e4biviimiseks.<br \/>Koolituskursuse \u201cGestaltteraapia teooria ja praktika\u201d metoodilisi materjale saab soovitada \u00fcli\u00f5pilastele ja alustavatele praktikutele gestaltteraapia, ps\u00fchhoteraapia ja ps\u00fchholoogilise n\u00f5ustamise valdkonnas. <\/br><\/br><\/p>","protected":false},"excerpt":{"rendered":"<p>Autorid: Leonid Tretyak, Alexander Fedorov Tunnused: pehme k\u00f6ide, 62 lk Tehnikate valdamine on eriti oluline ravipraktika alguses;<\/p>","protected":false},"featured_media":5835,"comment_status":"open","ping_status":"open","template":"","meta":[],"product_brand":[],"product_cat":[58],"product_tag":[],"class_list":{"0":"post-5834","1":"product","2":"type-product","3":"status-publish","4":"has-post-thumbnail","6":"product_cat-psychological-literature","8":"first","9":"outofstock","10":"product-type-simple"},"_links":{"self":[{"href":"https:\/\/shercards.com\/et\/wp-json\/wp\/v2\/product\/5834","targetHints":{"allow":["GET"]}}],"collection":[{"href":"https:\/\/shercards.com\/et\/wp-json\/wp\/v2\/product"}],"about":[{"href":"https:\/\/shercards.com\/et\/wp-json\/wp\/v2\/types\/product"}],"replies":[{"embeddable":true,"href":"https:\/\/shercards.com\/et\/wp-json\/wp\/v2\/comments?post=5834"}],"wp:featuredmedia":[{"embeddable":true,"href":"https:\/\/shercards.com\/et\/wp-json\/wp\/v2\/media\/5835"}],"wp:attachment":[{"href":"https:\/\/shercards.com\/et\/wp-json\/wp\/v2\/media?parent=5834"}],"wp:term":[{"taxonomy":"product_brand","embeddable":true,"href":"https:\/\/shercards.com\/et\/wp-json\/wp\/v2\/product_brand?post=5834"},{"taxonomy":"product_cat","embeddable":true,"href":"https:\/\/shercards.com\/et\/wp-json\/wp\/v2\/product_cat?post=5834"},{"taxonomy":"product_tag","embeddable":true,"href":"https:\/\/shercards.com\/et\/wp-json\/wp\/v2\/product_tag?post=5834"}],"curies":[{"name":"wp","href":"https:\/\/api.w.org\/{rel}","templated":true}]}}