{"id":5840,"date":"2024-08-04T19:55:16","date_gmt":"2024-08-04T19:55:16","guid":{"rendered":"https:\/\/shercards.com\/index.php\/product\/gestalt-self-therapy-new-techniques-for-personal-growth\/"},"modified":"2025-10-20T10:14:26","modified_gmt":"2025-10-20T10:14:26","slug":"gestalt-self-therapy-new-techniques-for-personal-growth","status":"publish","type":"product","link":"https:\/\/shercards.com\/et\/toode\/gestalt-self-therapy-new-techniques-for-personal-growth\/","title":{"rendered":"\u201cGestalt \u2013 eneseteraapia. Uued tehnikad isiklikuks kasvuks\u201d"},"content":{"rendered":"<p>Autor: Muriel Schiffman<\/p>\n<p> Omadused: pehme k\u00f6ide, 256 lk.<\/p>\n<p> See raamat on suurep\u00e4rane juhend, kuidas end igap\u00e4evaelu probleemsetes olukordades aidata. nbsp;Raamatu autor on A. Maslow ja F. Perlsi \u00f5pilane Muriel Shiffman. Ta esitleb raamatus eneseteraapia meetodit siira, elava ja optimistliku kirjeldusena sellest, kuidas reaalne inimene, kes perioodiliselt puutub kokku emotsionaalsete, somaatiliste, sotsiaalsete, eksistentsiaalsete ja muude p\u00e4riselu probleemidega, \u00f5pib neid lahendama, \u00f5ppides kogeb oma eba\u00f5nnestumisi, paraneb ja saab j\u00f5udu edasi.<br \/> <\/br><br \/>Raamat on m\u00f5eldud nii abistavate elukutsete spetsialistidele: ps\u00fchholoogidele, ps\u00fchhoterapeutidele jne \u2013 kui ka neile, kes soovivad ennast aidata. <\/br><\/br><\/p>","protected":false},"excerpt":{"rendered":"<p>Autor: Muriel Schiffman Omadused: pehme k\u00f6ide, 256 lk. See raamat on suurep\u00e4rane juhend, kuidas end probleemsetes olukordades aidata<\/p>","protected":false},"featured_media":5841,"comment_status":"open","ping_status":"open","template":"","meta":[],"product_brand":[],"product_cat":[58],"product_tag":[],"class_list":{"0":"post-5840","1":"product","2":"type-product","3":"status-publish","4":"has-post-thumbnail","6":"product_cat-psychological-literature","8":"first","9":"outofstock","10":"product-type-simple"},"_links":{"self":[{"href":"https:\/\/shercards.com\/et\/wp-json\/wp\/v2\/product\/5840","targetHints":{"allow":["GET"]}}],"collection":[{"href":"https:\/\/shercards.com\/et\/wp-json\/wp\/v2\/product"}],"about":[{"href":"https:\/\/shercards.com\/et\/wp-json\/wp\/v2\/types\/product"}],"replies":[{"embeddable":true,"href":"https:\/\/shercards.com\/et\/wp-json\/wp\/v2\/comments?post=5840"}],"wp:featuredmedia":[{"embeddable":true,"href":"https:\/\/shercards.com\/et\/wp-json\/wp\/v2\/media\/5841"}],"wp:attachment":[{"href":"https:\/\/shercards.com\/et\/wp-json\/wp\/v2\/media?parent=5840"}],"wp:term":[{"taxonomy":"product_brand","embeddable":true,"href":"https:\/\/shercards.com\/et\/wp-json\/wp\/v2\/product_brand?post=5840"},{"taxonomy":"product_cat","embeddable":true,"href":"https:\/\/shercards.com\/et\/wp-json\/wp\/v2\/product_cat?post=5840"},{"taxonomy":"product_tag","embeddable":true,"href":"https:\/\/shercards.com\/et\/wp-json\/wp\/v2\/product_tag?post=5840"}],"curies":[{"name":"wp","href":"https:\/\/api.w.org\/{rel}","templated":true}]}}