{"id":5843,"date":"2024-08-04T19:55:57","date_gmt":"2024-08-04T19:55:57","guid":{"rendered":"https:\/\/shercards.com\/index.php\/product\/trauma-and-psychological-help\/"},"modified":"2025-10-20T10:13:00","modified_gmt":"2025-10-20T10:13:00","slug":"trauma-and-psychological-help","status":"publish","type":"product","link":"https:\/\/shercards.com\/et\/toode\/trauma-and-psychological-help\/","title":{"rendered":"&quot;Trauma ja ps\u00fchholoogiline abi&quot;"},"content":{"rendered":"<p>Autorid: Sarjveladze N., Beberashvili Z., Javakhishvili D., Makhashvili N., Sarjveladze N.<\/p>\n<p> Tunnused: pehme k\u00f6ide, 182 lk.<\/p>\n<p> Arusaadavas vormis raamat toob v\u00e4lja vaimse trauma peamised ps\u00fchholoogilised p\u00f5hjused ja mehhanismid ning viisid, kuidas traumeeritud inimesi aidata. Raamat v\u00f5tab kokku autorite rikkalikud kogemused pagulaste ning sotsiaalsete ja etniliste konfliktide ohvrite ps\u00fchholoogilise abistamise valdkonnas.<br \/>Adresseeritud ps\u00fchholoogidele, teiste abistavate elukutsete esindajatele ja laiale publikule. <\/br><\/br><\/p>","protected":false},"excerpt":{"rendered":"<p>Autorid: Sarjveladze N., Beberashvili Z., Javakhishvili D., Makhashvili N., Sarjveladze N. Tunnused: pehme k\u00f6ide, 182 lk. Raamat ligip\u00e4\u00e4setavas<\/p>","protected":false},"featured_media":5844,"comment_status":"open","ping_status":"open","template":"","meta":[],"product_brand":[],"product_cat":[58],"product_tag":[],"class_list":{"0":"post-5843","1":"product","2":"type-product","3":"status-publish","4":"has-post-thumbnail","6":"product_cat-psychological-literature","8":"first","9":"outofstock","10":"product-type-simple"},"_links":{"self":[{"href":"https:\/\/shercards.com\/et\/wp-json\/wp\/v2\/product\/5843","targetHints":{"allow":["GET"]}}],"collection":[{"href":"https:\/\/shercards.com\/et\/wp-json\/wp\/v2\/product"}],"about":[{"href":"https:\/\/shercards.com\/et\/wp-json\/wp\/v2\/types\/product"}],"replies":[{"embeddable":true,"href":"https:\/\/shercards.com\/et\/wp-json\/wp\/v2\/comments?post=5843"}],"wp:featuredmedia":[{"embeddable":true,"href":"https:\/\/shercards.com\/et\/wp-json\/wp\/v2\/media\/5844"}],"wp:attachment":[{"href":"https:\/\/shercards.com\/et\/wp-json\/wp\/v2\/media?parent=5843"}],"wp:term":[{"taxonomy":"product_brand","embeddable":true,"href":"https:\/\/shercards.com\/et\/wp-json\/wp\/v2\/product_brand?post=5843"},{"taxonomy":"product_cat","embeddable":true,"href":"https:\/\/shercards.com\/et\/wp-json\/wp\/v2\/product_cat?post=5843"},{"taxonomy":"product_tag","embeddable":true,"href":"https:\/\/shercards.com\/et\/wp-json\/wp\/v2\/product_tag?post=5843"}],"curies":[{"name":"wp","href":"https:\/\/api.w.org\/{rel}","templated":true}]}}