{"id":5846,"date":"2024-08-04T19:55:57","date_gmt":"2024-08-04T19:55:57","guid":{"rendered":"https:\/\/shercards.com\/index.php\/product\/psychological-counseling-working-with-crisis-and-problematic-situations\/"},"modified":"2025-10-20T10:13:00","modified_gmt":"2025-10-20T10:13:00","slug":"psychological-counseling-working-with-crisis-and-problematic-situations","status":"publish","type":"product","link":"https:\/\/shercards.com\/et\/toode\/psychological-counseling-working-with-crisis-and-problematic-situations\/","title":{"rendered":"\u201cPs\u00fchholoogiline n\u00f5ustamine: t\u00f6\u00f6 kriisi- ja probleemsituatsioonidega\u201d"},"content":{"rendered":"<p>Autor: Viktor Menovskikov<\/p>\n<p> Tunnused: pehme k\u00f6ide, 191 lk.<br \/>\u00d5ppejuhendis k\u00e4sitletakse ps\u00fchholoogilise n\u00f5ustamise k\u00fcsimusi sotsiaalps\u00fchholoogilise (ps\u00fchholoogilis-pedagoogilise) abi keskustes, aga ka teistes asutustes ja ps\u00fchholoogiateenistustes. K\u00e4siraamat on m\u00f5eldud ps\u00fchholoogiateaduskonna \u00fcli\u00f5pilastele, praktilistele ps\u00fchholoogidele ja sotsiaalt\u00f6\u00f6 spetsialistidele.<\/p>","protected":false},"excerpt":{"rendered":"<p>Autor: Viktor Menov\u0161t\u0161ikov Tunnused: pehme k\u00f6ide, 191 lk. \u00d5ppek\u00e4siraamat k\u00e4sitleb ps\u00fchholoogilise n\u00f5ustamise k\u00fcsimusi sotsiaal-ps\u00fchholoogilistes (ps\u00fchholoogilis-pedagoogilistes) keskustes.<\/p>","protected":false},"featured_media":5847,"comment_status":"open","ping_status":"open","template":"","meta":[],"product_brand":[],"product_cat":[58],"product_tag":[],"class_list":{"0":"post-5846","1":"product","2":"type-product","3":"status-publish","4":"has-post-thumbnail","6":"product_cat-psychological-literature","8":"first","9":"outofstock","10":"product-type-simple"},"_links":{"self":[{"href":"https:\/\/shercards.com\/et\/wp-json\/wp\/v2\/product\/5846","targetHints":{"allow":["GET"]}}],"collection":[{"href":"https:\/\/shercards.com\/et\/wp-json\/wp\/v2\/product"}],"about":[{"href":"https:\/\/shercards.com\/et\/wp-json\/wp\/v2\/types\/product"}],"replies":[{"embeddable":true,"href":"https:\/\/shercards.com\/et\/wp-json\/wp\/v2\/comments?post=5846"}],"wp:featuredmedia":[{"embeddable":true,"href":"https:\/\/shercards.com\/et\/wp-json\/wp\/v2\/media\/5847"}],"wp:attachment":[{"href":"https:\/\/shercards.com\/et\/wp-json\/wp\/v2\/media?parent=5846"}],"wp:term":[{"taxonomy":"product_brand","embeddable":true,"href":"https:\/\/shercards.com\/et\/wp-json\/wp\/v2\/product_brand?post=5846"},{"taxonomy":"product_cat","embeddable":true,"href":"https:\/\/shercards.com\/et\/wp-json\/wp\/v2\/product_cat?post=5846"},{"taxonomy":"product_tag","embeddable":true,"href":"https:\/\/shercards.com\/et\/wp-json\/wp\/v2\/product_tag?post=5846"}],"curies":[{"name":"wp","href":"https:\/\/api.w.org\/{rel}","templated":true}]}}