{"id":5849,"date":"2024-08-04T19:55:57","date_gmt":"2024-08-04T19:55:57","guid":{"rendered":"https:\/\/shercards.com\/index.php\/product\/limited-impossibilities-how-to-live-in-this-world-if-you-are-not-like-everyone-else\/"},"modified":"2025-10-20T10:13:00","modified_gmt":"2025-10-20T10:13:00","slug":"limited-impossibilities-how-to-live-in-this-world-if-you-are-not-like-everyone-else","status":"publish","type":"product","link":"https:\/\/shercards.com\/et\/toode\/limited-impossibilities-how-to-live-in-this-world-if-you-are-not-like-everyone-else\/","title":{"rendered":"&quot;Piiratud v\u00f5imalused. Kuidas elada selles maailmas, kui sa pole nagu k\u00f5ik teised?"},"content":{"rendered":"<p>Autor: Irina Mlodik<\/p>\n<p> Tunnused: k\u00f5va k\u00f6ide, 272 lk.<\/p>\n<p> Pole kahte \u00fchesugust inimest. Sellegipoolest ei meeldi s\u00f5nad: &quot;Teie laps ei ole nagu k\u00f5ik teised&quot; igale vanemale. Kuidas elada selliste lastega vanematele, kuidas elada lastele endile, kuidas nendega suhelda neile, kes nendega seltskonnas v\u00f5i t\u00e4naval vastu tulevad. Nende probleemidega tegeleb tuntud pereps\u00fchholoog. <br \/> <\/br><br \/>Irina Mlodik p\u00fchendas oma raamatu esimese osa. Kuid iga\u00fcks meist v\u00f5ib saada eriliseks. Isegi kui esialgu kellegi omap\u00e4ra meid ei puuduta, v\u00f5ib elu iga hetk muutuda. Raamatu teine osa on romaan erilistest inimestest, sellest, et me k\u00f5ik oleme erinevad, erinevalt \u00fcksteisest. Ja keegi ei taha tegelikult olla \u00fcmber tehtud, vaid tahab olla ja j\u00e4\u00e4da iseendaks. <\/br><\/br><\/p>","protected":false},"excerpt":{"rendered":"<p>Autor: Irina Mlodik Tunnused: k\u00f5va k\u00f6ide, 272 lk. Pole kahte \u00fchesugust inimest. Sellegipoolest k\u00f5lavad s\u00f5nad: \u201eTeie laps ei ole<\/p>","protected":false},"featured_media":5850,"comment_status":"open","ping_status":"open","template":"","meta":[],"product_brand":[],"product_cat":[58],"product_tag":[],"class_list":{"0":"post-5849","1":"product","2":"type-product","3":"status-publish","4":"has-post-thumbnail","6":"product_cat-psychological-literature","8":"first","9":"outofstock","10":"product-type-simple"},"_links":{"self":[{"href":"https:\/\/shercards.com\/et\/wp-json\/wp\/v2\/product\/5849","targetHints":{"allow":["GET"]}}],"collection":[{"href":"https:\/\/shercards.com\/et\/wp-json\/wp\/v2\/product"}],"about":[{"href":"https:\/\/shercards.com\/et\/wp-json\/wp\/v2\/types\/product"}],"replies":[{"embeddable":true,"href":"https:\/\/shercards.com\/et\/wp-json\/wp\/v2\/comments?post=5849"}],"wp:featuredmedia":[{"embeddable":true,"href":"https:\/\/shercards.com\/et\/wp-json\/wp\/v2\/media\/5850"}],"wp:attachment":[{"href":"https:\/\/shercards.com\/et\/wp-json\/wp\/v2\/media?parent=5849"}],"wp:term":[{"taxonomy":"product_brand","embeddable":true,"href":"https:\/\/shercards.com\/et\/wp-json\/wp\/v2\/product_brand?post=5849"},{"taxonomy":"product_cat","embeddable":true,"href":"https:\/\/shercards.com\/et\/wp-json\/wp\/v2\/product_cat?post=5849"},{"taxonomy":"product_tag","embeddable":true,"href":"https:\/\/shercards.com\/et\/wp-json\/wp\/v2\/product_tag?post=5849"}],"curies":[{"name":"wp","href":"https:\/\/api.w.org\/{rel}","templated":true}]}}