{"id":5852,"date":"2024-08-04T19:55:57","date_gmt":"2024-08-04T19:55:57","guid":{"rendered":"https:\/\/shercards.com\/index.php\/product\/psychotechnics-of-inner-freedom\/"},"modified":"2025-10-20T10:13:00","modified_gmt":"2025-10-20T10:13:00","slug":"psychotechnics-of-inner-freedom","status":"publish","type":"product","link":"https:\/\/shercards.com\/et\/toode\/psychotechnics-of-inner-freedom\/","title":{"rendered":"&quot;Sisemise vabaduse ps\u00fchhotehnika&quot;"},"content":{"rendered":"<p>Autor: Mihhail Papush<br \/> Tunnused: k\u00f5va k\u00f6ide, 415 lk<\/p>\n<p> Ps\u00fchhotehnika on ps\u00fc\u00fchika ravimise kunst. Sisemise vabaduse saavutamise tehnikad ja meetodid, millele raamat on p\u00fchendatud, on siin \u00fcmbritsetud ideedega maailmast, kus need tehnikad on kohased ja viljakad. R\u00e4\u00e4gime sisemise vabaduse saamise v\u00f5imalustest \u00fchiskonnas, isiklikes suhetes ja iseendas. Kaalutakse ka v\u00f5imalusi t\u00f6\u00f6tada meie vabadust takistavate \u201cneurootiliste mehhanismidega\u201d (peamiselt introjektsioon ja sulandumine).<br \/>\u00dclikoolide ps\u00fchholoogiliste erialade \u00fcli\u00f5pilastele ja \u00f5ppej\u00f5ududele, ps\u00fchhoteraapia ja ps\u00fchholoogilise n\u00f5ustamise valdkonna professionaalidele ning ka k\u00f5igile selle teema vastu huvilistele. <\/br><\/p>","protected":false},"excerpt":{"rendered":"<p>Autor: Mihhail Papush Tunnused: k\u00f5va k\u00f6ide, 415 lk Ps\u00fchhotehnika on ps\u00fc\u00fchika ravimise kunst. Tehnikad ja meetodid<\/p>","protected":false},"featured_media":5853,"comment_status":"open","ping_status":"open","template":"","meta":[],"product_brand":[],"product_cat":[58],"product_tag":[],"class_list":{"0":"post-5852","1":"product","2":"type-product","3":"status-publish","4":"has-post-thumbnail","6":"product_cat-psychological-literature","8":"first","9":"outofstock","10":"product-type-simple"},"_links":{"self":[{"href":"https:\/\/shercards.com\/et\/wp-json\/wp\/v2\/product\/5852","targetHints":{"allow":["GET"]}}],"collection":[{"href":"https:\/\/shercards.com\/et\/wp-json\/wp\/v2\/product"}],"about":[{"href":"https:\/\/shercards.com\/et\/wp-json\/wp\/v2\/types\/product"}],"replies":[{"embeddable":true,"href":"https:\/\/shercards.com\/et\/wp-json\/wp\/v2\/comments?post=5852"}],"wp:featuredmedia":[{"embeddable":true,"href":"https:\/\/shercards.com\/et\/wp-json\/wp\/v2\/media\/5853"}],"wp:attachment":[{"href":"https:\/\/shercards.com\/et\/wp-json\/wp\/v2\/media?parent=5852"}],"wp:term":[{"taxonomy":"product_brand","embeddable":true,"href":"https:\/\/shercards.com\/et\/wp-json\/wp\/v2\/product_brand?post=5852"},{"taxonomy":"product_cat","embeddable":true,"href":"https:\/\/shercards.com\/et\/wp-json\/wp\/v2\/product_cat?post=5852"},{"taxonomy":"product_tag","embeddable":true,"href":"https:\/\/shercards.com\/et\/wp-json\/wp\/v2\/product_tag?post=5852"}],"curies":[{"name":"wp","href":"https:\/\/api.w.org\/{rel}","templated":true}]}}