{"id":5855,"date":"2024-08-04T19:55:57","date_gmt":"2024-08-04T19:55:57","guid":{"rendered":"https:\/\/shercards.com\/index.php\/product\/man-and-his-symbols\/"},"modified":"2025-10-20T10:13:00","modified_gmt":"2025-10-20T10:13:00","slug":"man-and-his-symbols","status":"publish","type":"product","link":"https:\/\/shercards.com\/et\/toode\/man-and-his-symbols\/","title":{"rendered":"&quot;Inimene ja tema s\u00fcmbolid&quot;"},"content":{"rendered":"<p>Autor: Carl Gustav Jung<\/p>\n<p> Tunnused: k\u00f5va k\u00f6ide, 404 lk.<br \/>Kavandatav raamat on kuulsa ps\u00fchhoanal\u00fc\u00fctiku viimane elut\u00f6\u00f6, aga ka tema teooria ainus populaarne esitlus, mis on adresseeritud k\u00f5ige laiemale lugejaskonnale. Jungi &quot;anal\u00fc\u00fctilise ps\u00fchholoogia&quot; meetodit kasutades demonstreerivad tema l\u00e4himad kaaslased ja \u00f5pilased selgelt alateadvuse, s\u00fcmbolite kaudu vahendatud, m\u00f5ju iidsetele m\u00fc\u00fctidele ja kaasaegsele kunstile, teadusuuringutele ja inimelule imikueast vanaduseni.<\/p>","protected":false},"excerpt":{"rendered":"<p>Autor: Carl Gustav Jung Tunnused: k\u00f5va k\u00f6ide, 404 lk. Kavandatav raamat on kuulsa ps\u00fchhoanal\u00fc\u00fctiku viimane elut\u00f6\u00f6.<\/p>","protected":false},"featured_media":5856,"comment_status":"open","ping_status":"open","template":"","meta":[],"product_brand":[],"product_cat":[58],"product_tag":[],"class_list":{"0":"post-5855","1":"product","2":"type-product","3":"status-publish","4":"has-post-thumbnail","6":"product_cat-psychological-literature","8":"first","9":"outofstock","10":"product-type-simple"},"_links":{"self":[{"href":"https:\/\/shercards.com\/et\/wp-json\/wp\/v2\/product\/5855","targetHints":{"allow":["GET"]}}],"collection":[{"href":"https:\/\/shercards.com\/et\/wp-json\/wp\/v2\/product"}],"about":[{"href":"https:\/\/shercards.com\/et\/wp-json\/wp\/v2\/types\/product"}],"replies":[{"embeddable":true,"href":"https:\/\/shercards.com\/et\/wp-json\/wp\/v2\/comments?post=5855"}],"wp:featuredmedia":[{"embeddable":true,"href":"https:\/\/shercards.com\/et\/wp-json\/wp\/v2\/media\/5856"}],"wp:attachment":[{"href":"https:\/\/shercards.com\/et\/wp-json\/wp\/v2\/media?parent=5855"}],"wp:term":[{"taxonomy":"product_brand","embeddable":true,"href":"https:\/\/shercards.com\/et\/wp-json\/wp\/v2\/product_brand?post=5855"},{"taxonomy":"product_cat","embeddable":true,"href":"https:\/\/shercards.com\/et\/wp-json\/wp\/v2\/product_cat?post=5855"},{"taxonomy":"product_tag","embeddable":true,"href":"https:\/\/shercards.com\/et\/wp-json\/wp\/v2\/product_tag?post=5855"}],"curies":[{"name":"wp","href":"https:\/\/api.w.org\/{rel}","templated":true}]}}