{"id":639,"date":"2024-08-04T11:53:25","date_gmt":"2024-08-04T11:53:25","guid":{"rendered":"https:\/\/shercards.com\/index.php\/product\/metaphorical-association-cards-inuk-inuk\/"},"modified":"2025-10-20T10:45:33","modified_gmt":"2025-10-20T10:45:33","slug":"metaphorical-association-cards-inuk-inuk","status":"publish","type":"product","link":"https:\/\/shercards.com\/et\/toode\/metaphorical-association-cards-inuk-inuk\/","title":{"rendered":"Metafoorsed assotsiatsioonikaardid \u201cINUK\u201d (Inuk)"},"content":{"rendered":"<p>&#8220;<strong>Inuk<\/strong>Gr\u00f6\u00f6ni keelest t\u00f5lgituna t\u00e4hendab &quot;<strong>mees<\/strong>&#8220;.<br \/><strong>Sisu:<\/strong><br \/> 1) 88 \u00fcmmargust kaarti<br \/> 2) 10 kaarti v\u00e4ljal\u00f5igetega teemal &quot;kes ma olen&quot; (siluett l\u00f5igake ise v\u00e4lja)<br \/>INUK kaardid on m\u00e4ngus kaaslaseks eksistentsiaalsete k\u00fcsimustega: \u201cKes ma olen?\u201d, \u201cMis teeb minust selle, kes ma olen?\u201d.&lt;br&gt;Iga \u00fcmmargune 88 mm l\u00e4bim\u00f5\u00f5duga kaart on metafoorne pilt olukorrast, kuhu iga\u00fcks meist v\u00f5ib sattuda. M\u00e4ngijad t\u00f5lgendavad pilte, omistades piltidele tundeid, meeleolusid ja tegevusi. Nii saavad neist osalised kaartidel kujutatud stseenides. Samal ajal saavad nad aimu oma praegusest sisemisest seisundist.<br \/>Kunstnik Bai Yilin on oma 88 eneseleidmise ja enesem\u00e4\u00e4ramise teemalise maaliga rikastanud O-kaardi \u017eanri. 10 v\u00e4ljal\u00f5ikega kaarti t\u00f6\u00f6tavad nagu aknad, v\u00f5tmeaugud v\u00f5i luubid, et t\u00e4iustada ja m\u00f5jutada meie vaatenurka. \u00dcks INUK-kaart v\u00f5ib teid \u00fcllatada, kui asetate selle O-kaartide s\u00f5nale.<br \/><strong>Valmistatud Saksamaal<\/strong><br \/>MACards on OH Verlagi (Saksamaa) ametlik esindaja Venemaal.<\/p>","protected":false},"excerpt":{"rendered":"<p>&quot;Inuk&quot; t\u00e4hendab Gr\u00f6\u00f6ni keelest t\u00f5lgituna &quot;mees&quot;. Sisu: 1) 88 \u00fcmmargust kaarti 2) 10 kaarti v\u00e4ljal\u00f5igetega teemal &quot;kes<\/p>","protected":false},"featured_media":640,"comment_status":"open","ping_status":"open","template":"","meta":[],"product_brand":[],"product_cat":[27],"product_tag":[],"class_list":{"0":"post-639","1":"product","2":"type-product","3":"status-publish","4":"has-post-thumbnail","6":"product_cat-universal","8":"first","9":"outofstock","10":"product-type-simple"},"_links":{"self":[{"href":"https:\/\/shercards.com\/et\/wp-json\/wp\/v2\/product\/639","targetHints":{"allow":["GET"]}}],"collection":[{"href":"https:\/\/shercards.com\/et\/wp-json\/wp\/v2\/product"}],"about":[{"href":"https:\/\/shercards.com\/et\/wp-json\/wp\/v2\/types\/product"}],"replies":[{"embeddable":true,"href":"https:\/\/shercards.com\/et\/wp-json\/wp\/v2\/comments?post=639"}],"wp:featuredmedia":[{"embeddable":true,"href":"https:\/\/shercards.com\/et\/wp-json\/wp\/v2\/media\/640"}],"wp:attachment":[{"href":"https:\/\/shercards.com\/et\/wp-json\/wp\/v2\/media?parent=639"}],"wp:term":[{"taxonomy":"product_brand","embeddable":true,"href":"https:\/\/shercards.com\/et\/wp-json\/wp\/v2\/product_brand?post=639"},{"taxonomy":"product_cat","embeddable":true,"href":"https:\/\/shercards.com\/et\/wp-json\/wp\/v2\/product_cat?post=639"},{"taxonomy":"product_tag","embeddable":true,"href":"https:\/\/shercards.com\/et\/wp-json\/wp\/v2\/product_tag?post=639"}],"curies":[{"name":"wp","href":"https:\/\/api.w.org\/{rel}","templated":true}]}}