{"id":65,"date":"2024-08-04T10:58:06","date_gmt":"2024-08-04T10:58:06","guid":{"rendered":"https:\/\/shercards.com\/index.php\/product\/metaphorical-cards-merlin-messages-and-insights\/"},"modified":"2025-10-20T10:48:20","modified_gmt":"2025-10-20T10:48:20","slug":"metaphorical-cards-merlin-messages-and-insights","status":"publish","type":"product","link":"https:\/\/shercards.com\/et\/toode\/metaphorical-cards-merlin-messages-and-insights\/","title":{"rendered":"Metafoorsed kaardid \u201cMerlin. S\u00f5numid ja arusaamad\u201d"},"content":{"rendered":"<p><strong>Teki ainus ametlik litsentsitud v\u00e4ljaanne Venemaal.<\/strong><br \/><strong>Uus v\u00e4ljaanne!<\/strong><br \/><strong>Autor:<\/strong> Itsik \u0160mulevit\u0161<br \/> Kirjastaja: MACards<br ><strong>Sisaldab:<\/strong> <\/p>\n<ul>\n<li>kaardid 78 tk;<\/li>\n<li>juhend (11 lehek\u00fclge)<\/li>\n<li>kast;<\/li>\n<\/ul>\n<p> 78 v\u00e4rvilist kaarti. Kaardid \u201cMerlin. S\u00f5numid ja arusaamad\u201d \u2013 aitab meil saada \u00fchendust oma sisemise \u00d5petajaga, tarkuse allikaga, kes teab, kuidas \u00fcletada takistusi meie Eluteel ja tuletab meile meelde, kes me tegelikult oleme. Iga joonistusega kaasneb fraas, mis on m\u00f5eldud meie teed valgustama. Merlin tuletab meelde, et ime on meist iga\u00fche sisemine valik.<br \/> <strong><br \/> Harjutus &quot;Trepp edu majja&quot;<br \/> <\/br><\/br><\/strong>Kujutage ette, et seal on maja, mis t\u00e4histab teie edu. Kujutage ette, milline see on, kuidas see on paigutatud seest ja v\u00e4ljast, kus see seisab, kuidas te end selles majas tunnete. Oletame, et selle maja juurde viib trepp, mis koosneb 3 astmest. V\u00f5tke MAC kaardipakist v\u00e4lja 3 kaarti pildiga \u00fclespoole (pilt \u00fcleval) \u201cMerlin. S\u00f5numid ja \u00fclevaated\u201d, mis s\u00fcmboliseerib neid 3 sammu \u2013 3 sammu teie eduni.<br \/>Uurige hoolikalt iga kaarti. Vasta k\u00fcsimustele: <\/p>\n<ul>\n<li>Kus ma n\u00fc\u00fcd olen?<\/li>\n<li>Millised minu omadused aitavad mind minu teel?<\/li>\n<li>Kuidas ma end igal etapil tunnen\/tunnen? ?<\/li>\n<li>Mida ma pean j\u00e4rgmiseks sammuks tegema?<\/li>\n<\/ul>\n<p> Seda harjutust saab kasutada mis tahes eluvaldkonna uurimiseks. Saate \u201cehitada\u201d karj\u00e4\u00e4rimaja, s\u00f5prusmaja, suhete maja, ressursside maja jne.<br \/><strong>Harjutus &quot;Elusituatsioon ja uus reaktsioon sellele&quot;<br \/> <\/br><\/strong>M\u00f5elge elus korduvatele olukordadele, kus tunnete end ebamugavalt. M\u00f5elge inimesele, kellega teil on konkreetses olukorras raske suhelda. <\/p>\n<ul>\n<li>Mis m\u00f5tted p\u00e4he tulevad, millised tunded tekivad?<\/li>\n<li>Milliseid automaatseid reaktsioone te sellistes olukordades m\u00e4rkate?<\/li>\n<li>Millist suhtlusstiili kasutate?<\/li> <\/ul>\n<p> MAC tekilt \u201cMerlin. S\u00f5numid ja arusaamad\u201d v\u00f5ta v\u00e4lja 3 kaarti, mis aitavad sul olukorrale v\u00e4rske pilgu heita ja valida enda jaoks sellele teistsuguse, uut t\u00fc\u00fcpi vastuse.<br \/> <\/br><\/p>","protected":false},"excerpt":{"rendered":"<p>Teki ainus ametlik litsentsitud v\u00e4ljaanne Venemaal.Uus v\u00e4ljaanne!Autor: Itsik Shmulevich V\u00e4ljaandja: MACards Sisaldab: kaarte 78 tk; juhiste raamat<\/p>","protected":false},"featured_media":66,"comment_status":"open","ping_status":"open","template":"","meta":[],"product_brand":[],"product_cat":[26],"product_tag":[],"class_list":{"0":"post-65","1":"product","2":"type-product","3":"status-publish","4":"has-post-thumbnail","6":"product_cat-resources","8":"first","9":"outofstock","10":"purchasable","11":"product-type-simple"},"_links":{"self":[{"href":"https:\/\/shercards.com\/et\/wp-json\/wp\/v2\/product\/65","targetHints":{"allow":["GET"]}}],"collection":[{"href":"https:\/\/shercards.com\/et\/wp-json\/wp\/v2\/product"}],"about":[{"href":"https:\/\/shercards.com\/et\/wp-json\/wp\/v2\/types\/product"}],"replies":[{"embeddable":true,"href":"https:\/\/shercards.com\/et\/wp-json\/wp\/v2\/comments?post=65"}],"wp:featuredmedia":[{"embeddable":true,"href":"https:\/\/shercards.com\/et\/wp-json\/wp\/v2\/media\/66"}],"wp:attachment":[{"href":"https:\/\/shercards.com\/et\/wp-json\/wp\/v2\/media?parent=65"}],"wp:term":[{"taxonomy":"product_brand","embeddable":true,"href":"https:\/\/shercards.com\/et\/wp-json\/wp\/v2\/product_brand?post=65"},{"taxonomy":"product_cat","embeddable":true,"href":"https:\/\/shercards.com\/et\/wp-json\/wp\/v2\/product_cat?post=65"},{"taxonomy":"product_tag","embeddable":true,"href":"https:\/\/shercards.com\/et\/wp-json\/wp\/v2\/product_tag?post=65"}],"curies":[{"name":"wp","href":"https:\/\/api.w.org\/{rel}","templated":true}]}}