{"id":823,"date":"2024-08-04T12:14:02","date_gmt":"2024-08-04T12:14:02","guid":{"rendered":"https:\/\/shercards.com\/index.php\/product\/metaphorical-associative-cards-in-the-stream-of-abundance\/"},"modified":"2025-10-20T10:44:50","modified_gmt":"2025-10-20T10:44:50","slug":"metaphorical-associative-cards-in-the-stream-of-abundance","status":"publish","type":"product","link":"https:\/\/shercards.com\/et\/toode\/metaphorical-associative-cards-in-the-stream-of-abundance\/","title":{"rendered":"Metafoorsed assotsiatiivsed kaardid &quot;K\u00fclluse voolus&quot;"},"content":{"rendered":"<p>Kirjastaja: mak-vorgul<\/p>\n<p> MAC-kategooria: piiravate uskumuste, negatiivsete hoiakute, ressursiseisundite, s\u00fc\u017eee + tekstiga t\u00f6\u00f6tamine<\/p>\n<p> Idee, illustratsioonide visandite, jooniste visandite ja tekstinippide autor on ps\u00fchholoog Tatjana Vorgul. <\/p>\n<p> Kunstnik - Jelena Sufyanova<\/p>\n<p> Pakendi autor \u2013 Ayoka Sergazina<\/p>\n<p> Sisu:<\/p>\n<li>42 piltidega kaarti (suurus: 70\u00d7100 mm), mis on suunatud n\u00e4gema ja lahti m\u00f5testama metafoori, mida alateadvus assotsiatsioonipildi kujul v\u00e4lja annab.<\/li>\n<li>38 kaarti verbaalsete n\u00e4pun\u00e4idetega piiravate uskumuste ja hoiakute tuvastamiseks<\/li>\n<li>Juhised<\/li>\n<li >Hoiustamiseks tihe kaanega karp<\/li>\n<p> <\/br><br \/> Metafoorilised kaardid \u201cK\u00fclluse voolus\u201d on loodud t\u00f6\u00f6tama l\u00e4bi negatiivsete kogemuste ja piiravate uskumuste, mis blokeerivad k\u00fclluse voolu, rikkudes tasakaalu seoses Raha, enda soovide ja v\u00f5imalustega. <br \/>Komplekt koosneb piltidest, mis aitavad sul sukelduda allasurutud ja traumeerivate kogemuste s\u00fcgavustesse, mille l\u00e4bi t\u00f6\u00f6tades saab iga\u00fcks v\u00f5imaluse muuta ja transformeerida blokeerivaid hoiakuid, \u00fchendudes K\u00fcllusevoo ressurssidega.<\/p>\n<p> Tekiga saate t\u00f6\u00f6tada nii individuaalselt kui ka r\u00fchman\u00f5ustamisel. Seda saab kasutada ka transformatsioonim\u00e4ngude lisandina. MAC-e &quot;In the Stream of Abundance&quot; saab kasutada kas eraldi v\u00f5i koos teiste &quot;In the Stream&quot; seeria tekkidega. Seda komplekti saab kasutada enesediagnostikaks. S\u00fcgavamaks uurimiseks, kui probleemi juured peituvad s\u00fcgaval, on parem kasutada spetsialisti abi.<\/p>\n<p> Kelle jaoks? Ps\u00fchholoogidele, erinevate suundade ps\u00fchhoterapeutidele, treeneritele, \u00f5petajatele, abistavate elukutsete spetsialistidele, k\u00f5igile enesearengu ja enesetundmise huvilistele.<\/p>\n<p> IAC-d &quot;K\u00fclluse voos&quot; saab kasutada j\u00e4rgmistes valdkondades: <\/p>\n<ul> <\/p>\n<li>Kogemuste, rahaliste kahjudega seotud kriisitingimustega t\u00f6\u00f6tamine; enese v\u00e4\u00e4rtusetuse tunne, suutmatus omada inimv\u00e4\u00e4rset elatustaset, v\u00e4\u00e4rusustused v\u00e4\u00e4rtuste ja enesev\u00e4\u00e4rtuse kohta, eesm\u00e4rkide seadmine.<\/li>\n<li>Erinevate tasandite plokid rahasf\u00e4\u00e4ris;<\/li>\n<li>K\u00fcllusevoo, rahavooga seotud hirmude ja foobiate uurimine ja nendest vabanemine;<\/li>\n<li>Need aitavad tuvastada elustsenaariumide ja k\u00e4itumismustrite negatiivseid programme, n\u00e4ha ja &quot;sisse l\u00fclitada&quot; ressursi olekuid, muutes rahahirmu \u00fcldprogramme (see v\u00f5etakse \u00e4ra, v\u00f5\u00f5randatakse, kaotate jne.) .<\/li>\n<p> <\/br><\/ul>\n<p> Tehnika nr 1. \u201cMina ja k\u00fclluse kuvand\u201d.<\/p>\n<p> Eesm\u00e4rk: t\u00f6\u00f6 negatiivsete hoiakute, traumeerivate kogemustega, ressursside otsimine.<\/p>\n<li>Kas soovite uurida korduvat olukorda? Kas m\u00f5istate rahaasjades halva \u00f5nne varjatud p\u00f5hjuseid? M\u00f5elge m\u00f5nele ebameeldivale korduvale minevikus\u00fcndmusele, millega tahaksite koost\u00f6\u00f6d teha. N\u00e4iteks suure summa kaotamine v\u00f5i lootuste kokkuvarisemine, tulusa tehingu eba\u00f5nnestumine. Valige kaart, mis esindab teid, ja 1-3 kaarti, mis kajastavad seda traumeerivat olukorda.<\/li>\n<li>Asetage need v\u00e4lja nii, nagu nad peaksid valetama, teie k\u00e4si tunneb seda. Vaadake, mis on kaartidel n\u00e4idatud. Kuidas on see teie olukorraga seotud? Mida sa tunned, kui vaatad pilti ja r\u00e4\u00e4gid oma kogemusest? Milline n\u00e4itaja on korduva s\u00fcndmuse puhul k\u00f5ige olulisem? Kus on k\u00fclluse kuvand Sinu suhtes? Kelle figuur on pikem? Kuidas K\u00fclluse figuur Sinusse suhtub? Kuidas sa end K\u00fclluse figuuri suhtes tunned? Pidage meeles neid tundeid.<\/li>\n<li>Kujutage ette, et teie figuur on peamine. Mida sa k\u00f5igepealt teed? Kuidas reageerivad teised tegelased? Kas teie figuur on mugav? Mis tunde see k\u00fcllus tekitab? Mida on vaja teha, et tunneksite end K\u00fclluse figuuri k\u00f5rval mugavalt? Mida tuleb teha, et k\u00fcllus oleks mugav (huvitav sinu \u00fcmber). V\u00f5id kirja panna konkreetsed sammud ja tegevused, et hiljem koostada plaan kriisiolukorrast v\u00e4ljumiseks. V\u00f5i v\u00f5ite j\u00e4tta k\u00f5ik lihtsalt tunnete tasandile.<\/li>\n<li>Harjutuse l\u00f5pus on soovitatav t\u00f5mmata OT 1-2 kaardid pakist \u201cEsivanemate stsenaariumite voos\u201d, sellest osast, kus on kujutatud totemloomi. K\u00fcsige, millisel vaimuloomal on teie jaoks vajalikud ressursid? Esitage k\u00fcsimus: \u201eKuidas saab vaimloom mind selles kogemuses toetada? Millised selle looma ressursid aitavad neid traumeerivaid kogemusi \u00fcletada ja muuta negatiivsed kogemused leidlikuks olekuks? Uurige looma hoolikalt ja kujutage ette, et teil JUBA on tema k\u00e4sutuses olevad ressursid. Laske endal olukorda muuta nii, nagu soovite. Palju \u00f5nne! Totemloomaga t\u00f6\u00f6tamise saate asendada mis tahes saadaoleva ressursipaketiga.<\/li>\n<p> <\/br><br \/> Tehnika nr 2. &quot;Sisemiste piirangutega t\u00f6\u00f6tamine.&quot;<\/p>\n<li>T\u00f6\u00f6tame teki tekstiosaga. M\u00f5elge oma soovidele, eesm\u00e4rkidele, projektidele, mida soovite ellu viia. Looge kavatsus m\u00f5ista ja toime tulla piiravate uskumustega, mis takistavad teil luua, saavutada, rakendada.<\/li>\n<li>V\u00f5tke v\u00e4lja \u00fcks OT-kaart.<\/li>\n<li>Vaata, milline v\u00e4ide on \u00fcleval. Vastake k\u00fcsimustele: \u2022 Miks arvate, et saite selle konkreetse avalduse ja just seoses teie taotlusega? \u2022 Mis on selles v\u00e4ites t\u00f5si ja mis mitte? \u2022 Kas see on alati t\u00f5si? \u2022 Millistes olukordades v\u00f5ib see t\u00f5si olla ja millistes mitte? \u2022 Hinnake oma suhtumist sellesse v\u00e4itesse, kasutades \u201ckuum-k\u00fclm\u201d p\u00f5him\u00f5tet. Kas \u00fctlus &quot;s\u00fc\u00fctab&quot; sind v\u00f5i &quot;k\u00fclmutab&quot;? Kui kaua see p\u00f5leb? Kui kaua see k\u00fclmub? \u2022 Kuidas see teie v\u00f5imalusi piirab? Millised konkreetsed v\u00f5imalused on teie jaoks piiratud\/blokeeritud? \u2022 Kuidas see teid kaitseb? Mille eest see kaitseb?<\/li>\n<p> <\/br><br \/> Kasutada saab tehnikas nr 3 kirjeldatud \u201cTermomeetri\u201d abi.<\/p>\n<p> Tehnika nr 3 \u201cTermomeeter\u201d.<br \/> Eesm\u00e4rk on uurida kehalisi ilminguid negatiivseid ja positiivseid kogemusi ning emotsionaalse vastuse saamist keha tasandil.<\/p>\n<p> Pakis on termomeetri kujutisega kaart, kus skaalal on v\u00e4\u00e4rtused \u2013 10 kuni + 10, kus \u2013 10 on maksimaalne negatiivne reaktsioon ja +10 maksimaalne positiivne reaktsioon, suhtumine, manifestatsioon.<\/p>\n<li>Sulgege silmad, asetage s\u00f5rm kaardil n\u00e4idatud termomeetrile, liigutage s\u00f5rm seda m\u00f6\u00f6da. Tunneta, kui palju see v\u00e4ide Sind, Sinu alateadvust ja Sinu k\u00e4itumist m\u00f5jutab.<\/li>\n<li>Vastake samadele k\u00fcsimustele teise v\u00e4ite kohta.<\/li>\n<li>V\u00f5rrelge m\u00f5lemat v\u00e4idet ja vastake k\u00fcsimustele: \u2022 Milline? v\u00e4ited on t\u00f5esed ja mis on valed? V\u00f5i on m\u00f5lemad valed? \u2022 Millist v\u00e4idet sa tahaksid uskuda, kuid kardad petta saada? Miks? \u2022 Millisest usust ei saa sa loobuda? Miks? \u2022 Mis on vastuolu nende v\u00e4idete vahel? \u2022 Kuidas peaks v\u00e4ide ideaalis k\u00f5lama: et piirangud kaoksid ja kaitse s\u00e4iliks? Leidke ja kirjutage \u00fcles parim variant \u2022 Mis ressurss teil puudub, et saaksite seda uut uskumust aktsepteerida?<\/li>\n<li>Kirjutage \u00fcles k\u00f5ik j\u00e4reldused ja teadmised, mis te selle harjutuse tulemusena saite.<\/li>\n<li>Kirjutage \u00fcles 3 toimingut, mida oma probleemi lahendamiseks k\u00f5igepealt teete<\/li>\n<li>Alustage oma otsuste elluviimist! Soovime teile edu sellel teel! Tekk \u201cEsivanemate stsenaariumite voos\u201d \u2013 Sinu totemloom \u2013 aitab sind sisemiste ressurssidena. Kasutada saab ka teki \u201cTunnete voos\u201d joonistamise osa.<\/li>\n<p> <\/br><br \/> Juhistest leiate rohkem harjutusi ja tehnikaid Streamis MAC-iga t\u00f6\u00f6tamiseks. <\/br><\/p>","protected":false},"excerpt":{"rendered":"<p>Kirjastaja: mak-vorgul MAC kategooria: t\u00f6\u00f6 piiravate uskumuste, negatiivsete hoiakute, ressursiseisunditega, s\u00fc\u017eee + tekst Idee autor,<\/p>","protected":false},"featured_media":824,"comment_status":"open","ping_status":"open","template":"","meta":[],"product_brand":[],"product_cat":[31],"product_tag":[],"class_list":{"0":"post-823","1":"product","2":"type-product","3":"status-publish","4":"has-post-thumbnail","6":"product_cat-money-business-professions","8":"first","9":"outofstock","10":"purchasable","11":"product-type-simple"},"_links":{"self":[{"href":"https:\/\/shercards.com\/et\/wp-json\/wp\/v2\/product\/823","targetHints":{"allow":["GET"]}}],"collection":[{"href":"https:\/\/shercards.com\/et\/wp-json\/wp\/v2\/product"}],"about":[{"href":"https:\/\/shercards.com\/et\/wp-json\/wp\/v2\/types\/product"}],"replies":[{"embeddable":true,"href":"https:\/\/shercards.com\/et\/wp-json\/wp\/v2\/comments?post=823"}],"wp:featuredmedia":[{"embeddable":true,"href":"https:\/\/shercards.com\/et\/wp-json\/wp\/v2\/media\/824"}],"wp:attachment":[{"href":"https:\/\/shercards.com\/et\/wp-json\/wp\/v2\/media?parent=823"}],"wp:term":[{"taxonomy":"product_brand","embeddable":true,"href":"https:\/\/shercards.com\/et\/wp-json\/wp\/v2\/product_brand?post=823"},{"taxonomy":"product_cat","embeddable":true,"href":"https:\/\/shercards.com\/et\/wp-json\/wp\/v2\/product_cat?post=823"},{"taxonomy":"product_tag","embeddable":true,"href":"https:\/\/shercards.com\/et\/wp-json\/wp\/v2\/product_tag?post=823"}],"curies":[{"name":"wp","href":"https:\/\/api.w.org\/{rel}","templated":true}]}}