{"id":864,"date":"2024-08-04T12:19:14","date_gmt":"2024-08-04T12:19:14","guid":{"rendered":"https:\/\/shercards.com\/index.php\/product\/metaphorical-associative-cards-casting\/"},"modified":"2025-10-20T10:44:49","modified_gmt":"2025-10-20T10:44:49","slug":"metaphorical-associative-cards-casting","status":"publish","type":"product","link":"https:\/\/shercards.com\/et\/toode\/metaphorical-associative-cards-casting\/","title":{"rendered":"Metafoorsed assotsiatiivsed kaardid &quot;Casting&quot;"},"content":{"rendered":"<p>Autor: Julia Nisanova (Praktiv ps\u00fchholoog, Rahvusvahelise Ps\u00fchholoogide Assotsiatsiooni CNO liige, IAC-ga t\u00f6\u00f6tamise sertifitseeritud spetsialist, EOT spetsialist, m\u00e4ngupraktik, t-m\u00e4ngude autor: \u201cEma armastuse ookean\u201d, \u201cUus elu p\u00e4rast Lahkumine\u201c, \u201eIsa kingitused\u201c, \u201eKuidas kohtuda \u00fchega\u201c). <br \/> <\/br> Disainer: Victoria Ovcharenko<br \/> Sisu:<br \/> 60 pildikaarti 108*72mm<br \/> 60 kvaliteetkaarti 70*30mm<br \/> juhised koos kirjeldusega<br \/> karp kaartide hoidmiseks <br \/> <\/br> Metafoorsed assotsiatiivsed kaardid \u201cCasting\u201d esindavad 30 erinevat mehe- ja 30 erinevat naisepilti ning 60 erineva kvaliteediga kaarti. See portree kaardipakk sobib nii iseseisvaks kasutamiseks kui ka erinevate olukordade v\u00f5i probleemide lahendamiseks ning lisaks t-m\u00e4ngudele sobib see kaardipakk n\u00e4iteks t-m\u00e4ngudeks \u201cIsa kingitused\u201d, \u201cEmaarmastuse ookean\u201d , et uurida pilte isafiguurist ja emast. <br \/> <\/br> Nende kaartide loomise idee s\u00fcndis koos ideega arendada t-m\u00e4ngu \u201cCasting. Kuidas kohtuda \u00fchega\u201d, mille autor olen mina. M\u00e4ngu ajal p\u00f6\u00f6ratakse palju t\u00e4helepanu erinevate olekute, emotsioonide, aistingutega t\u00f6\u00f6tamisele, mis aitavad v\u00e4ga t\u00e4pselt \u201cCastingu\u201d kaarte edasi anda. Need aitavad v\u00e4ga peenelt kirjeldada erinevaid hingeseisundeid. T\u00e4nu nendele kaartidele saate aru, milliseid omadusi langenud pilt peidab ja seej\u00e4rel nende omadustega t\u00f6\u00f6tada ja neid transformeerida v\u00f5i tugevdada, tehes vastavad j\u00e4reldused. <br \/> <\/br> \u201cCastingu\u201d tekk v\u00f5imaldab ps\u00fchholoogil t\u00f6\u00f6tada terve hulga erinevate teemadega, n\u00e4iteks paarisuhted, suhtumine iseendasse, lapse-vanema suhted, karj\u00e4\u00e4r, raha, edu ja eneseteostus. Selle teki kaudu saate v\u00e4lja t\u00f6\u00f6tada isiksuse meheliku ja naiseliku p\u00f5him\u00f5tete l\u00f5imimise. <br \/> <\/br> S\u00f5nadega kaartide kasutamine v\u00f5imaldab teil kasutada loogilist m\u00f5tlemist, mis t\u00e4iendab t\u00f6\u00f6d piltidega. S\u00f5nadega tekk koosneb omaduss\u00f5nadest, mis v\u00f5imaldavad pilti \u00fcksikasjalikumalt ja mahukamalt kirjeldada. Piltide ja s\u00f5nadega kaarte saab kasutada nii koos kui ka eraldi. <br \/> <\/br> Enne kaartidega t\u00f6\u00f6tamist eraldage mugavuse huvides meeste ja naiste kujutised. <\/br><\/br><\/p>","protected":false},"excerpt":{"rendered":"<p>Autor: Julia Nisanova (praktiseeriv ps\u00fchholoog, Rahvusvahelise Ps\u00fchholoogide Assotsiatsiooni CNO liige, sertifitseeritud spetsialist t\u00f6\u00f6s<\/p>","protected":false},"featured_media":865,"comment_status":"open","ping_status":"open","template":"","meta":[],"product_brand":[],"product_cat":[28],"product_tag":[],"class_list":{"0":"post-864","1":"product","2":"type-product","3":"status-publish","4":"has-post-thumbnail","6":"product_cat-portraits-archetypes-subpersonalities","8":"first","9":"outofstock","10":"purchasable","11":"product-type-simple"},"_links":{"self":[{"href":"https:\/\/shercards.com\/et\/wp-json\/wp\/v2\/product\/864","targetHints":{"allow":["GET"]}}],"collection":[{"href":"https:\/\/shercards.com\/et\/wp-json\/wp\/v2\/product"}],"about":[{"href":"https:\/\/shercards.com\/et\/wp-json\/wp\/v2\/types\/product"}],"replies":[{"embeddable":true,"href":"https:\/\/shercards.com\/et\/wp-json\/wp\/v2\/comments?post=864"}],"wp:featuredmedia":[{"embeddable":true,"href":"https:\/\/shercards.com\/et\/wp-json\/wp\/v2\/media\/865"}],"wp:attachment":[{"href":"https:\/\/shercards.com\/et\/wp-json\/wp\/v2\/media?parent=864"}],"wp:term":[{"taxonomy":"product_brand","embeddable":true,"href":"https:\/\/shercards.com\/et\/wp-json\/wp\/v2\/product_brand?post=864"},{"taxonomy":"product_cat","embeddable":true,"href":"https:\/\/shercards.com\/et\/wp-json\/wp\/v2\/product_cat?post=864"},{"taxonomy":"product_tag","embeddable":true,"href":"https:\/\/shercards.com\/et\/wp-json\/wp\/v2\/product_tag?post=864"}],"curies":[{"name":"wp","href":"https:\/\/api.w.org\/{rel}","templated":true}]}}