{"id":881,"date":"2024-08-04T12:19:14","date_gmt":"2024-08-04T12:19:14","guid":{"rendered":"https:\/\/shercards.com\/index.php\/product\/metaphorical-cards-archetypes-and-shadows\/"},"modified":"2025-08-01T13:29:23","modified_gmt":"2025-08-01T13:29:23","slug":"metaphorical-cards-archetypes-and-shadows","status":"publish","type":"product","link":"https:\/\/shercards.com\/et\/toode\/metaphorical-cards-archetypes-and-shadows\/","title":{"rendered":"Metafoorilised kaardid &quot;Arhet\u00fc\u00fcbid ja varjud&quot;"},"content":{"rendered":"<p>Autorid: Chuck Spezzano, Peter Koechne<br \/> Tootja: Avvalon \u2013 Lo Scarabeo<br \/> Sisu: raamat ja 90 kaarti<br \/> Materjal: papp, paber<br \/> M\u00f5\u00f5dud: 130x190x50 mm<br \/> Siin on venekeelne v\u00e4ljaanne &lt;tugev&gt;kaardipakk &quot;Arhet\u00fc\u00fcbid ja varjud&quot;<\/strong>, mille autor on Ameerika ps\u00fchhoterapeut,nbsp; Chuck Spezzano Ph.D. Ta l\u00f5i selle teki, tuginedes oma 35-aastasele kogemusele inimeste n\u00f5ustamisel, \u00f5petamisel ja tervendamisel.<br \/> See tekk oli varem tuntud inglise keeles. Ta sai palju positiivset tagasisidet Venemaa ps\u00fchholoogidelt, kes ootasid tema kirjelduse p\u00f5hjal p\u00f5nevusega raamatu t\u00f5lget. N\u00fc\u00fcd on spetsialiste veelgi laiem; saab tutvuda tekiga ning hinnata sellega t\u00f6\u00f6tamise laialdasi v\u00f5imalusi ja lihtsust.<br \/> Erinevalt teistest ps\u00fchholoogilistest pakkidest h\u00f5lmavad Spezzano kaardid peaaegu k\u00f5iki inimelu aspekte. V\u00e4ga huvitav on arhet\u00fc\u00fcpide, eriti aga \u00fcsna harva esinevate varjukujude valik. Tekil on v\u00e4ga originaalsed arhet\u00fc\u00fcbid: \u201c\u0160amaan\u201d, \u201cEmake Maa\u201d, \u201cJ\u00f5uluvana\u201d, \u201cN\u00fcmf\u201d, \u201cTantrika\u201d. Varifiguuridest on huvitav m\u00e4rkida n\u00e4iteks \u201cMust lesk\u201d, \u201cPaks mees\u201d, \u201cLaisk\u201d, \u201cN\u00f5id\u201d, \u201cJoodik\u201d, \u201cSiga\u201d.nbsp; Eranditult sisaldavad k\u00f5ik kaardid inimeste pilte. Igal tegelasel on ainulaadne isiksus. K\u00f5ik see annab kaartidele mahu ja sisu. Kujutised peegeldavad tugevalt ja t\u00e4pselt emotsionaalset seisundit ja olukorda konkreetsel eluhetkel. See tekk vastab h\u00e4sti igale kliendi soovile ja peegeldab k\u00f5ike, mida inimene v\u00f5ib kogeda. <\/br><\/p>","protected":false},"excerpt":{"rendered":"<p>Autor: Chuck Spezzano, Peter Koechne Tootja: Avvalon \u2013 Lo Scarabeo Sisu: raamat ja 90 kaarti Materjal: papp, paber M\u00f5\u00f5dud: 130x190x50<\/p>","protected":false},"featured_media":9290,"comment_status":"open","ping_status":"closed","template":"","meta":[],"product_brand":[],"product_cat":[28],"product_tag":[],"class_list":{"0":"post-881","1":"product","2":"type-product","3":"status-publish","4":"has-post-thumbnail","6":"product_cat-portraits-archetypes-subpersonalities","8":"first","9":"outofstock","10":"purchasable","11":"product-type-simple"},"_links":{"self":[{"href":"https:\/\/shercards.com\/et\/wp-json\/wp\/v2\/product\/881","targetHints":{"allow":["GET"]}}],"collection":[{"href":"https:\/\/shercards.com\/et\/wp-json\/wp\/v2\/product"}],"about":[{"href":"https:\/\/shercards.com\/et\/wp-json\/wp\/v2\/types\/product"}],"replies":[{"embeddable":true,"href":"https:\/\/shercards.com\/et\/wp-json\/wp\/v2\/comments?post=881"}],"wp:featuredmedia":[{"embeddable":true,"href":"https:\/\/shercards.com\/et\/wp-json\/wp\/v2\/media\/9290"}],"wp:attachment":[{"href":"https:\/\/shercards.com\/et\/wp-json\/wp\/v2\/media?parent=881"}],"wp:term":[{"taxonomy":"product_brand","embeddable":true,"href":"https:\/\/shercards.com\/et\/wp-json\/wp\/v2\/product_brand?post=881"},{"taxonomy":"product_cat","embeddable":true,"href":"https:\/\/shercards.com\/et\/wp-json\/wp\/v2\/product_cat?post=881"},{"taxonomy":"product_tag","embeddable":true,"href":"https:\/\/shercards.com\/et\/wp-json\/wp\/v2\/product_tag?post=881"}],"curies":[{"name":"wp","href":"https:\/\/api.w.org\/{rel}","templated":true}]}}