{"id":886,"date":"2024-08-04T12:22:15","date_gmt":"2024-08-04T12:22:15","guid":{"rendered":"https:\/\/shercards.com\/index.php\/product\/metaphorical-cards-its-in-me-female-images\/"},"modified":"2025-10-20T10:44:03","modified_gmt":"2025-10-20T10:44:03","slug":"metaphorical-cards-its-in-me-female-images","status":"publish","type":"product","link":"https:\/\/shercards.com\/et\/toode\/metaphorical-cards-its-in-me-female-images\/","title":{"rendered":"Metafoorilised kaardid \u201cSee on minus. Naisepildid\u201d"},"content":{"rendered":"<p><strong>Saate osta kaks &quot;It&#039;s in Me&quot; tekki (meeste ja naiste) komplektina soodsa hinnaga. Nende pakkide kaarte saab kombineerida, mis v\u00f5imaldab nende funktsionaalsust laiendada.<br \/> <\/br><\/strong><strong>Uus v\u00e4ljaanne!<\/strong><br \/>Pakk koosneb 90 kaardist ja juhistest koos harjutustega. Pakend: paks kast.<br \/>Teki autor: ps\u00fchholoog ja h\u00fcpnoterapeut Anastasia Kolendo-Smirnova.<br \/> Kunstnik: Natalja T\u0161ernjavskaja.<br \/>Metafoorsete kaartide pakk \u201cSee on minus. Male Images\u201d on j\u00e4tk naistega t\u00f6\u00f6tamiseks m\u00f5eldud tekile \u201eSee on minus\u201d ning on ka iseseisev pakk meestega t\u00f6\u00f6tamiseks.<br \/>PsyCardi moodul &quot;See on minus&quot;<br \/>Metafoorsete kaartide pakk &quot;See on minus&quot; on m\u00f5eldud naistega t\u00f6\u00f6tamiseks ja v\u00f5imaldab teil:<br \/> \u2022 s\u00f5nastage selgelt kliendi soov ja seadke teraapia eesm\u00e4rk;<br \/> \u2022 liigutada \u00fclesande lahendamisel n\u00f5ela;<br \/> \u2022 anal\u00fc\u00fcsida ja n\u00e4idata suunda t\u00f6\u00f6s ps\u00fchhosomaatiliste h\u00e4iretega;<br \/> \u2022 j\u00e4lgida ja ravida h\u00e4vitavaid m\u00f5tteid ja tegusid;<br \/> \u2022 t\u00f6\u00f6tada sisekonfliktidega ja \u00fchtlustada subisiksuste vahelisi interaktsioone.<br \/> Samuti on tekki lihtne kombineerida mis tahes MAC-iga ja seda saab kasutada assotsiatiivsete metafoorsete kaartidega t\u00f6\u00f6tamisel kasutatavate klassikaliste standardtehnikatega.&lt;br&gt; <br \/> HARJUTUS.nbsp; ESIMENE KONSULTATSIOON <br \/> See harjutus aitab s\u00f5nastada taotluse ja m\u00e4\u00e4rata teraapia eesm\u00e4rgi. <br \/> Kliendil palutakse avalikult valida \u201ctorso\u201d kaart, vastates k\u00fcsimustele: \u201cMis minu sees toimub? Mida ma tunnen?&quot; J\u00e4rgmiseks pakuvad nad ka avalikult valida \u201cjalad\u201d, mis kirjeldavad asjade seisu antud eluperioodil: \u201cKuidas ma praegu jalgadel seisan?\u201d <br \/> Seej\u00e4rel valib klient \u201cpeadest\u201d vastuse k\u00fcsimusele: \u201cMida ma sellest arvan? Mis on minu m\u00f5tted sellest olukorrast? Selliselt konstrueeritud probleemses olukorras oleva inimese metafoorset portreed arutatakse seej\u00e4rel koos ps\u00fchholoogiga ja selgitatakse vajalikku teavet. <br \/> J\u00e4rgmiseks toiminguks on \u2013 ka avalikult \u2013 endast soovitud kuvandi kujundamine p\u00e4rast selle probleemi lahendamist, mida anal\u00fc\u00fcsitakse ja muudatuste keskkonnas\u00f5bralikkust kontrollitakse. J\u00e4rgmiseks kogutakse nende portreede vahele avameelselt pilt, mis inimest tulevikus ees ootab, kui ta midagi ette ei v\u00f5ta ja selle \u00fcle arutletakse. M\u00f5nikord motiveerib see pilt klienti tegutsema ja m\u00f5nikord n\u00e4itab, et midagi hullu ei juhtu, ja annab hetkeolukorra suhtes rahuliku tunde. <br \/> J\u00e4rgmisena m\u00e4\u00e4ratakse soovitud pildi saavutamiseks vajalikud sammud ja planeeritakse teraapia. <\/br> <br \/> EXERCISE.nbsp;T\u00d6\u00d6 PS\u00dcHHOSOMAATIKAGA <br \/> Aitab uurida s\u00fcmptomi ps\u00fchholoogilisi p\u00f5hjuseid ja visandada tee ps\u00fchhosomaatilisest h\u00e4irest vabanemiseks.nbsp;Kliendil palutakse leida avatud kaartide hulgast pilt kehapiirkonnast, kus s\u00fcmptom avaldub, objekt, mis peegeldab metafooriliselt aistinguid kehas. J\u00e4rgmisena anal\u00fc\u00fcsitakse k\u00fcsimuste abil selle metafoorse kujundi seost kliendi elusituatsiooniga. Seej\u00e4rel palutakse teil leida pilt sellest, mis eelnes selle s\u00fcmptomi ilmnemisele. Kuna haigus on v\u00f5imas signaal, eelneb sellele tavaliselt j\u00e4rjekordne probleemide esilekutsuja inimese emotsionaalses sf\u00e4\u00e4ris. See on selle metafooriline t\u00e4hendus, mida nad soovivad leida. Nii j\u00f5uame j\u00e4reldusele, et ps\u00fc\u00fchika ei saanud sellega hakkama ja &quot;l\u00fclitas sisse&quot; keha abi. J\u00e4rgmisena m\u00e4\u00e4ratakse teraapia sammud, et lahendada probleem, mis oli s\u00fcmptomi esilekutsuja. <br \/> <\/br> T\u00d6\u00d6N\u00c4IDE #1 <br \/> Kliendil on valu jalas. Ta valib lahtise pildi, kus raskus on jalgade k\u00fclge seotud. Arutelu k\u00e4igus selgub, et klient kogeb raskustunnet jalas, j\u00e4ikust, liikumisv\u00f5imetust. T\u00f5lgime selle metafoori kliendi tegelikus olukorras toimuvaks: \u201eMis v\u00f5i kes sulle survet avaldab? Kes v\u00f5i nbsp; mis teid aheldas ja mille k\u00fclge olete oma elus aheldatud?&quot; jne.nbsp;J\u00e4rgmiseks palutakse teil valida, mis eelnes valu ilmnemisele jalas: \u201eKui jalg teid ei h\u00e4irinud, siis mis teiega emotsionaalselt juhtus? Milliseid tundeid ja m\u00f5tteid kogesite enne s\u00fcmptomi ilmnemist? <br \/> Klient valib pildi &quot;torso&quot;, kus on palju k\u00e4si, selgitades seda seisundit sellega, et ta haaras k\u00f5igest kinni ja ei \u00f5nnestunud mitte millegagi.nbsp;Seda seisundit sai &quot;lahendada&quot; &quot;peatamise&quot; abil, &quot;j\u00e4ikuse&quot; raskused. <br \/> J\u00e4rgmisena arutame kliendiga t\u00e4psemalt, mida ta sellel perioodil t\u00e4pselt teha p\u00fc\u00fcdis, mis ei \u00f5nnestunud ja miks. Teraapia algab t\u00e4pselt selle seisundi lahendamisest, k\u00f5ige &quot;riiulitele&quot; asetamisest, eesm\u00e4rkide seadmisest, hirmude eemaldamisest ja ressursside leidmisest. <br \/> T\u00d6\u00d6N\u00c4IDE #2 <br \/> Klient kaebab k\u00f5huvalu. Valib kaardi, mille kehas on \u00e4mblik. Kirjeldab seda seisundit nii, nagu oleks sees t\u00fckk, mis teda seestpoolt \u00f5gib. J\u00e4rgmiseks palume teil valida kaardi selle kohta, mida inimene koges oma elus enne s\u00fcmptomi ilmnemist. Klient \u00fctleb, et see oli selline igatsus s\u00fcdames, sama \u00e4mblikuv\u00f5rk, kui abielu purunes. J\u00e4rgmiseks on t\u00f6\u00f6 aluseks tunded lahutusest, kompleksid, hirmud, hoiakud, ennustused ja isiklike suhetega seotud stsenaariumid. <\/p>\n<p> <\/br><\/p>","protected":false},"excerpt":{"rendered":"<p>Saate osta kaks &quot;It&#039;s in Me&quot; tekki (meeste ja naiste) komplektina soodsa hinnaga. Kaardid alates<\/p>","protected":false},"featured_media":887,"comment_status":"open","ping_status":"open","template":"","meta":[],"product_brand":[],"product_cat":[28],"product_tag":[],"class_list":{"0":"post-886","1":"product","2":"type-product","3":"status-publish","4":"has-post-thumbnail","6":"product_cat-portraits-archetypes-subpersonalities","8":"first","9":"outofstock","10":"purchasable","11":"product-type-simple"},"_links":{"self":[{"href":"https:\/\/shercards.com\/et\/wp-json\/wp\/v2\/product\/886","targetHints":{"allow":["GET"]}}],"collection":[{"href":"https:\/\/shercards.com\/et\/wp-json\/wp\/v2\/product"}],"about":[{"href":"https:\/\/shercards.com\/et\/wp-json\/wp\/v2\/types\/product"}],"replies":[{"embeddable":true,"href":"https:\/\/shercards.com\/et\/wp-json\/wp\/v2\/comments?post=886"}],"wp:featuredmedia":[{"embeddable":true,"href":"https:\/\/shercards.com\/et\/wp-json\/wp\/v2\/media\/887"}],"wp:attachment":[{"href":"https:\/\/shercards.com\/et\/wp-json\/wp\/v2\/media?parent=886"}],"wp:term":[{"taxonomy":"product_brand","embeddable":true,"href":"https:\/\/shercards.com\/et\/wp-json\/wp\/v2\/product_brand?post=886"},{"taxonomy":"product_cat","embeddable":true,"href":"https:\/\/shercards.com\/et\/wp-json\/wp\/v2\/product_cat?post=886"},{"taxonomy":"product_tag","embeddable":true,"href":"https:\/\/shercards.com\/et\/wp-json\/wp\/v2\/product_tag?post=886"}],"curies":[{"name":"wp","href":"https:\/\/api.w.org\/{rel}","templated":true}]}}