{"id":8966,"date":"2024-09-16T10:57:45","date_gmt":"2024-09-16T10:57:45","guid":{"rendered":"https:\/\/shercards.com\/?post_type=product&#038;p=8966"},"modified":"2025-10-20T10:13:00","modified_gmt":"2025-10-20T10:13:00","slug":"transformational-mystery-game-red-tent","status":"publish","type":"product","link":"https:\/\/shercards.com\/et\/toode\/transformational-mystery-game-red-tent\/","title":{"rendered":"\u00dcmberkujundav m\u00f5istatusm\u00e4ng &quot;Punane telk&quot;"},"content":{"rendered":"<p>&quot;Punane telk&quot; on muutlik m\u00f5istatusm\u00e4ng, millesse soovite sukelduda ja oma s\u00f5pradega jagada. Viimaste aastak\u00fcmnete p\u00f5letavaim teema on Metsiku Naise \u00e4ratav j\u00f5ud.<\/p>\n<p>Transformatsioonim\u00e4ng \u201cPunane telk\u201d suudab edasi anda sama erakordset atmosf\u00e4\u00e4ri ainult naistele loodud paigast, kus iga\u00fcks meist puutub kokku oma ja teiste naiste hingedega. See ruum on turvaline ja seal on v\u00f5imalus taaselustada raskeid minevikus\u00fcndmusi, muuta seda stsenaariumit ja vallandada kogu oma sisemine j\u00f5ud.\u201d Punane telk\u201d tuletab meile k\u00f5igile meelde naiselikkuse p\u00e4ritolu ja annab ruumi, kus k\u00f5ik toetavad. teine, aktsepteerivad \u00fcksteist t\u00f5elisena ja suhtuvad naiste eluts\u00fcklitesse kui millessegi ilusasse, tarka ja p\u00fchasse. M\u00e4ngu \u201cPunane telk\u201d transformatsiooniv\u00e4li kordab iga naise eluts\u00fcklit ja annab ainulaadse v\u00f5imaluse need etapid uuesti l\u00e4bi teha, valmistades end seega ette uuteks.<\/p>\n<p>M\u00e4ng aitab:<\/p>\n<ul>\n<li>Looge sisemine toetus ja usaldus maailma vastu<\/li>\n<li>Tehke kindlaks piiravad hoiakud ja muutke oma elu stsenaariumi<\/li>\n<li>\u00d5ppige eraldama oma sisemised soovid keskkonna poolt pealesunnitud soovidest<\/li>\n<li>\u00d5ppige suhetes teistega piire looma<\/li>\n<li>T\u00f6\u00f6tage enesehinnangu ja valmisolekuga end avalikult v\u00e4ljendada<\/li>\n<li>Taastage tasakaal v\u00f5tmise\/andmise vahel<\/li>\n<\/ul>\n<p>Loonud Victoriia Ignatushina<\/p>","protected":false},"excerpt":{"rendered":"<p>&quot;Punane telk&quot; on muutlik m\u00f5istatusm\u00e4ng, millesse soovite sukelduda ja oma s\u00f5pradega jagada. Viimaste aastak\u00fcmnete p\u00f5letavaim teema on Metsiku Naise \u00e4ratav j\u00f5ud.<br \/>\nTransformatsioonim\u00e4ng \u201cPunane telk\u201d suudab edasi anda sama erakordset atmosf\u00e4\u00e4ri ainult naistele loodud paigast, kus iga\u00fcks meist puutub kokku oma ja teiste naiste hingedega. See ruum on turvaline ja seal on v\u00f5imalus taaselustada raskeid minevikus\u00fcndmusi, muuta seda stsenaariumit ja vallandada kogu oma sisemine j\u00f5ud.\u201d Punane telk\u201d tuletab meile k\u00f5igile meelde naiselikkuse p\u00e4ritolu ja annab ruumi, kus k\u00f5ik toetavad. teine, aktsepteerivad \u00fcksteist t\u00f5elisena ja suhtuvad naiste eluts\u00fcklitesse kui millessegi ilusasse, tarka ja p\u00fchasse. M\u00e4ngu &quot;Punane telk&quot; transformatsiooniv\u00e4li kordab iga naise eluts\u00fcklit ja annab ainulaadse v\u00f5imaluse need etapid uuesti l\u00e4bi teha, valmistades end seega ette uuteks.<\/p>","protected":false},"featured_media":8976,"comment_status":"open","ping_status":"closed","template":"","meta":[],"product_brand":[],"product_cat":[51,18],"product_tag":[],"class_list":{"0":"post-8966","1":"product","2":"type-product","3":"status-publish","4":"has-post-thumbnail","6":"product_cat-for-women","7":"product_cat-psychological-games-2","9":"first","10":"outofstock","11":"taxable","12":"shipping-taxable","13":"product-type-simple"},"_links":{"self":[{"href":"https:\/\/shercards.com\/et\/wp-json\/wp\/v2\/product\/8966","targetHints":{"allow":["GET"]}}],"collection":[{"href":"https:\/\/shercards.com\/et\/wp-json\/wp\/v2\/product"}],"about":[{"href":"https:\/\/shercards.com\/et\/wp-json\/wp\/v2\/types\/product"}],"replies":[{"embeddable":true,"href":"https:\/\/shercards.com\/et\/wp-json\/wp\/v2\/comments?post=8966"}],"wp:featuredmedia":[{"embeddable":true,"href":"https:\/\/shercards.com\/et\/wp-json\/wp\/v2\/media\/8976"}],"wp:attachment":[{"href":"https:\/\/shercards.com\/et\/wp-json\/wp\/v2\/media?parent=8966"}],"wp:term":[{"taxonomy":"product_brand","embeddable":true,"href":"https:\/\/shercards.com\/et\/wp-json\/wp\/v2\/product_brand?post=8966"},{"taxonomy":"product_cat","embeddable":true,"href":"https:\/\/shercards.com\/et\/wp-json\/wp\/v2\/product_cat?post=8966"},{"taxonomy":"product_tag","embeddable":true,"href":"https:\/\/shercards.com\/et\/wp-json\/wp\/v2\/product_tag?post=8966"}],"curies":[{"name":"wp","href":"https:\/\/api.w.org\/{rel}","templated":true}]}}