{"id":8969,"date":"2024-09-16T11:48:57","date_gmt":"2024-09-16T11:48:57","guid":{"rendered":"https:\/\/shercards.com\/?post_type=product&#038;p=8969"},"modified":"2025-10-20T10:13:00","modified_gmt":"2025-10-20T10:13:00","slug":"psychological-game-house-of-the-soul","status":"publish","type":"product","link":"https:\/\/shercards.com\/et\/toode\/psychological-game-house-of-the-soul\/","title":{"rendered":"Ps\u00fchholoogiline m\u00e4ng &quot;Hingemaja&quot;"},"content":{"rendered":"<p>Ps\u00fchholoogiline m\u00e4ng \u201cHingemaja\u201d on teekond oma hinge unustatud ja kadunud osadesse, mis ootavad, et saaksid liituda m\u00e4nguga, mida me nimetame eluks ja muuta see k\u00f5ik \u00fcheks sidusaks loovuse vooluks.<br \/>\n\u2800<br \/>\nM\u00e4ng on ps\u00fchholoogiline, \u00fcles ehitatud 24 naiselikule arhet\u00fc\u00fcbile, millega m\u00e4ngija r\u00e4ndab l\u00e4bi \u201cHingemaja\u201d erinevate ruumide, kogudes teavet oma lapsep\u00f5lve ja t\u00e4iskasvanuea hoiakute, hirmude ja ressursside kohta, k\u00f5ike, mida tal on vaja teada. mida ta tahab.<\/p>\n<p>M\u00e4ngu &quot;Hingemaja&quot; eesm\u00e4rk:<\/p>\n<ul>\n<li>Vastupanust m\u00f6\u00f6da hiilimine, p\u00f5hjuste leidmine, mis &quot;pidurdavad&quot; m\u00e4ngijat eesm\u00e4rkide saavutamise teel;<\/li>\n<li>Isiksuse k\u00f5igi oluliste osade ressursside kasutamine;<\/li>\n<li>\u00d5ppimine tegutsema &quot;voolu seisundist&quot; (coaching state in generative trance);<\/li>\n<li>M\u00e4ngija juhtivate alamisiksuste \u00fchendamine j\u00e4tkusuutlike sisemiste muutuste saavutamiseks;<\/li>\n<li>&quot;Unustatud&quot; arhet\u00fc\u00fcbi \u00fchendamine uue tee ehitamiseks;<\/li>\n<\/ul>\n<p>Loonud Victoriia Ignatushina<\/p>","protected":false},"excerpt":{"rendered":"<p>&quot;Hingede maja&quot; on ps\u00fchholoogiline m\u00e4ng, mis on loodud selleks, et suunata teid teekonnale l\u00e4bi teie sisemise mina unustatud ja kadunud osade. 24 naise arhet\u00fc\u00fcbi \u00fcmber ehitatud m\u00e4ngijad uurivad &quot;Hingemaja&quot; erinevaid ruume, avastades teadmisi lapsep\u00f5lvekogemustest, t\u00e4iskasvanute suhtumisest, hirmudest ja varjatud ressurssidest. M\u00e4ng aitab tuvastada peamisi p\u00f5hjuseid, mis takistavad edasiminekut, puudutab teie isiksuse kogu spektrit ja soodustab vooluseisundist tegutsemist.<br \/>\nSelle on loonud Victoriia Ignatushina ja see on t\u00f6\u00f6riist p\u00f5hjalikuks eneseleidmiseks ja \u00fcmberkujundamiseks.<\/p>","protected":false},"featured_media":8972,"comment_status":"open","ping_status":"closed","template":"","meta":[],"product_brand":[],"product_cat":[18,57,51,55],"product_tag":[],"class_list":{"0":"post-8969","1":"product","2":"type-product","3":"status-publish","4":"has-post-thumbnail","6":"product_cat-psychological-games-2","7":"product_cat-family-scenarios-birth-programs","8":"product_cat-for-women","9":"product_cat-goal-dream-analysis-of-situations-events","11":"first","12":"outofstock","13":"taxable","14":"shipping-taxable","15":"product-type-simple"},"_links":{"self":[{"href":"https:\/\/shercards.com\/et\/wp-json\/wp\/v2\/product\/8969","targetHints":{"allow":["GET"]}}],"collection":[{"href":"https:\/\/shercards.com\/et\/wp-json\/wp\/v2\/product"}],"about":[{"href":"https:\/\/shercards.com\/et\/wp-json\/wp\/v2\/types\/product"}],"replies":[{"embeddable":true,"href":"https:\/\/shercards.com\/et\/wp-json\/wp\/v2\/comments?post=8969"}],"wp:featuredmedia":[{"embeddable":true,"href":"https:\/\/shercards.com\/et\/wp-json\/wp\/v2\/media\/8972"}],"wp:attachment":[{"href":"https:\/\/shercards.com\/et\/wp-json\/wp\/v2\/media?parent=8969"}],"wp:term":[{"taxonomy":"product_brand","embeddable":true,"href":"https:\/\/shercards.com\/et\/wp-json\/wp\/v2\/product_brand?post=8969"},{"taxonomy":"product_cat","embeddable":true,"href":"https:\/\/shercards.com\/et\/wp-json\/wp\/v2\/product_cat?post=8969"},{"taxonomy":"product_tag","embeddable":true,"href":"https:\/\/shercards.com\/et\/wp-json\/wp\/v2\/product_tag?post=8969"}],"curies":[{"name":"wp","href":"https:\/\/api.w.org\/{rel}","templated":true}]}}