{"id":8977,"date":"2024-09-16T12:20:48","date_gmt":"2024-09-16T12:20:48","guid":{"rendered":"https:\/\/shercards.com\/?post_type=product&#038;p=8977"},"modified":"2025-10-20T10:13:00","modified_gmt":"2025-10-20T10:13:00","slug":"transformational-game-leela","status":"publish","type":"product","link":"https:\/\/shercards.com\/et\/toode\/transformational-game-leela\/","title":{"rendered":"\u00dcmberkujundamism\u00e4ng &quot;Leela&quot;"},"content":{"rendered":"<p>&quot;Leela&quot; t\u00e4hendab sanskriti keelest &quot;m\u00e4ngu&quot;. \u201cLeela\u201d \u00f5petab n\u00e4gema elu kui m\u00e4ngu \u2013 v\u00f5tma iga hetke avatud s\u00fcdamega. See aitab meil m\u00f5ista oma tarkuse s\u00fcgavusi, et vastata k\u00f5ikv\u00f5imalikele k\u00fcsimustele.<\/p>\n<p>Muutuv elum\u00e4ng \u201cLeela\u201d on suure m\u00e4ngu t\u00f6\u00f6mudel, mille t\u00f6\u00f6tas v\u00e4lja antiikajal ja mille l\u00e4\u00e4nemaailma t\u00f5i India kunstnik, skulptor, helilooja, muusik, laulja, \u00f5petaja ja filosoof Harish Johari, kes 1975. a. avaldas raamatu &#039;Leela. Eneseavastamise m\u00e4ng.&#039;<\/p>\n<p>Leela filosoofia on veedateadmiste kvintessents. Iidsed joogid, uurinud inimm\u00f5istuse lab\u00fcrinti, tuvastasid 72 olemise ja teadvuse algseisundit ning need seisundid vastavad 72 Leela m\u00e4ngu rakule.<\/p>\n<p>K\u00f5ige iidsem eneseleidmise m\u00e4ng Leela on kingitus igale teelolijale. Kasutades seda m\u00e4ngu p\u00e4riselu peeglina, v\u00f5ite s\u00e4\u00e4sta palju aastaid. Aastad, mille oleksite kulutanud otsides teed, mis viis teid selle kehastuseni, mille kaudu te kehastusite.<\/p>\n<p>Leela m\u00e4ng on enesetundmise t\u00f6\u00f6riist, mis v\u00f5imaldab \u2018teed kontrollida\u2019 ja vajadusel liikumissuunda korrigeerida. Leela on \u00fcks enesetundmise s\u00fcsteeme, elu ja Universumi seaduste tunnetamise viis.<\/p>\n<p>M\u00e4ngu mehaanika: m\u00e4ngija veeretab t\u00e4ringuid, v\u00f5imaldades karmaj\u00f5ududel m\u00e4\u00e4rata j\u00e4rgmise k\u00e4igu laual. Ta r\u00e4ndab l\u00e4bi erinevate eksistentsi tasapindade, t\u00f5ustes noolte abil ja laskudes madude abil, et realiseerida oma K\u00f5rgema Mina kavatsusi k\u00f5ikjal, kus ta satub.<\/p>\n<p>M\u00e4ng l\u00f5peb alles siis, kui m\u00e4ngija on t\u00e4ielikult m\u00f5istnud karmaliste j\u00f5udude olemust ja saavutanud kosmilise teadvuse.<\/p>","protected":false},"excerpt":{"rendered":"<p>Leela: Muutuv elum\u00e4ng<\/p>\n<p>&quot;Leela&quot;, mis t\u00e4hendab sanskriti keeles &quot;m\u00e4ng&quot;, kutsub teid n\u00e4gema elu kui teekonda, mida tuleb avatud s\u00fcdamega omaks v\u00f5tta. Iidses veedalikus filosoofias juurdunud ja Harish Johari poolt l\u00e4\u00e4nde tutvustatud \u201cLeela\u201d uurib 72 olemisseisundit, suunates m\u00e4ngijaid l\u00e4bi inimm\u00f5istuse lab\u00fcrindi. T\u00e4ringut veeretades l\u00e4bivad m\u00e4ngijad eksistentsi tasapindadel, t\u00f5ustes ja laskudes, et avastada elu s\u00fcgavamaid t\u00f5desid. M\u00e4ng toimib peeglina, mis aitab teil oma teed navigeerida ja universumi seadustega \u00fchenduse luua.<\/p>","protected":false},"featured_media":8981,"comment_status":"open","ping_status":"closed","template":"","meta":[],"product_brand":[],"product_cat":[18,57,51,55],"product_tag":[],"class_list":{"0":"post-8977","1":"product","2":"type-product","3":"status-publish","4":"has-post-thumbnail","6":"product_cat-psychological-games-2","7":"product_cat-family-scenarios-birth-programs","8":"product_cat-for-women","9":"product_cat-goal-dream-analysis-of-situations-events","11":"first","12":"outofstock","13":"taxable","14":"shipping-taxable","15":"product-type-simple"},"_links":{"self":[{"href":"https:\/\/shercards.com\/et\/wp-json\/wp\/v2\/product\/8977","targetHints":{"allow":["GET"]}}],"collection":[{"href":"https:\/\/shercards.com\/et\/wp-json\/wp\/v2\/product"}],"about":[{"href":"https:\/\/shercards.com\/et\/wp-json\/wp\/v2\/types\/product"}],"replies":[{"embeddable":true,"href":"https:\/\/shercards.com\/et\/wp-json\/wp\/v2\/comments?post=8977"}],"wp:featuredmedia":[{"embeddable":true,"href":"https:\/\/shercards.com\/et\/wp-json\/wp\/v2\/media\/8981"}],"wp:attachment":[{"href":"https:\/\/shercards.com\/et\/wp-json\/wp\/v2\/media?parent=8977"}],"wp:term":[{"taxonomy":"product_brand","embeddable":true,"href":"https:\/\/shercards.com\/et\/wp-json\/wp\/v2\/product_brand?post=8977"},{"taxonomy":"product_cat","embeddable":true,"href":"https:\/\/shercards.com\/et\/wp-json\/wp\/v2\/product_cat?post=8977"},{"taxonomy":"product_tag","embeddable":true,"href":"https:\/\/shercards.com\/et\/wp-json\/wp\/v2\/product_tag?post=8977"}],"curies":[{"name":"wp","href":"https:\/\/api.w.org\/{rel}","templated":true}]}}