{"id":8982,"date":"2024-09-16T12:34:05","date_gmt":"2024-09-16T12:34:05","guid":{"rendered":"https:\/\/shercards.com\/?post_type=product&#038;p=8982"},"modified":"2025-10-20T10:13:00","modified_gmt":"2025-10-20T10:13:00","slug":"transformational-game-genesis","status":"publish","type":"product","link":"https:\/\/shercards.com\/et\/toode\/transformational-game-genesis\/","title":{"rendered":"\u00dcmberkujundamism\u00e4ng &quot;Genesis&quot;"},"content":{"rendered":"<p>&quot;Genesis&quot; on m\u00e4ng, mis on loodud t\u00f6\u00f6tama soovide, motiivide, eesm\u00e4rkide ja soovitud saavutatavate variantidega. \u00dcks m\u00e4ng on oma m\u00f5jult v\u00f5rreldav mitmep\u00e4evase t\u00e4isv\u00e4\u00e4rtusliku ps\u00fchholoogilise treeningu v\u00f5i 3-5 individuaalse treenerikonsultatsiooniga.<\/p>\n<p>M\u00e4ngu \u00fcks peamisi eeliseid on see, et m\u00e4nguprotsess aitab osalejal oma soovi selgelt s\u00f5nastada ja l\u00f5pptulemusest ettekujutust luua. Ja see pole sugugi lihtne, uskuge mind! M\u00e4ngus on ainulaadne v\u00f5imalus oma soove &quot;ellu elada&quot; erinevatel vaimse organisatsiooni tasanditel, mida me p\u00e4riselus endale lubada ei saa.<\/p>\n<p>Soovi &#039;elamine&#039; aitab struktureerida ja korrastada sellega seotud m\u00f5tteid ja tundeid, langetada otsus selle elluviimise otstarbekuse \u00fcle, soovi &quot;elustada&quot;, t\u00e4ita energiaga ja k\u00e4ivitada teostusprotsess.<\/p>\n<p>M\u00e4ngu tulemusena saavad osalejad:<\/p>\n<ul>\n<li>teadvustama, mis on nende soovides t\u00f5si ja mis on v\u00e4ljastpoolt peale surutud, sotsiaalsete ootuste ja vanemlike direktiivide dikteeritud;<\/li>\n<li>m\u00f5istavad oma soovide t\u00f5elist t\u00e4hendust ja nendega seotud motiive;<\/li>\n<li>vaadata v\u00e4ljastpoolt nende harjumusp\u00e4raseid viise selle saavutamiseks, mida nad tahavad (reageerimine takistustele, valmisolek ja v\u00f5ime aktsepteerida\/aidata jne);<\/li>\n<li>m\u00f5ista, millised k\u00e4itumismustrid aitavad eesm\u00e4rki saavutada ja millised takistavad;<br \/>\nvabaneda kahjulikest k\u00e4itumismustritest;<\/li>\n<li>leida sisemisi ressursse soovi realiseerimiseks;<\/li>\n<li>koostage \u00fcksikasjalik tegevuskava ja alustage oma soovi t\u00e4itumise protsessi.<\/li>\n<\/ul>","protected":false},"excerpt":{"rendered":"<p>Genesis: lauam\u00e4ng eneseleidmiseks ja eesm\u00e4rgi elluviimiseks<\/p>\n<p>&quot;Genesis&quot; on muutlik lauam\u00e4ng, mille eesm\u00e4rk on uurida soove, motiive ja eesm\u00e4rke. See simuleerib kogemust, mis on v\u00f5rreldav mitmep\u00e4evase ps\u00fchholoogilise koolituse v\u00f5i mitme treeningsessiooniga. M\u00e4ngijad &quot;elavad&quot; oma soove, uurides neid erinevatel vaimsetel tasanditel, mis aitab struktureerida m\u00f5tteid ja emotsioone nende soovide \u00fcmber. M\u00e4ngu k\u00e4igus tuvastavad osalejad t\u00f5elised soovid ja v\u00e4lism\u00f5jud, tunnevad \u00e4ra kasulikud ja kahjulikud k\u00e4itumismustrid ning kasutavad sisemisi ressursse. M\u00e4ngu l\u00f5puks t\u00f6\u00f6tavad m\u00e4ngijad v\u00e4lja selge tegevusplaani, et muuta oma soovid reaalsuseks.<\/p>","protected":false},"featured_media":8987,"comment_status":"open","ping_status":"closed","template":"","meta":[],"product_brand":[],"product_cat":[18,55,47],"product_tag":[],"class_list":{"0":"post-8982","1":"product","2":"type-product","3":"status-publish","4":"has-post-thumbnail","6":"product_cat-psychological-games-2","7":"product_cat-goal-dream-analysis-of-situations-events","8":"product_cat-money-finance-business-games","10":"first","11":"outofstock","12":"taxable","13":"shipping-taxable","14":"product-type-simple"},"_links":{"self":[{"href":"https:\/\/shercards.com\/et\/wp-json\/wp\/v2\/product\/8982","targetHints":{"allow":["GET"]}}],"collection":[{"href":"https:\/\/shercards.com\/et\/wp-json\/wp\/v2\/product"}],"about":[{"href":"https:\/\/shercards.com\/et\/wp-json\/wp\/v2\/types\/product"}],"replies":[{"embeddable":true,"href":"https:\/\/shercards.com\/et\/wp-json\/wp\/v2\/comments?post=8982"}],"wp:featuredmedia":[{"embeddable":true,"href":"https:\/\/shercards.com\/et\/wp-json\/wp\/v2\/media\/8987"}],"wp:attachment":[{"href":"https:\/\/shercards.com\/et\/wp-json\/wp\/v2\/media?parent=8982"}],"wp:term":[{"taxonomy":"product_brand","embeddable":true,"href":"https:\/\/shercards.com\/et\/wp-json\/wp\/v2\/product_brand?post=8982"},{"taxonomy":"product_cat","embeddable":true,"href":"https:\/\/shercards.com\/et\/wp-json\/wp\/v2\/product_cat?post=8982"},{"taxonomy":"product_tag","embeddable":true,"href":"https:\/\/shercards.com\/et\/wp-json\/wp\/v2\/product_tag?post=8982"}],"curies":[{"name":"wp","href":"https:\/\/api.w.org\/{rel}","templated":true}]}}