{"id":8997,"date":"2024-09-17T09:05:41","date_gmt":"2024-09-17T09:05:41","guid":{"rendered":"https:\/\/shercards.com\/?post_type=product&#038;p=8997"},"modified":"2025-10-20T10:13:00","modified_gmt":"2025-10-20T10:13:00","slug":"transformational-game-eye-of-destiny","status":"publish","type":"product","link":"https:\/\/shercards.com\/et\/toode\/transformational-game-eye-of-destiny\/","title":{"rendered":"\u00dcmberkujundamism\u00e4ng &quot;Saatuse silm&quot;"},"content":{"rendered":"<p>M\u00e4ngu eesm\u00e4rk on tuvastada ja muuta negatiivseid uskumusi, stsenaariume ja hirme, mis on meisse sisendatud lapsep\u00f5lvest, s\u00fcnnist ja \u00fchiskonnast. M\u00e4ngu eesm\u00e4rk on tuvastada ja lahendada konkreetseid probleeme, millega osaleja v\u00f5ib praegu silmitsi seista. Programmi l\u00f5petamisel on igal osalejal selge arusaam soovitud transformatsioonist ja selle saavutamiseks vajalikust protsessist. Protsessi k\u00e4igus saadud arusaamade valguses on oluline m\u00f5ista ka kujunenud negatiivsete uskumuste tagamaid.<\/p>\n<p>Selle l\u00e4henemisviisi \u00fcks peamisi eeliseid on see, et see n\u00f5uab minimaalset h\u00f5lbustamist. Iga osaleja vastutab oma olukorra anal\u00fc\u00fcsi l\u00e4biviimise eest, mis paljastab m\u00e4ngu. Koolitaja vastutab osalejatele vajaduse korral tuge ja juhendamist ning nende arusaamade ja vaatenurga pakkumist. Lisaks tuleb kasuks t\u00f5hus suhtlus grupis ja v\u00f5imalus saada \u00fclevaade teistelt osalejatelt.<br \/>\nM\u00e4ng koosneb kolmest tasemest ja ressursiv\u00e4ljast. M\u00e4ngija alustab protsessi algusest ja liigub l\u00f5puni, m\u00e4rkides \u00e4ra lahtrid, millel t\u00e4ringut veeretatakse. Algtasemele j\u00f5udmisel (uskumused lapsep\u00f5lvest) tuvastab m\u00e4ngija olemasolevad negatiivsed hoiakud, m\u00f5istab nende p\u00e4ritolu (hinge \u00f5ppetunnid) ja m\u00e4\u00e4rab, millised positiivsed uskumused vajavad arendamist. Lisaks v\u00f5imaldab ressursside v\u00e4li kasutajal kindlaks teha konkreetsed toimingud, mis on vajalikud teisenduse l\u00f5puleviimiseks. Samamoodi h\u00f5lmab teine tasand esivanemate stsenaariumide ja v\u00f5imalike lahenduste \u00e4ratundmist. M\u00e4ngu kolmas tase, mis tegeleb hirmudega, ei ole k\u00f5igile m\u00e4ngijatele k\u00e4ttesaadav. Sinna j\u00f5udes t\u00f6\u00f6tab inimene s\u00fcgavalt juurdunud hirmudega, tuvastades alternatiivseid tundeid. M\u00e4ngu l\u00f5pus saab iga osaleja \u00fclevaate m\u00e4ngu laiematest tagaj\u00e4rgedest ja jagab k\u00f5igi osalejatega, kuidas see on seotud nendega, nende tunnetega ja v\u00f5imalike arusaamatustega ning kuidas nad kavatsevad seda oma elus rakendada. Koolitaja annab juhiseid tagamaks, et osalejal on selge arusaam ja ta suudab protsessis t\u00f5husalt liikuda.<\/p>\n<p>M\u00e4ngu k\u00e4igus saate:<\/p>\n<p>\u2013 Hankige ressurss ja arusaam, kuidas edasi liikuda. See m\u00e4ng on kogutud kogemuste kvintessents ja viimane etapp meist iga\u00fche uuele elutasemele \u00fcleminekul;<\/p>\n<p>\u2013 tuvastada ja muuta negatiivseid uskumusi, stsenaariume ja hirme, mis on meisse lapsep\u00f5lves, s\u00fcnniga, \u00fchiskonnast kaasa antud;<\/p>\n<p>\u2013 Saage aru, milliseks negatiivseks olekuks tuleks transformeerida, milleks ja kuidas!<\/p>\n<p>Loonud Alexandra Melezhik<\/p>","protected":false},"excerpt":{"rendered":"<p>Eye of Destiny: lapsep\u00f5lve ja esivanemate mustrite muutmine<\/p>\n<p>Eye of Destiny on \u00fcmberkujundamism\u00e4ng, mille eesm\u00e4rk on aidata teil avastada ja muuta lapsep\u00f5lves v\u00e4ljakujunenud negatiivseid hoiakuid, esivanemate stsenaariume ja s\u00fcgavalt juurdunud hirme. M\u00e4ngu k\u00e4igus uurite korduvaid olukordi, negatiivseid mustreid ja sisemisi konflikte, et m\u00f5ista nende juuri ja kuidas neid muuta. See m\u00e4ng, mis on inspireeritud iidsest k\u00f5iken\u00e4geva silma s\u00fcmbolist, juhatab teid eneseteadlikkuse poole, v\u00f5imaldades teil n\u00e4ha igap\u00e4evaelust kaugemale, v\u00f5tta omaks oma sisemine tarkus ning saada selgust oma tee ja \u00f5ppetundide \u00fcle, mida teie hing soovib \u00f5ppida.<\/p>","protected":false},"featured_media":8999,"comment_status":"open","ping_status":"closed","template":"","meta":[],"product_brand":[],"product_cat":[18,57,55],"product_tag":[],"class_list":{"0":"post-8997","1":"product","2":"type-product","3":"status-publish","4":"has-post-thumbnail","6":"product_cat-psychological-games-2","7":"product_cat-family-scenarios-birth-programs","8":"product_cat-goal-dream-analysis-of-situations-events","10":"first","11":"outofstock","12":"taxable","13":"shipping-taxable","14":"product-type-simple"},"_links":{"self":[{"href":"https:\/\/shercards.com\/et\/wp-json\/wp\/v2\/product\/8997","targetHints":{"allow":["GET"]}}],"collection":[{"href":"https:\/\/shercards.com\/et\/wp-json\/wp\/v2\/product"}],"about":[{"href":"https:\/\/shercards.com\/et\/wp-json\/wp\/v2\/types\/product"}],"replies":[{"embeddable":true,"href":"https:\/\/shercards.com\/et\/wp-json\/wp\/v2\/comments?post=8997"}],"wp:featuredmedia":[{"embeddable":true,"href":"https:\/\/shercards.com\/et\/wp-json\/wp\/v2\/media\/8999"}],"wp:attachment":[{"href":"https:\/\/shercards.com\/et\/wp-json\/wp\/v2\/media?parent=8997"}],"wp:term":[{"taxonomy":"product_brand","embeddable":true,"href":"https:\/\/shercards.com\/et\/wp-json\/wp\/v2\/product_brand?post=8997"},{"taxonomy":"product_cat","embeddable":true,"href":"https:\/\/shercards.com\/et\/wp-json\/wp\/v2\/product_cat?post=8997"},{"taxonomy":"product_tag","embeddable":true,"href":"https:\/\/shercards.com\/et\/wp-json\/wp\/v2\/product_tag?post=8997"}],"curies":[{"name":"wp","href":"https:\/\/api.w.org\/{rel}","templated":true}]}}