{"id":9001,"date":"2024-09-17T09:15:35","date_gmt":"2024-09-17T09:15:35","guid":{"rendered":"https:\/\/shercards.com\/?post_type=product&#038;p=9001"},"modified":"2025-10-20T10:13:00","modified_gmt":"2025-10-20T10:13:00","slug":"transformational-game-energies-of-destination","status":"publish","type":"product","link":"https:\/\/shercards.com\/et\/toode\/transformational-game-energies-of-destination\/","title":{"rendered":"\u00dcmberkujundamism\u00e4ng &quot;Sihtkoha energiad&quot;"},"content":{"rendered":"<p>Transformatsioonim\u00e4ng nimega &quot;Sihtkoha energiad&quot; on loodud selleks, et aidata inimestel m\u00f5ista oma hinge tegelikke vajadusi ja \u00fcletada takistusi oma eneseteostuse teekonnal. M\u00e4ngu esindab kuldne l\u00e4bil\u00f5ige, mis s\u00fcmboliseerib struktuurset harmooniat ja pakub sissevaateid maailma harmoonilisest \u00fclesehitusest.<\/p>\n<p>M\u00e4ngu eesm\u00e4rk on paljastada, realiseerida ja kaasata seisundeid ja omadusi, mis aitavad kaasa inimese saatuse kujunemisele. M\u00e4ngu edenedes puutub m\u00e4ngija kokku erinevate energiatega, millele nad peavad sel hetkel t\u00e4helepanu p\u00f6\u00f6rama, et t\u00f6\u00f6tada l\u00e4bi blokkide ja piiravate uskumuste, mis takistavad nende isiklikku kasvu.<\/p>\n<p>Lisaks v\u00f5imaldab m\u00e4ng inimestel tuvastada takistused, millega nad v\u00f5ivad oma eluteel kokku puutuda, ja m\u00e4\u00e4rata igas etapis sobivaima viisi enda \u00fcmberkujundamiseks. Samuti aitab see m\u00e4ngijatel kindlaks teha tegevusvaldkonnad, millele nad peaksid keskenduma, ning annab juhiseid neile saadaolevate ressursside ja toe kohta.<\/p>\n<p>M\u00e4ng koosneb viiest tasemest, millest iga\u00fcks on esindatud erineva v\u00e4rviga, mis vastab inimese energiakeskustele, alustades punasest ja edenedes lillani. Esimesel tasemel koguvad m\u00e4ngijad sihtkoha energiaid, et neid de\u0161ifreerida ja m\u00f5ista, samuti saada m\u00e4ngust s\u00f5numeid. Teine tasand h\u00f5lmab navigeerimist l\u00e4bi takistuste ja piiravaid uskumusi, mis takistavad saadud energiate avamist.<\/p>\n<p>Kolmandal tasemel juhendab m\u00e4ng m\u00e4ngijaid parimal viisil, et nad saaksid oma energiast l\u00e4htuvalt end muuta. Neljas tase t\u00f5stab esile valdkonnad, mis \u00fchtivad m\u00e4ngija energiatega ja on neile k\u00f5ige soodsamad. L\u00f5puks n\u00e4itab viies tase m\u00e4ngijale tema teel saadaolevaid abilisi v\u00f5i tugis\u00fcsteeme.<\/p>\n<p>Kui m\u00e4ngija on k\u00f5ik tasemed l\u00e4binud, tegeleb ta meditatiivsete kaartide-olekute kaudu edasise m\u00f5tisklemise ja m\u00f5istmisega, uurides, miks teatud sihtkoha energiad on nendega resoneerinud ja miks nad on kokku puutunud konkreetsete olukordade v\u00f5i v\u00e4ljakutsetega.<\/p>\n<p>Kokkuv\u00f5ttes pakub m\u00e4ng &quot;Sihtkoha energiad&quot; \u00fcmberkujundavat kogemust, aidates inimestel \u00e4ra tunda oma hinge t\u00f5elisi vajadusi, \u00fcletada takistusi ja joonduda oma saatusega. T\u00e4nu oma ainulaadsele mehaanikale ning energiate ja v\u00e4rvide esitusviisile alustavad m\u00e4ngijad eneseleidmise ja isikliku kasvu teekonda.<\/p>\n<p>Loonud Alexandra Malezhik<\/p>","protected":false},"excerpt":{"rendered":"<p>&quot;Sihtkoha energiad&quot; on transformatsioonim\u00e4ng, mis juhendab teid m\u00f5istma oma hinge t\u00f5elisi soove ja \u00fcletama takistusi teie eneseteostuse teel. Kuldsest l\u00f5ikest inspireerituna paljastab see universumi harmoonia ja aitab sul avada oma potentsiaali.<\/p>\n<p>Mida oodata:<\/p>\n<ul>\n<li>\u00a0Avastage 5 taset, millest iga\u00fcks on koosk\u00f5las energiakeskustega, et paljastada plokid ja piiravad uskumused.<\/li>\n<li>\u00a0Saate oma elus selgust takistuste, transformatsiooniteede ja toetavate energiate kohta.<\/li>\n<li>\u00a0T\u00f6\u00f6tage oma teekonna s\u00fcgavaks m\u00f5istmiseks meditatiivsete kaartidega.<\/li>\n<\/ul>\n<p>Alustage seda teekonda, et avastada ja paljastada oma t\u00f5eline mina.<\/p>","protected":false},"featured_media":9004,"comment_status":"open","ping_status":"closed","template":"","meta":[],"product_brand":[],"product_cat":[18,55,53],"product_tag":[],"class_list":{"0":"post-9001","1":"product","2":"type-product","3":"status-publish","4":"has-post-thumbnail","6":"product_cat-psychological-games-2","7":"product_cat-goal-dream-analysis-of-situations-events","8":"product_cat-self-knowledge-acquaintance-with-the-inner-world","10":"first","11":"outofstock","12":"taxable","13":"shipping-taxable","14":"product-type-simple"},"_links":{"self":[{"href":"https:\/\/shercards.com\/et\/wp-json\/wp\/v2\/product\/9001","targetHints":{"allow":["GET"]}}],"collection":[{"href":"https:\/\/shercards.com\/et\/wp-json\/wp\/v2\/product"}],"about":[{"href":"https:\/\/shercards.com\/et\/wp-json\/wp\/v2\/types\/product"}],"replies":[{"embeddable":true,"href":"https:\/\/shercards.com\/et\/wp-json\/wp\/v2\/comments?post=9001"}],"wp:featuredmedia":[{"embeddable":true,"href":"https:\/\/shercards.com\/et\/wp-json\/wp\/v2\/media\/9004"}],"wp:attachment":[{"href":"https:\/\/shercards.com\/et\/wp-json\/wp\/v2\/media?parent=9001"}],"wp:term":[{"taxonomy":"product_brand","embeddable":true,"href":"https:\/\/shercards.com\/et\/wp-json\/wp\/v2\/product_brand?post=9001"},{"taxonomy":"product_cat","embeddable":true,"href":"https:\/\/shercards.com\/et\/wp-json\/wp\/v2\/product_cat?post=9001"},{"taxonomy":"product_tag","embeddable":true,"href":"https:\/\/shercards.com\/et\/wp-json\/wp\/v2\/product_tag?post=9001"}],"curies":[{"name":"wp","href":"https:\/\/api.w.org\/{rel}","templated":true}]}}