{"id":9006,"date":"2024-09-17T09:36:39","date_gmt":"2024-09-17T09:36:39","guid":{"rendered":"https:\/\/shercards.com\/?post_type=product&#038;p=9006"},"modified":"2025-10-20T10:13:00","modified_gmt":"2025-10-20T10:13:00","slug":"transformational-game-dreamcatcher","status":"publish","type":"product","link":"https:\/\/shercards.com\/et\/toode\/transformational-game-dreamcatcher\/","title":{"rendered":"\u00dcmberkujundamism\u00e4ng &quot;Unen\u00e4op\u00fc\u00fcdja&quot;"},"content":{"rendered":"<p>M\u00e4ng &quot;Dreamcatcher&quot; on k\u00e4egakatsutav reaalne kogemus, mille loovad ja elavad m\u00e4ngijad erinevate rollide ja tegelaste abiga. Iga m\u00e4ngija liigub l\u00e4bi oma ainulaadse teekonna, saades uusi \u00fclesandeid ja suheldes teiste m\u00e4ngijatega m\u00e4\u00e4ratud etappidel. M\u00e4ng v\u00f5imaldab kasutajatel kujundada oma narratiivi, suhelda teiste m\u00e4ngijatega ja t\u00f6\u00f6tada v\u00e4lja kohandatud probleemide lahendamise metoodika.<\/p>\n<ul>\n<li>See aitab teil:<\/li>\n<li>Tuvastage reaalsuse varjatud aspektid, mis muidu v\u00f5ivad m\u00e4rkamatuks j\u00e4\u00e4da.<\/li>\n<li>Avaldage piiravaid uskumusi ja muutke need konstruktiivsemaks.<\/li>\n<li>\u00d5ppige, kuidas luua tugevamaid suhteid.<\/li>\n<li>Saate teistelt enda kohta teadmisi.<\/li>\n<li>Kogege enda erinevaid versioone ja valige oma p\u00e4ringu jaoks optimaalne.<\/li>\n<li>Luba uuel infol oma ellu siseneda ja lase lahti vanast, m\u00f6\u00f6dudes v\u00f5imalikest takistustest.<\/li>\n<li>Avastage oma tugevad k\u00fcljed ja kasutage neid oma eesm\u00e4rkide saavutamiseks.<\/li>\n<li>Laske oma intuitsioon valla ja \u00f5ppige selle s\u00f5numeid kuulma.<\/li>\n<li>Leidke lahendus ja vaadake seda 3D-vormingus.<\/li>\n<li>Saavutage terviklikkus ja vaadake oma otsuste teed.<\/li>\n<\/ul>\n<p>\u201cUnen\u00e4op\u00fc\u00fcdja\u201d trikk on uurida oma p\u00e4ringut oma alateadvusega suhtlemise kaudu erinevate kangelaste \u2013 tegelaste \u2013 abil nende strateegiate, omaduste ja elulugude kaudu.<\/p>\n<p>&quot;Unen\u00e4op\u00fc\u00fcdja&quot; eesm\u00e4rk on saada olukorrast t\u00e4pne arusaam ja teha selle m\u00f5istmise p\u00f5hjal teadlik otsus.<\/p>\n<p>&quot;Unen\u00e4op\u00fc\u00fcdja&quot; on \u00fcles ehitatud kolme reaalsuse tasandi \u00fcmber, liikudes \u00fchest unen\u00e4ost teise. Need on protsessi p\u00f5hietapid: kolm reaalsuse taset on j\u00e4rgmised: &quot;Mina ja minu t\u00e4iskasvanuiga&quot;, &quot;Mina ja minu suhted&quot; ning &quot;Mina ja minu teostus&quot;.<br \/>\nIgal tasandil on kindel eesm\u00e4rk, tegevus ning uute kangelaste ja tegelaste komplekt.<\/p>\n<p>P\u00e4rast etappide l\u00e4bimist on m\u00e4ngijal k\u00e4ep\u00e4rast p\u00e4ringule lahendus.<\/p>","protected":false},"excerpt":{"rendered":"<p>&quot;Dreamcatcher&quot; on kaasahaarav m\u00e4ng, kus m\u00e4ngijad loovad ja navigeerivad oma unistustes erinevate rollide ja tegelaste kaudu. M\u00e4ng h\u00f5lmab isiklikke r\u00e4nnakuid \u00fclesannete ja interaktsioonidega, mis paljastavad varjatud eluaspekte, seavad proovile piiravad uskumused ja edendavad eneseteadvust. M\u00e4ngijad uurivad enda erinevaid versioone, suhtlevad erinevate kangelaste kaudu oma alateadvusega ja \u00f5pivad reaalsust selgelt tajuma. Kolmel tasandil \u2013 t\u00e4iskasvanueas, suhetes ja teostumises \u2013 \u201eUnen\u00e4op\u00fc\u00fcdja\u201d aitab m\u00e4ngijatel avastada probleemide lahendamise strateegiaid ja kasutada uusi v\u00f5imalusi.<\/p>\n<p>Autor Oksana Lazareva<\/p>","protected":false},"featured_media":9007,"comment_status":"open","ping_status":"closed","template":"","meta":[],"product_brand":[],"product_cat":[53,18],"product_tag":[],"class_list":{"0":"post-9006","1":"product","2":"type-product","3":"status-publish","4":"has-post-thumbnail","6":"product_cat-self-knowledge-acquaintance-with-the-inner-world","7":"product_cat-psychological-games-2","9":"first","10":"outofstock","11":"taxable","12":"shipping-taxable","13":"product-type-simple"},"_links":{"self":[{"href":"https:\/\/shercards.com\/et\/wp-json\/wp\/v2\/product\/9006","targetHints":{"allow":["GET"]}}],"collection":[{"href":"https:\/\/shercards.com\/et\/wp-json\/wp\/v2\/product"}],"about":[{"href":"https:\/\/shercards.com\/et\/wp-json\/wp\/v2\/types\/product"}],"replies":[{"embeddable":true,"href":"https:\/\/shercards.com\/et\/wp-json\/wp\/v2\/comments?post=9006"}],"wp:featuredmedia":[{"embeddable":true,"href":"https:\/\/shercards.com\/et\/wp-json\/wp\/v2\/media\/9007"}],"wp:attachment":[{"href":"https:\/\/shercards.com\/et\/wp-json\/wp\/v2\/media?parent=9006"}],"wp:term":[{"taxonomy":"product_brand","embeddable":true,"href":"https:\/\/shercards.com\/et\/wp-json\/wp\/v2\/product_brand?post=9006"},{"taxonomy":"product_cat","embeddable":true,"href":"https:\/\/shercards.com\/et\/wp-json\/wp\/v2\/product_cat?post=9006"},{"taxonomy":"product_tag","embeddable":true,"href":"https:\/\/shercards.com\/et\/wp-json\/wp\/v2\/product_tag?post=9006"}],"curies":[{"name":"wp","href":"https:\/\/api.w.org\/{rel}","templated":true}]}}