{"id":9009,"date":"2024-09-17T10:21:28","date_gmt":"2024-09-17T10:21:28","guid":{"rendered":"https:\/\/shercards.com\/?post_type=product&#038;p=9009"},"modified":"2024-10-14T12:54:26","modified_gmt":"2024-10-14T12:54:26","slug":"key-to-your-heart-metaphorical-cards","status":"publish","type":"product","link":"https:\/\/shercards.com\/et\/toode\/key-to-your-heart-metaphorical-cards\/","title":{"rendered":"Metafoorilised kaardid &quot;Sinu s\u00fcdame v\u00f5ti&quot;."},"content":{"rendered":"<p>&quot;Key to Your Heart&quot; on assotsiatiivne ja metafooriline kaart, mille on koostanud kunstiterapeut, muinasjututerapeut, stressivastase programmi Wings koolitaja, Ebru maalikunsti magister ja ps\u00fchholoogilise p\u00e4eviku &quot;Transformation of Reality: Four&quot; autor Tetiana Sherstiuk. rohelised lehed&quot;.<\/p>\n<p>See ainulaadne kaardikomplekt on loodud neile, kes on oma s\u00fcdames \u00e4rkvel. Iga kaart on teejuht sinu sisemaailma s\u00fcgavustesse, aidates sul avastada oma hinge salajasemaid nurki. Lihtsalt usaldage kaartide pilte, j\u00e4lgige oma assotsiatsioone ja kuulake ootamatult tekkivaid m\u00f5tteid ja tundeid. Nii leiate oma s\u00fcdame v\u00f5tme \u2013 k\u00f5ige v\u00e4\u00e4rtuslikuma asja elus.<\/p>\n<p>Kuidas kaarte kasutada?<\/p>\n<p>1. Sule silmad, hinga s\u00fcgavalt sisse ja mine s\u00fcgavale endasse.<br \/>\n2. V\u00f5tke kaardipakist kaart ja vaadake seda hoolikalt.<br \/>\n3. Mida sa n\u00e4ed? Milliseid pilte n\u00e4ete?<br \/>\n4. Mida need pildid sulle r\u00e4\u00e4givad? Milliseid tundeid need tekitavad?<br \/>\n5. Mida see pilt sulle \u00f6elda tahab?<\/p>\n<p>Need k\u00fcsimused aitavad sul avastada oma sisemaailma uusi tahke ja leida vastuseid olulistele eluk\u00fcsimustele.<\/p>\n<p>Pakis on 32 kaarti, mis on valmistatud Ebru tehnikas \u2013 akvarellmaal, mis on vanim loomingulise v\u00e4ljenduse ja meditatsiooni vorm. See on v\u00e4rvide tants, mis loob ainulaadseid mustreid, mis aitavad avastada oma sisemisi ressursse ja lahendada erinevaid elulisi v\u00e4ljakutseid. Ebru intuitiivne joonistus s\u00fcmboliseerib teekonda &quot;sisekosmosesse&quot;, kus l\u00e4bi pildi, v\u00e4rvi ja mustri saab tervendada ja kohandada sisemisi protsesse.<\/p>\n<p>Kaardid h\u00f5lmavad 8 p\u00f5hiteemat:<br \/>\nPortree sisemaailmast ja individuaalsuse seemned<\/p>\n<ul>\n<li>\u00a0Ideede ja eesm\u00e4rkide v\u00e4li<\/li>\n<li>\u00a0Ps\u00fchholoogiline immuunsus ja ohutus<\/li>\n<li>\u00a0Minu soovid ja unistused<\/li>\n<li>\u00a0Pilt minu perekonnast ja suguv\u00f5sast<\/li>\n<li>\u00a0Rahameister ja minu k\u00fclluse kuju<\/li>\n<li>\u00a0Suhete muster ja armastuse j\u00f5ud<\/li>\n<li>\u00a0Minu iseloom ja minu peamine eluj\u00f5ud<\/li>\n<\/ul>\n<p>Sukelduge p\u00f5nevasse r\u00e4nnakule oma hinge s\u00fcgavustesse, avage uks oma emotsioonidele ja leidke Tetiana Sherstiuki assotsiatiivsete ja metafooriliste kaartide abil oma s\u00fcdamev\u00f5ti!<\/p>\n<p>Lisainfo:<\/p>\n<p>Kaal \u2013 290 g;<br \/>\nFormaat \u2013 150 x 130mm;<br \/>\nPehme kate;<br \/>\n32 kaarti;<br \/>\nSaadaval vene keeles.<\/p>","protected":false},"excerpt":{"rendered":"<p>\u201cKey to Your Heart\u201d on ainulaadne kaardikomplekt, mille on loonud kunstiterapeut ja autor Tetiana Sherstiuk. Kaardid on loodud selleks, et aidata inimestel avastada oma sisemaailma ja avada oma hinge saladused. Kaartidel olevaid pilte kasutades julgustatakse inimesi j\u00e4lgima oma assotsiatsioone ning kuulama tekkivaid m\u00f5tteid ja tundeid. Kaartidel on kasutatud Ebru tehnikat, akvarellmaali, mis on tuntud oma meditatiivsete omaduste poolest. Kaartide v\u00e4rvide abil loodud mustrid on m\u00f5eldud selleks, et aidata inimestel kasutada oma sisemisi ressursse ja leida lahendusi elu v\u00e4ljakutsetele. Pakk koosneb 32 kaardist, mis h\u00f5lmavad kaheksat p\u00f5hiteemat, sealhulgas individuaalsus, eesm\u00e4rgid, turvalisus, soovid, perekond, k\u00fcllus, suhted ja iseloom. Nende assotsiatiivsete ja metafooriliste kaartidega kutsutakse inimesi minema eneseleidmise teekonnale ja leidma oma s\u00fcdame v\u00f5ti.<\/p>","protected":false},"featured_media":9010,"comment_status":"open","ping_status":"closed","template":"","meta":[],"product_brand":[],"product_cat":[20,37],"product_tag":[],"class_list":{"0":"post-9009","1":"product","2":"type-product","3":"status-publish","4":"has-post-thumbnail","6":"product_cat-metaphorical-cards","7":"product_cat-feelings-abstract-mandalas","9":"first","10":"instock","11":"featured","12":"taxable","13":"shipping-taxable","14":"purchasable","15":"product-type-simple"},"_links":{"self":[{"href":"https:\/\/shercards.com\/et\/wp-json\/wp\/v2\/product\/9009","targetHints":{"allow":["GET"]}}],"collection":[{"href":"https:\/\/shercards.com\/et\/wp-json\/wp\/v2\/product"}],"about":[{"href":"https:\/\/shercards.com\/et\/wp-json\/wp\/v2\/types\/product"}],"replies":[{"embeddable":true,"href":"https:\/\/shercards.com\/et\/wp-json\/wp\/v2\/comments?post=9009"}],"wp:featuredmedia":[{"embeddable":true,"href":"https:\/\/shercards.com\/et\/wp-json\/wp\/v2\/media\/9010"}],"wp:attachment":[{"href":"https:\/\/shercards.com\/et\/wp-json\/wp\/v2\/media?parent=9009"}],"wp:term":[{"taxonomy":"product_brand","embeddable":true,"href":"https:\/\/shercards.com\/et\/wp-json\/wp\/v2\/product_brand?post=9009"},{"taxonomy":"product_cat","embeddable":true,"href":"https:\/\/shercards.com\/et\/wp-json\/wp\/v2\/product_cat?post=9009"},{"taxonomy":"product_tag","embeddable":true,"href":"https:\/\/shercards.com\/et\/wp-json\/wp\/v2\/product_tag?post=9009"}],"curies":[{"name":"wp","href":"https:\/\/api.w.org\/{rel}","templated":true}]}}