{"id":9014,"date":"2024-09-19T09:37:05","date_gmt":"2024-09-19T09:37:05","guid":{"rendered":"https:\/\/shercards.com\/?post_type=product&#038;p=9014"},"modified":"2024-11-22T10:47:47","modified_gmt":"2024-11-22T10:47:47","slug":"transformation-of-reality-four-green-leaves-transformational-diary-of-metaphorical-cards-english-version","status":"publish","type":"product","link":"https:\/\/shercards.com\/et\/toode\/transformation-of-reality-four-green-leaves-transformational-diary-of-metaphorical-cards-english-version\/","title":{"rendered":"&quot;Reaalsuse muutumine: neli rohelist lehte&quot; Metafoorsete kaartide transformatsioonip\u00e4evik. Ingliskeelne versioon"},"content":{"rendered":"<p><strong>Metafoorsete kaartide transformatsioonip\u00e4evik<\/strong><br \/>\n<strong>&quot;Reaalsuse \u00fcmberkujundamine: neli rohelist lehte&quot;<\/strong><\/p>\n<p>Avage eneseavastamise saladused rakendusega <strong>Metafoorsete kaartide \u00fcmberkujunemisp\u00e4evik &quot;Reaalsuse muutumine: neli rohelist lehte&quot;<\/strong>\u2013 terviklik t\u00f6\u00f6riist, mis \u00fchendab endas teooria, loovuse ja ainulaadsed metafoorsed kaardid. See neljalehelise ristiku s\u00fcmboolikast inspireeritud p\u00e4evik juhatab lugejaid tasakaalu, harmoonia ja loomingulise \u00e4rkamise teekonnale.<\/p>\n<h3><strong>S\u00fcmbolism ja teema<\/strong><\/h3>\n<p>P\u00e4eviku keskmes on m\u00fcstiline s\u00fcmboolika <strong>neljaleheline ristik<\/strong>, kus iga kroonleht \u00fchendub \u00fchega <strong>neli elementi<\/strong>:<\/p>\n<ul>\n<li><strong>Tulekahju<\/strong>: Kirg, energia ja transformatsioon.<\/li>\n<li><strong>Maa<\/strong>: stabiilsus, maandus ja kasv.<\/li>\n<li><strong>\u00d5hk<\/strong>: Intellekt, selgus ja suhtlus.<\/li>\n<li><strong>Vesi<\/strong>: Emotsioon, intuitsioon ja kohanemisv\u00f5ime.<\/li>\n<\/ul>\n<p>See s\u00fcmboolika peegeldab meist iga\u00fche ainulaadseid omadusi, pakkudes lugejatele vahendeid oma sisemaailma tasakaalustamiseks ning loovuse ja harmoonia kasvatamiseks oma elus.<\/p>\n<h3><strong>Omadused ja eelised<\/strong><\/h3>\n<p>See ainulaadne p\u00e4evik sisaldab:<\/p>\n<ul>\n<li><strong>Teoreetilised \u00fclevaated<\/strong>: uurib ristiku ja elementide s\u00fcmboolset t\u00e4hendust, sidudes need isikuomaduste ja kasvuga.<\/li>\n<li><strong>Praktilised harjutused<\/strong>: osalege praktilistes tegevustes, alates isikup\u00e4rastatud kinnituste koostamisest kuni meditatiivse p\u00e4eviku pidamiseni.<\/li>\n<li><strong>Kunstiline v\u00e4ljendus<\/strong>: v\u00e4rvige metafoorseid kaarte ja avage oma loominguline potentsiaal kunstilise uurimise kaudu.<\/li>\n<li><strong>Kinnitusluuletused<\/strong>: Nautige meeli\u00fclendavaid ja originaalseid salme, mis inspireerivad oma igap\u00e4evast praktikat.<\/li>\n<li><strong>MAC-i integreerimine<\/strong>: Kasutage kaasas olevat 28 ainulaadset komplekti <strong>Metafoorilised assotsiatiivsed kaardid<\/strong> intuitiivsete arusaamade, eneserefleksiooni ja loominguliste harjutuste jaoks.<\/li>\n<\/ul>\n<h3><strong>Mis on kaasas<\/strong><\/h3>\n<ol>\n<li><strong>K\u00f5vakaaneline p\u00e4evik<\/strong>:\n<ul>\n<li>100 kaunilt kujundatud elastse sulguriga lehte.<\/li>\n<li><strong>Suurus<\/strong>: 15 cm x 21 cm.<\/li>\n<li>Mugavuse huvides on kaasas j\u00e4rjehoidja.<\/li>\n<\/ul>\n<\/li>\n<li><strong>Metafoorilised kaardid (MAC)<\/strong>:\n<ul>\n<li>28 ainulaadset kahepoolset kaarti.<\/li>\n<li><strong>Suurus<\/strong>: 10 cm x 18 cm.<\/li>\n<li>M\u00f5eldud v\u00e4rvimiseks ja loomingulisteks harjutusteks.<\/li>\n<\/ul>\n<\/li>\n<li><strong>Silver Clover Charm k\u00e4ev\u00f5ru<\/strong>:\n<ul>\n<li>Nahast k\u00e4ev\u00f5ru h\u00f5bedase ristiku s\u00fcmboliga kui tasakaalu ja \u00f5nne talisman.<\/li>\n<\/ul>\n<\/li>\n<li><strong>P\u00f5hjalikud juhised<\/strong>:\n<ul>\n<li>\u00dcksikasjalikud juhised kaartide kasutamiseks ja harjutuste sooritamiseks.<\/li>\n<\/ul>\n<\/li>\n<\/ol>\n<h3><strong>Keeled ja juurdep\u00e4\u00e4setavus<\/strong><\/h3>\n<p>Saadaval aastal <strong>ukraina, inglise, hispaania ja vene keeles<\/strong>, muutes selle \u00fclemaailmsele vaatajaskonnale k\u00e4ttesaadavaks t\u00f6\u00f6riistaks.<\/p>\n<h3><strong>Autori kohta<\/strong><\/h3>\n<p><strong>Tetiana Sherstiuk<\/strong>, tunnustatud kunstiterapeut, muinasjututerapeut ja Ebru maalitehnika meister, on ka transformatiivse stressivastase programmi looja. <strong>&quot;Tiivad.&quot;<\/strong> Tema asjatundlikkus ja kirg eneseleidmise, tasakaalu ja loomingulise tervendamise vastu on ilmne igal lehel ja kaardil.<\/p>\n<p>The <strong>Metafoorsete kaartide \u00fcmberkujunemisp\u00e4evik &quot;Reaalsuse muutumine: neli rohelist lehte&quot;<\/strong> on eneseavastamise t\u00f6\u00f6riist, mis sisaldab teooriat, praktilisi harjutusi, kinnitusluuletusi ja ainulaadseid metafoorseid assotsiatiivseid kaarte (MAC). Keskendudes s\u00fcmboolsele neljalehelisele ristikule ja elementidele \u2013 tulele, maale, \u00f5hule ja veele \u2013 pakub see loomingulist ja terviklikku l\u00e4henemist isiklikule kasvule. Loonud kunstiterapeut <strong>Tetiana Sherstiuk<\/strong>, inspireerib p\u00e4evik tasakaalu, harmooniat ja enesev\u00e4ljendust.<\/p>\n<p>Komplekti kuuluvad k\u00f5vakaaneline p\u00e4evik (15\u00d721 cm), 28 MAC-i (10\u00d718 cm), h\u00f5bedase ristiku v\u00f5luga nahast k\u00e4ev\u00f5ru, j\u00e4rjehoidja ja juhised. Saadaval aastal <strong>ukraina, inglise, hispaania ja vene keeles<\/strong>.<\/p>\n<p>Muutke oma reaalsust \u2013 \u00fcks roheline leht korraga.<\/p>\n<h3><strong>Miks valida see p\u00e4evik?<\/strong><\/h3>\n<ul>\n<li><strong>Terviklik l\u00e4henemine<\/strong>: \u00dchendab teooria, loovuse ja enesevaatluse.<\/li>\n<li><strong>Isikup\u00e4rastatud kasv<\/strong>: kohandatud teie teekonnale, pakkudes t\u00f6\u00f6riistu emotsioonide, tunnuste ja soovide uurimiseks.<\/li>\n<li><strong>Interaktiivsed t\u00f6\u00f6riistad<\/strong>: sisaldab MAC-e kaasahaaravate ja d\u00fcnaamiliste kogemuste jaoks.<\/li>\n<li><strong>T\u00e4iuslik kingitus<\/strong>: t\u00e4hendusrikas kingitus iga\u00fchele, kes on eneseleidmise ja kasvu teel.<\/li>\n<\/ul>","protected":false},"excerpt":{"rendered":"<p>The <strong>Metafoorsete kaartide \u00fcmberkujunemisp\u00e4evik &quot;Reaalsuse muutumine: neli rohelist lehte&quot;<\/strong> on eneseavastamise t\u00f6\u00f6riist, mis sisaldab teooriat, praktilisi harjutusi, kinnitusluuletusi ja ainulaadseid metafoorseid assotsiatiivseid kaarte (MAC). Keskendudes s\u00fcmboolsele neljalehelisele ristikule ja elementidele \u2013 tulele, maale, \u00f5hule ja veele \u2013 pakub see loomingulist ja terviklikku l\u00e4henemist isiklikule kasvule. Loonud kunstiterapeut <strong>Tetiana Sherstiuk<\/strong>, inspireerib p\u00e4evik tasakaalu, harmooniat ja enesev\u00e4ljendust.<\/p>\n<p>Komplekti kuuluvad k\u00f5vakaaneline p\u00e4evik (15\u00d721 cm), 28 MAC-i (10\u00d718 cm), h\u00f5bedase ristiku v\u00f5luga nahast k\u00e4ev\u00f5ru, j\u00e4rjehoidja ja juhised. Saadaval aastal <strong>ukraina, inglise, hispaania ja vene keeles<\/strong>.<\/p>\n<p>Muutke oma reaalsust \u2013 \u00fcks roheline leht korraga.<\/p>","protected":false},"featured_media":9016,"comment_status":"open","ping_status":"closed","template":"","meta":[],"product_brand":[],"product_cat":[20,63,41,61,40,26,22,59],"product_tag":[],"class_list":{"0":"post-9014","1":"product","2":"type-product","3":"status-publish","4":"has-post-thumbnail","6":"product_cat-metaphorical-cards","7":"product_cat-accessories","8":"product_cat-books-on-metaphorical-cards","9":"product_cat-books-cards","10":"product_cat-books-postcards","11":"product_cat-resources","12":"product_cat-womens-mens","13":"product_cat-workbooks-albums","15":"first","16":"instock","17":"featured","18":"taxable","19":"shipping-taxable","20":"purchasable","21":"product-type-simple"},"_links":{"self":[{"href":"https:\/\/shercards.com\/et\/wp-json\/wp\/v2\/product\/9014","targetHints":{"allow":["GET"]}}],"collection":[{"href":"https:\/\/shercards.com\/et\/wp-json\/wp\/v2\/product"}],"about":[{"href":"https:\/\/shercards.com\/et\/wp-json\/wp\/v2\/types\/product"}],"replies":[{"embeddable":true,"href":"https:\/\/shercards.com\/et\/wp-json\/wp\/v2\/comments?post=9014"}],"wp:featuredmedia":[{"embeddable":true,"href":"https:\/\/shercards.com\/et\/wp-json\/wp\/v2\/media\/9016"}],"wp:attachment":[{"href":"https:\/\/shercards.com\/et\/wp-json\/wp\/v2\/media?parent=9014"}],"wp:term":[{"taxonomy":"product_brand","embeddable":true,"href":"https:\/\/shercards.com\/et\/wp-json\/wp\/v2\/product_brand?post=9014"},{"taxonomy":"product_cat","embeddable":true,"href":"https:\/\/shercards.com\/et\/wp-json\/wp\/v2\/product_cat?post=9014"},{"taxonomy":"product_tag","embeddable":true,"href":"https:\/\/shercards.com\/et\/wp-json\/wp\/v2\/product_tag?post=9014"}],"curies":[{"name":"wp","href":"https:\/\/api.w.org\/{rel}","templated":true}]}}