{"id":9050,"date":"2024-09-24T11:14:54","date_gmt":"2024-09-24T11:14:54","guid":{"rendered":"https:\/\/shercards.com\/?post_type=product&#038;p=9050"},"modified":"2024-11-21T10:55:41","modified_gmt":"2024-11-21T10:55:41","slug":"manifestation-metaphorical-cards-french-version","status":"publish","type":"product","link":"https:\/\/shercards.com\/et\/toode\/manifestation-metaphorical-cards-french-version\/","title":{"rendered":"Metafoorilised kaardid &quot;Avaldus&quot;. Prantsuse versioon"},"content":{"rendered":"<p><strong>&quot;Manifestatsioon&quot;<\/strong> \u2013 Teekond kultuuriliste juurte ja isikliku muutumise juurde<\/p>\n<p>&quot;<strong>Manifestatsioon&quot;<\/strong> tekk on vapustav komplekt 36 metafoorsest assotsiatsioonikaardist, mis p\u00f5imib kultuurip\u00e4randi isikliku uurimist\u00f6\u00f6ga. Illustreerinud andekas kunstnik <strong>Olya Haydamaka<\/strong>, iga kaart kajastab etniliste traditsioonide olemust, kujutades s\u00fcgavat sidet naise hinge, tema maa ja esivanemate p\u00e4ritolu vahel.<\/p>\n<p>Nende kaartide erksad v\u00e4rvid ja s\u00fcmboolsed kujundid kutsuvad teid s\u00fcvenema identiteedi, perekonna, j\u00f5u ja kuuluvuse teemadesse. Tagak\u00fcljel on l\u00e4bin\u00e4gelikud fraasid \u00f5rnad juhised, mis aitavad teil luua \u00fchenduse oma sisemise minaga ja leida selgust eluk\u00fcsimuste keskel.<\/p>\n<h3><strong>Teemad ja eesm\u00e4rk<\/strong><\/h3>\n<p>&quot;<strong>Manifestatsioon&quot;<\/strong> tekk on m\u00f5eldud:<\/p>\n<ul>\n<li>T\u00e4histage kultuurip\u00e4randit ja esivanemate tarkuse j\u00f5udu.<\/li>\n<li>Aidake kasutajatel avastada oma identiteeti ja luua \u00fchendust oma juurtega.<\/li>\n<li>Suurendage tugevust ja vastupidavust s\u00fcmboolsete kujundite ja sisekaemuslike juhiste abil.<\/li>\n<li>Pakkuge juhendamist ja emotsionaalset tuge ebakindluse v\u00f5i muutumise hetkedel.<\/li>\n<\/ul>\n<h3><strong>Omadused ja kasutamine<\/strong><\/h3>\n<p>&quot;<strong>Manifestatsioon&quot;<\/strong> Tekk sobib ideaalselt:<\/p>\n<ul>\n<li><strong>Terapeutiline t\u00f6\u00f6:<\/strong> Kasulik ps\u00fchholoogidele, kunstiterapeutidele ja treeneritele, kes uurivad p\u00e4randi, eneseleidmise ja klientide m\u00f5juv\u00f5imu suurendamise teemasid.<\/li>\n<li><strong>Isiklik areng:<\/strong> Inspireerib inimesi oma emotsioonide ja kultuurilise identiteediga \u00fchendust v\u00f5tma.<\/li>\n<li><strong>Loomingulised tavad:<\/strong> Ideaalne ajakirjanduseks, mediteerimiseks ja kunstiliseks inspiratsiooniks.<\/li>\n<li><strong>Grupit\u00f6\u00f6:<\/strong> Julgustab sisukaid arutelusid identiteedi, kuuluvuse ja vastupidavuse \u00fcle.<\/li>\n<\/ul>\n<h3><strong>Mis on kaasas<\/strong><\/h3>\n<ul>\n<li><strong>36 illustreeritud kaarti:<\/strong> Iga kaart, millel on Olya Haydamaka etnilisest inspireeritud maalid, r\u00e4\u00e4gib loo \u00fchendusest ja muutumisest.<\/li>\n<li><strong>Kahe keele tugi:<\/strong> Saadaval ukraina, inglise ja prantsuse keeles, muutes selle k\u00e4ttesaadavaks \u00fclemaailmsele vaatajaskonnale.<\/li>\n<li><strong>Kangast s\u00e4ilituskott:<\/strong> Hoiab teie kaardid turvalisena ja kaasaskantavana.<\/li>\n<li><strong>Kasutusjuhend:<\/strong> Sisaldab v\u00f5tteid ja harjutusi individuaalseks v\u00f5i r\u00fchmat\u00f6\u00f6ks.<\/li>\n<li><strong>Karbi \u00fcmbris:<\/strong> Tugev ja stiilne konteiner hoiustamiseks ja kinkimiseks.<\/li>\n<\/ul>\n<h3><strong>Miks see tekk on ainulaadne<\/strong><\/h3>\n<p>&quot;<strong>Manifestatsioon&quot;<\/strong> tekk \u00fchendab kunstilise ilu kultuurilise s\u00fcgavusega, pakkudes:<\/p>\n<ul>\n<li>Ainulaadne fookus etnilistele motiividele ja esivanemate tarkusele.<\/li>\n<li>T\u00f6\u00f6riist naiste kollektiivse j\u00f5uga \u00fchenduse loomiseks l\u00e4bi ajaloo.<\/li>\n<li>V\u00e4rav identiteedi, maa ja perekonna p\u00f5imunud olemuse uurimiseks.<\/li>\n<\/ul>\n<p>Nende kaartidega t\u00f6\u00f6tades m\u00f5istate iseennast ja oma p\u00e4randit s\u00fcgavamalt, leiate inspiratsiooni elavast s\u00fcmboolikast ja l\u00e4bim\u00f5eldud vihjetest.<\/p>","protected":false},"excerpt":{"rendered":"<p><strong>&quot;Manifestatsioon&quot;<\/strong> on 36 metafoorsest etnilisest kaardist koosnev pakk, millel on esilekutsuvad kunstiteosed <strong>Olya Haydamaka<\/strong>, mis t\u00e4histab kultuurip\u00e4randit ja isiklikku muutumist. Saadaval aastal <strong>ukraina, inglise ja prantsuse keeles<\/strong>, see komplekt sisaldab riidest s\u00e4ilituskotti, kasutusjuhendit ja stiilset pakendit. Ideaalne teraapiaks, isiklikuks arenguks v\u00f5i loominguliseks uurimiseks, &quot;<strong>Manifestatsioon&quot;<\/strong> tekk aitab kasutajatel luua \u00fchenduse oma identiteedi, tugevuse ja esivanemate tarkusega.<\/p>\n<h5><strong>Toote \u00fcksikasjad<\/strong><\/h5>\n<ul>\n<li><strong>36 illustreeritud kaarti:<\/strong> Iga kaart, millel on Olya Haydamaka etnilisest inspireeritud maalid, r\u00e4\u00e4gib loo \u00fchendusest ja muutumisest.<\/li>\n<li><strong>Kahe keele tugi:<\/strong> Saadaval ukraina, inglise ja prantsuse keeles, muutes selle k\u00e4ttesaadavaks \u00fclemaailmsele vaatajaskonnale.<\/li>\n<li><strong>Kangast s\u00e4ilituskott:<\/strong> Hoiab teie kaardid turvalisena ja kaasaskantavana.<\/li>\n<li><strong>Kasutusjuhend:<\/strong> Sisaldab v\u00f5tteid ja harjutusi individuaalseks v\u00f5i r\u00fchmat\u00f6\u00f6ks.<\/li>\n<li><strong>Karbi \u00fcmbris:<\/strong> Tugev ja stiilne konteiner hoiustamiseks ja kinkimiseks.<\/li>\n<\/ul>\n<p>Avasta oma juured. V\u00f5tke oma j\u00f5ud omaks. T\u00e4histage oma lugu.<br \/>\nLaske &quot;<strong>Manifestatsioon&quot;<\/strong>\u00a0tekk juhatab teid eneseleidmise ja j\u00f5ustamise teekonnale.<\/p>\n<p>Looja Olga Ptakha<\/p>","protected":false},"featured_media":9195,"comment_status":"open","ping_status":"closed","template":"","meta":[],"product_brand":[],"product_cat":[20,26,27,22],"product_tag":[],"class_list":{"0":"post-9050","1":"product","2":"type-product","3":"status-publish","4":"has-post-thumbnail","6":"product_cat-metaphorical-cards","7":"product_cat-resources","8":"product_cat-universal","9":"product_cat-womens-mens","11":"first","12":"instock","13":"featured","14":"taxable","15":"shipping-taxable","16":"purchasable","17":"product-type-simple"},"_links":{"self":[{"href":"https:\/\/shercards.com\/et\/wp-json\/wp\/v2\/product\/9050","targetHints":{"allow":["GET"]}}],"collection":[{"href":"https:\/\/shercards.com\/et\/wp-json\/wp\/v2\/product"}],"about":[{"href":"https:\/\/shercards.com\/et\/wp-json\/wp\/v2\/types\/product"}],"replies":[{"embeddable":true,"href":"https:\/\/shercards.com\/et\/wp-json\/wp\/v2\/comments?post=9050"}],"wp:featuredmedia":[{"embeddable":true,"href":"https:\/\/shercards.com\/et\/wp-json\/wp\/v2\/media\/9195"}],"wp:attachment":[{"href":"https:\/\/shercards.com\/et\/wp-json\/wp\/v2\/media?parent=9050"}],"wp:term":[{"taxonomy":"product_brand","embeddable":true,"href":"https:\/\/shercards.com\/et\/wp-json\/wp\/v2\/product_brand?post=9050"},{"taxonomy":"product_cat","embeddable":true,"href":"https:\/\/shercards.com\/et\/wp-json\/wp\/v2\/product_cat?post=9050"},{"taxonomy":"product_tag","embeddable":true,"href":"https:\/\/shercards.com\/et\/wp-json\/wp\/v2\/product_tag?post=9050"}],"curies":[{"name":"wp","href":"https:\/\/api.w.org\/{rel}","templated":true}]}}