{"id":9088,"date":"2024-10-17T08:53:00","date_gmt":"2024-10-17T08:53:00","guid":{"rendered":"https:\/\/shercards.com\/?post_type=product&#038;p=9088"},"modified":"2024-12-16T11:07:07","modified_gmt":"2024-12-16T11:07:07","slug":"diamond-thoughts-metaphorical-cards","status":"publish","type":"product","link":"https:\/\/shercards.com\/et\/toode\/diamond-thoughts-metaphorical-cards\/","title":{"rendered":"&quot;Teemantm\u00f5tted&quot; metafoorilised kaardid"},"content":{"rendered":"<p><strong>&quot;Teemantm\u00f5tted&quot;<\/strong> \u2013 Tekk eneseleidmiseks ja isiklikuks kasvuks<\/p>\n<p>Kaasaegses kiires tempos on lihtne kaotada silmist elu k\u00f5ige olulisem aspekt: iseenda ja oma koha m\u00f5istmine selles. &quot;<strong>Teemantm\u00f5tted&quot;<\/strong> tekk pakub \u00f5rna, kuid s\u00fcgavat viisi oma t\u00e4helepanu uuesti keskendumiseks, sisemaailma uurimiseks ja eneseteadvuse aardete paljastamiseks.<\/p>\n<p>Iga kaart selles pakis on teie isikliku teemandi tahk, mis aitab teil m\u00f5tiskleda oma emotsioonide, tunnete, m\u00f5tete ja elusituatsioonide \u00fcle. Kaartidel olevad k\u00fcsimused juhivad teie eneseleidmise teekonda, suurendades teie teadlikkust ja paljastades teie isiksuse mitmem\u00f5\u00f5tmelise s\u00e4ra.<\/p>\n<h3><strong>Teemad ja eesm\u00e4rk<\/strong><\/h3>\n<p>&quot;<strong>Teemantm\u00f5tted&quot;<\/strong> MAC on m\u00f5eldud:<\/p>\n<ul>\n<li>Julgustada s\u00fcgavat eneserefleksiooni ja enesevaatlust.<\/li>\n<li>Aidake teil m\u00f5ista oma emotsioone, m\u00f5tteid ja elukogemusi.<\/li>\n<li>Andke \u00fclevaate isiklikust kasvust ja enesehinnangust.<\/li>\n<li>Toetage ressursside leidmist ja sisemist j\u00f5udu rasketel aegadel.<\/li>\n<\/ul>\n<h3><strong>Omadused ja kasutamine<\/strong><\/h3>\n<p>See tekk on mitmek\u00fclgne t\u00f6\u00f6riist:<\/p>\n<ul>\n<li><strong>Individuaalne n\u00f5ustamine:<\/strong> Aitab terapeutidel aidata klientidel emotsioone uurida ja varjatud arusaamu paljastada.<\/li>\n<li><strong>Grupit\u00f6\u00f6:<\/strong> S\u00fc\u00fctab sisukaid arutelusid ja kollektiivset kasvu.<\/li>\n<li><strong>Eneseavastus:<\/strong> Ideaalne isiklikuks m\u00f5tisklemiseks ja p\u00e4eviku pidamiseks.<\/li>\n<li><strong>Kombinatsioon teiste tekkidega:<\/strong> T\u00f6\u00f6tab sujuvalt rakendusega &quot;<strong>\u00d5hulossid\u201d<\/strong> ja muud metafoorsed assotsiatsioonikaardid.<\/li>\n<\/ul>\n<p>Kaardid on m\u00f5eldud inimestele, kes soovivad taastada endaga \u00fchendust ja avada oma potentsiaal, pakkudes \u00fcmberkujundavat selguse ja j\u00f5ustamise kogemust.<\/p>\n<h3><strong>Lisainfo<\/strong><\/h3>\n<ul>\n<li><strong>57 kaarti:<\/strong> Pehme puudutusega lamineerimine tagab esmaklassilise tunde ja iga kaart vastab teie sisemise teemandi &quot;tahule&quot;.<\/li>\n<li><strong>Kaardialus:<\/strong> Kott ja alus oma kuvamiseks <em>P\u00e4eva kaart<\/em>, mist\u00f5ttu on seda lihtne kogu p\u00e4eva jooksul kaasas kanda ja kajastada.<\/li>\n<li><strong>Kasutusjuhend:<\/strong> Sisaldab loomingulisi tehnikaid ja harjutusi oma tekist maksimumi saamiseks.<\/li>\n<li><strong>S\u00e4ilituskast:<\/strong> Tugev ja elegantne kast, mis hoiab teie teki kaitstuna.<\/li>\n<li><strong>Keel:<\/strong> ukrainlane.<\/li>\n<\/ul>\n<h3><strong>Miks see tekk on ainulaadne<\/strong><\/h3>\n<p>57 tahu kontseptsioon peegeldab t\u00e4iuslikku teemantl\u00f5iget, mis s\u00fcmboliseerib hoolikat eneseleidmise protsessi. Nende kaartidega t\u00f6\u00f6tades saate:<\/p>\n<ul>\n<li>Selgem arusaam oma tugevustest, v\u00e4\u00e4rtustest ja soovidest.<\/li>\n<li>Sissevaadet emotsionaalsete v\u00e4ljakutsete ja elu dilemmade lahendamiseks.<\/li>\n<li>Vahendid t\u00e4isv\u00e4\u00e4rtuslikuma ja t\u00e4hendusrikkama elu elamiseks.<\/li>\n<\/ul>\n<p>Need <em>teemantm\u00f5tted<\/em> pole ainult enda jaoks; nende v\u00e4\u00e4rtus seisneb selles, et neid jagatakse, rikastades teisi, andes samal ajal oma teekonnale j\u00f5udu.<\/p>","protected":false},"excerpt":{"rendered":"<p><strong>&quot;Teemantm\u00f5tted&quot;<\/strong> on 57 metafoorilisest kaardist koosnev pakk, mis on loodud eneseleidmiseks, j\u00e4relem\u00f5tlemiseks ja emotsionaalseks tervendamiseks. Ps\u00fchholoog Alla Svatoki loodud komplekt sisaldab alust oma v\u00e4ljapanekuks <em>P\u00e4eva kaart<\/em>, \u00fcksikasjalik juhend ja stiilne hoiukarp. Ideaalne terapeutidele, treeneritele v\u00f5i \u00fcksikisikutele, &quot;<strong>Teemantm\u00f5tted&quot;<\/strong> paljastab teie sisemise teemandi s\u00e4ra, aidates teil \u00fchenduda oma emotsioonide, m\u00f5tete ja elueesm\u00e4rgiga.<\/p>\n<h5><strong>Toote \u00fcksikasjad<\/strong><\/h5>\n<ul>\n<li><strong>57 kaarti:<\/strong> Pehme puudutusega lamineerimine tagab esmaklassilise tunde ja iga kaart vastab teie sisemise teemandi &quot;tahule&quot;.<\/li>\n<li><strong>Kaardialus:<\/strong> Kott ja alus oma kuvamiseks <em>P\u00e4eva kaart<\/em>, mist\u00f5ttu on seda lihtne kogu p\u00e4eva jooksul kaasas kanda ja kajastada.<\/li>\n<li><strong>Kasutusjuhend:<\/strong> Sisaldab loomingulisi tehnikaid ja harjutusi oma tekist maksimumi saamiseks.<\/li>\n<li><strong>S\u00e4ilituskast:<\/strong> Tugev ja elegantne kast, mis hoiab teie teki kaitstuna.<\/li>\n<li><strong>Keel:<\/strong> ukrainlane.<\/li>\n<\/ul>\n<p>S\u00e4ra eredalt. M\u00f5elge s\u00fcgavalt. Jagage oma aardeid.<br \/>\nLaske &quot;<strong>Teemantm\u00f5tted&quot;<\/strong> juhendab teid avastama oma t\u00f5elise mina s\u00e4ravaid tahke.<\/p>","protected":false},"featured_media":9197,"comment_status":"open","ping_status":"closed","template":"","meta":[],"product_brand":[],"product_cat":[33,20,26,29],"product_tag":[],"class_list":{"0":"post-9088","1":"product","2":"type-product","3":"status-publish","4":"has-post-thumbnail","6":"product_cat-coaching-cards","7":"product_cat-metaphorical-cards","8":"product_cat-resources","9":"product_cat-text","11":"first","12":"instock","13":"featured","14":"taxable","15":"shipping-taxable","16":"purchasable","17":"product-type-simple"},"_links":{"self":[{"href":"https:\/\/shercards.com\/et\/wp-json\/wp\/v2\/product\/9088","targetHints":{"allow":["GET"]}}],"collection":[{"href":"https:\/\/shercards.com\/et\/wp-json\/wp\/v2\/product"}],"about":[{"href":"https:\/\/shercards.com\/et\/wp-json\/wp\/v2\/types\/product"}],"replies":[{"embeddable":true,"href":"https:\/\/shercards.com\/et\/wp-json\/wp\/v2\/comments?post=9088"}],"wp:featuredmedia":[{"embeddable":true,"href":"https:\/\/shercards.com\/et\/wp-json\/wp\/v2\/media\/9197"}],"wp:attachment":[{"href":"https:\/\/shercards.com\/et\/wp-json\/wp\/v2\/media?parent=9088"}],"wp:term":[{"taxonomy":"product_brand","embeddable":true,"href":"https:\/\/shercards.com\/et\/wp-json\/wp\/v2\/product_brand?post=9088"},{"taxonomy":"product_cat","embeddable":true,"href":"https:\/\/shercards.com\/et\/wp-json\/wp\/v2\/product_cat?post=9088"},{"taxonomy":"product_tag","embeddable":true,"href":"https:\/\/shercards.com\/et\/wp-json\/wp\/v2\/product_tag?post=9088"}],"curies":[{"name":"wp","href":"https:\/\/api.w.org\/{rel}","templated":true}]}}