{"id":9130,"date":"2024-11-14T10:24:10","date_gmt":"2024-11-14T10:24:10","guid":{"rendered":"https:\/\/shercards.com\/?post_type=product&#038;p=9130"},"modified":"2024-12-16T11:06:49","modified_gmt":"2024-12-16T11:06:49","slug":"poppies-metaphorical-cards","status":"publish","type":"product","link":"https:\/\/shercards.com\/et\/toode\/poppies-metaphorical-cards\/","title":{"rendered":"&quot;Moonid&quot; metafoorilised kaardid"},"content":{"rendered":"<p>&quot;Moonid&quot; metafooriline kaardipakk koosneb 108 kaardist, millest iga\u00fcks on k\u00e4sitsi joonistatud ja sisaldab ainulaadset tegevusmustrit. See universaalne tekk aitab leida vastuseid k\u00fcsimustele mis tahes eluvaldkonna kohta. Kaardid aitavad j\u00f5uda s\u00fcgavale alateadvusesse ja tuua p\u00e4evavalgele probleemsed kohad.<\/p>\n<p>See tekk t\u00f6\u00f6tab h\u00e4sti selliste probleemidega nagu:<\/p>\n<ul>\n<li>Eneseareng<\/li>\n<li>Suhted<\/li>\n<li>Valikute tegemine<\/li>\n<li>Eesm\u00e4rgi seadmine<\/li>\n<li>S\u00f5ltuvus<\/li>\n<li>Emotsionaalne l\u00e4bip\u00f5lemine<\/li>\n<li>Rahak\u00fcsimused<\/li>\n<\/ul>\n<p>Kaardid v\u00f5ivad muuta isiksust, aidata n\u00e4ha olukorda vaatleja vaatenurgast ning sisaldada palju s\u00fcmboleid, metafoore ja olukordi.<\/p>\n<p>Kaarte kasutatakse r\u00fchmat\u00f6\u00f6ks, iseseisvaks t\u00f6\u00f6ks v\u00f5i paarisnumbriga t\u00f6\u00f6ks.<br \/>\nNeed sobivad h\u00e4sti keerukate otsustusplaanide jaoks. Kaartidel olevad joonised soodustavad olukordade ja tingimuste m\u00f5istmist, arendavad loovust, aitavad genereerida ideid ja valida mitme variandi hulgast \u00f5ige lahenduse.<\/p>\n<p>Kasutage kaarte toetava vahendina enesearenguks, eesm\u00e4rkide seadmiseks, vajaduste ja probleemide m\u00f5istmiseks.<\/p>\n<p>Lisainfo:<\/p>\n<p>\u2013 108 matt lamineeritud piltidega kaarti (7,5 x 10 cm);<br \/>\n\u2013 Kasutusjuhend (p\u00f5hitehnika, soovide variatsioonid);<br \/>\n\u2013 Kvaliteetsest tihedast autoripapist karp;<br \/>\n\u2013 Kaal \u2013 350 g, \u00fcmarad nurgad;<br \/>\n\u2013 Saadaval ukraina keeles.<\/p>\n<p>Loonud Ukraina kunstnik Irina Komarcheva<\/p>","protected":false},"excerpt":{"rendered":"<p>Metafoorsete kaardipakk &quot;Moonid&quot;<\/p>\n<p>Avage arusaamad ja loovus metafoorse kaardipakiga &quot;Moonid&quot;. See mitmek\u00fclgne kaart sisaldab 108 k\u00e4sitsi joonistatud kaarti, millest iga\u00fchel on ainulaadne s\u00fc\u017eee ja s\u00fcmboolsed kujutised, ning see on v\u00f5imas t\u00f6\u00f6riist mis tahes eluvaldkonna uurimiseks. Kaardid toetavad eneseleidmist, probleemide lahendamist ja otsuste langetamist, valgustades alateadlikke arusaamu. Need sobivad ideaalselt individuaalseks, r\u00fchma- v\u00f5i paarist\u00f6\u00f6ks, aitavad kaasa enesearengule, suhetele, emotsionaalsele vastupidavusele ja muule.<\/p>\n<p>Iga kaardipakk sisaldab:<br \/>\n\u2013 108 kaunilt illustreeritud kaarti (7,5 x 10 cm) premium matt lamineerimisega<br \/>\n\u2013 Juhend, mis sisaldab juhiseid tehnikate ja p\u00e4ringute kohta<br \/>\n\u2013 Kvaliteetne vastupidav ja ainulaadse disainiga karp<\/p>\n<p>Keel: ukraina<br \/>\nKunstnik: Ukraina illustraator Irina Komarcheva<\/p>\n<p>Avastage eneseleidmist, s\u00fcvendage emotsionaalset taipamist ja rikastage otsustusv\u00f5imet \u201eMoonidega\u201d \u2013 komplektiga, mis toob eluk\u00fcsimustesse selgust.<\/p>","protected":false},"featured_media":9132,"comment_status":"open","ping_status":"closed","template":"","meta":[],"product_brand":[],"product_cat":[20,26,27,22],"product_tag":[],"class_list":{"0":"post-9130","1":"product","2":"type-product","3":"status-publish","4":"has-post-thumbnail","6":"product_cat-metaphorical-cards","7":"product_cat-resources","8":"product_cat-universal","9":"product_cat-womens-mens","11":"first","12":"instock","13":"featured","14":"taxable","15":"shipping-taxable","16":"purchasable","17":"product-type-simple"},"_links":{"self":[{"href":"https:\/\/shercards.com\/et\/wp-json\/wp\/v2\/product\/9130","targetHints":{"allow":["GET"]}}],"collection":[{"href":"https:\/\/shercards.com\/et\/wp-json\/wp\/v2\/product"}],"about":[{"href":"https:\/\/shercards.com\/et\/wp-json\/wp\/v2\/types\/product"}],"replies":[{"embeddable":true,"href":"https:\/\/shercards.com\/et\/wp-json\/wp\/v2\/comments?post=9130"}],"wp:featuredmedia":[{"embeddable":true,"href":"https:\/\/shercards.com\/et\/wp-json\/wp\/v2\/media\/9132"}],"wp:attachment":[{"href":"https:\/\/shercards.com\/et\/wp-json\/wp\/v2\/media?parent=9130"}],"wp:term":[{"taxonomy":"product_brand","embeddable":true,"href":"https:\/\/shercards.com\/et\/wp-json\/wp\/v2\/product_brand?post=9130"},{"taxonomy":"product_cat","embeddable":true,"href":"https:\/\/shercards.com\/et\/wp-json\/wp\/v2\/product_cat?post=9130"},{"taxonomy":"product_tag","embeddable":true,"href":"https:\/\/shercards.com\/et\/wp-json\/wp\/v2\/product_tag?post=9130"}],"curies":[{"name":"wp","href":"https:\/\/api.w.org\/{rel}","templated":true}]}}