{"id":9133,"date":"2024-11-14T10:56:30","date_gmt":"2024-11-14T10:56:30","guid":{"rendered":"https:\/\/shercards.com\/?post_type=product&#038;p=9133"},"modified":"2024-12-16T11:06:39","modified_gmt":"2024-12-16T11:06:39","slug":"power-of-the-butterfly-metaphorical-cards","status":"publish","type":"product","link":"https:\/\/shercards.com\/et\/toode\/power-of-the-butterfly-metaphorical-cards\/","title":{"rendered":"Metafoorilised kaardid &quot;Liblika j\u00f5ud&quot;."},"content":{"rendered":"<p>\u201cPower of the Butterfly\u201d on universaalne jututekk, mis p\u00f5hineb v\u00f5imsa energiaga liblika metafooril. Tekk sisaldab mitmetahulisi ja transformatiivseid lugusid, mis ulatuvad alateadvuse s\u00fcgavustesse, paljastades probleemsed kohad, et transformeerida isiksust ja vaadata olukorda vaatleja vaatenurgast.<\/p>\n<p>Tekk t\u00f6\u00f6tab selliste probleemidega nagu:<\/p>\n<ul>\n<li>Eneseteostus<\/li>\n<li>Eesm\u00e4rk<\/li>\n<li>Hirmud<\/li>\n<li>S\u00f5ltuvused<\/li>\n<li>Piiravad uskumused<\/li>\n<li>Suhted<\/li>\n<li>Eesm\u00e4rgi saavutamine<\/li>\n<li>Valikud<\/li>\n<li>Meeleolude ja seisundite m\u00f5istmine<\/li>\n<li>Rahaasjad<\/li>\n<\/ul>\n<p>Metafooriline kaardipakk \u201cLiblika v\u00e4gi\u201d koosneb 108 kaardist, millest iga\u00fcks on autori k\u00e4sitsi joonistatud ja iga\u00fchel on ainulaadne lugu.<\/p>\n<p>Neid saab kasutada r\u00fchma-, individuaalseks v\u00f5i paarist\u00f6\u00f6ks. Need sobivad h\u00e4sti keerukate otsuste tegemise stsenaariumide jaoks.<br \/>\nKaartidel olevad joonised aitavad m\u00f5ista olukordi ja tingimusi, arendada loovust, genereerida ideid ja valida mitme variandi hulgast \u00f5ige lahenduse.<\/p>\n<p>Lisainfo:<\/p>\n<ul>\n<li>108 matti lamineeritud piltidega kaarti (7,5 x 10 cm)<\/li>\n<li>Kasutusjuhend (p\u00f5hiline puistamistehnika, v\u00f5imalikud k\u00fcsimused)<\/li>\n<li>Paksest kvaliteetsest papist karp;<\/li>\n<li>Kaal \u2013 350 g, \u00fcmarad nurgad;<\/li>\n<li>Saadaval ukraina keeles.<\/li>\n<\/ul>\n<p>Kujundanud Ukraina kunstnik Iryna Komarcheva<\/p>","protected":false},"excerpt":{"rendered":"<p>&quot;Liblika j\u00f5ud&quot; metafooriline kaardipakk<\/p>\n<p>\u201cLiblika j\u00f5ud\u201d on 108 k\u00e4sitsi joonistatud kaardi \u00fcmberkujundamine, millest iga\u00fcks on inspireeritud liblika metafoori v\u00f5imsast energiast. Ukraina kunstniku Iryna Komarcheva loodud kaart sisaldab ainulaadset lugu, mis puudutab alateadvuse s\u00fcgavusi, paljastab varjatud probleemid ja soodustab enesekasvu. See mitmek\u00fclgne pakett on loodud selleks, et suunata \u00fcksikisikuid, paare v\u00f5i gruppe eneseteostuse, suhete, piiravate uskumuste ja keeruliste eluotsuste tegemisel.<\/p>\n<p>P\u00f5hifunktsioonid:<br \/>\n\u2013 108 premium matt-lamineeritud kaarti (7,5 x 10 cm) \u00fcmarate nurkadega<br \/>\n\u2013 Juhised levitamiseks ja p\u00e4ringuteks<br \/>\n\u2013 Kvaliteetne vastupidav hoiukarp<\/p>\n<p>Ideaalne eneserefleksiooniks, isiklikuks kasvuks ja loominguliseks probleemide lahendamiseks, &quot;Liblika j\u00f5ud&quot; avab tee selgusele ja arusaamisele tasakaalustatud eluks. Saadaval ukraina keeles.<\/p>","protected":false},"featured_media":9136,"comment_status":"open","ping_status":"closed","template":"","meta":[],"product_brand":[],"product_cat":[22,20,26,27],"product_tag":[],"class_list":{"0":"post-9133","1":"product","2":"type-product","3":"status-publish","4":"has-post-thumbnail","6":"product_cat-womens-mens","7":"product_cat-metaphorical-cards","8":"product_cat-resources","9":"product_cat-universal","11":"first","12":"instock","13":"featured","14":"taxable","15":"shipping-taxable","16":"purchasable","17":"product-type-simple"},"_links":{"self":[{"href":"https:\/\/shercards.com\/et\/wp-json\/wp\/v2\/product\/9133","targetHints":{"allow":["GET"]}}],"collection":[{"href":"https:\/\/shercards.com\/et\/wp-json\/wp\/v2\/product"}],"about":[{"href":"https:\/\/shercards.com\/et\/wp-json\/wp\/v2\/types\/product"}],"replies":[{"embeddable":true,"href":"https:\/\/shercards.com\/et\/wp-json\/wp\/v2\/comments?post=9133"}],"wp:featuredmedia":[{"embeddable":true,"href":"https:\/\/shercards.com\/et\/wp-json\/wp\/v2\/media\/9136"}],"wp:attachment":[{"href":"https:\/\/shercards.com\/et\/wp-json\/wp\/v2\/media?parent=9133"}],"wp:term":[{"taxonomy":"product_brand","embeddable":true,"href":"https:\/\/shercards.com\/et\/wp-json\/wp\/v2\/product_brand?post=9133"},{"taxonomy":"product_cat","embeddable":true,"href":"https:\/\/shercards.com\/et\/wp-json\/wp\/v2\/product_cat?post=9133"},{"taxonomy":"product_tag","embeddable":true,"href":"https:\/\/shercards.com\/et\/wp-json\/wp\/v2\/product_tag?post=9133"}],"curies":[{"name":"wp","href":"https:\/\/api.w.org\/{rel}","templated":true}]}}