{"id":9137,"date":"2024-11-15T10:11:30","date_gmt":"2024-11-15T10:11:30","guid":{"rendered":"https:\/\/shercards.com\/?post_type=product&#038;p=9137"},"modified":"2024-12-16T11:06:33","modified_gmt":"2024-12-16T11:06:33","slug":"soul-radiance-metaphorical-cards","status":"publish","type":"product","link":"https:\/\/shercards.com\/et\/toode\/soul-radiance-metaphorical-cards\/","title":{"rendered":"&quot;Hinges\u00e4ra&quot; metafoorilised kaardid"},"content":{"rendered":"<p>&quot;Soul Radiance&quot; on universaalne, mitmetahuline tekk, mis on loodud selleks, et aidata kasutajatel leida vastuseid k\u00fcsimustele mis tahes eluvaldkonnas. Need kaardid s\u00fcvenevad alateadvusesse, tuues p\u00e4evavalgele varjatud v\u00e4ljakutsed ning suunates teadlikumat ja fokusseeritumat hinge ja k\u00f5rgema mina uurimist.<\/p>\n<p>See tekk sobib ideaalselt isiklikuks kasvuks, suheteks ja finantsk\u00fcsimusteks. Selle muutev j\u00f5ud nihutab vaatenurki, v\u00f5imaldades kasutajatel n\u00e4ha olukordi vaatleja vaatenurgast. M\u00f5eldud s\u00fcgavaks eneseavastamiseks, sisemiseks kasvuks ja isiklikeks l\u00e4bimurdeks, pakub see teed t\u00e4hendusliku \u00fclevaate ja harmooniani.<\/p>\n<p>Iga kaart on l\u00f5uend isiklikuks t\u00f5lgendamiseks, peegeldades individuaalseid kogemusi ja emotsioone. \u201cSoul Radiance\u201d aitab kasutajatel \u00fcletada sisemisi barj\u00e4\u00e4re, ravida emotsionaalseid haavu ning avastada uusi teid enesev\u00e4ljenduse ja tasakaalu saavutamiseks. Alateadvuse tasandil t\u00f6\u00f6tades paljastab tekil peidetud emotsioonid, uskumused ja m\u00f5ttemustrid, mis kujundavad igap\u00e4evaelu.<\/p>\n<p>Lisainfo:<br \/>\n\u2013 108 matt-lamineeritud kaarti (7,5 x 10 cm): 72 k\u00e4sitsi joonistatud illustratsiooniga kaarti, millest iga\u00fchel on ainulaadne lugu, ja 36 kahekordse viipaga k\u00fcsimusekaarti, mis annavad keskendunud juhised konkreetsete teemade, k\u00fcsimuste v\u00f5i olukordade uurimiseks;<br \/>\n\u2013 juhiste bro\u0161\u00fc\u00fcr koos tehnikate ja juhistega;<br \/>\n\u2013 Kvaliteetne karp, mis on valmistatud vastupidavast kunstpapist;<br \/>\n\u2013 Saadaval ukraina keeles.<\/p>\n<p>Looja Iryna Komarcheva.<\/p>","protected":false},"excerpt":{"rendered":"<div class=\"flex-shrink-0 flex flex-col relative items-end\">\n<div>\n<div class=\"pt-0\">\n<div class=\"gizmo-bot-avatar flex h-8 w-8 items-center justify-center overflow-hidden rounded-full\">\n<div class=\"relative p-1 rounded-sm flex items-center justify-center bg-token-main-surface-primary text-token-text-primary h-8 w-8\"><\/div>\n<\/div>\n<\/div>\n<\/div>\n<\/div>\n<div class=\"group\/conversation-turn relative flex w-full min-w-0 flex-col agent-turn\">\n<div class=\"flex-col gap-1 md:gap-3\">\n<div class=\"flex max-w-full flex-col flex-grow\">\n<div class=\"min-h-8 text-message flex w-full flex-col items-end gap-2 whitespace-normal break-words [.text-message+&amp;]:mt-5\" dir=\"auto\" data-message-author-role=\"assistant\" data-message-id=\"d7782d3b-ce7f-4724-86b5-944055d57003\" data-message-model-slug=\"gpt-4o\">\n<div class=\"flex w-full flex-col gap-1 empty:hidden first:pt-[3px]\">\n<div class=\"markdown prose w-full break-words dark:prose-invert dark\">\n<p><strong>Metafooriline kaardipakk &quot;Soul Radiance&quot;.<\/strong><\/p>\n<p>Avastage <em>Hinge s\u00e4ra<\/em>\u2014 mitmek\u00fclgne t\u00f6\u00f6riist eneseleidmiseks ja \u00fcmberkujundamiseks. See Ukraina kunstniku Iryna Komarcheva loodud 108 kaardist koosnev kaardipakk \u00fchendab endas 72 k\u00e4sitsi joonistatud illustratsiooni ja 36 kahekordse k\u00fcsimuse kaarti. Alateadlike arusaamade uurimiseks loodud see aitab kasutajatel leida vastuseid elu v\u00e4ljakutsetele sellistes valdkondades nagu isiklik kasv, suhted ja otsuste tegemine.<\/p>\n<p>Ideaalne individuaalseks, paaris- v\u00f5i r\u00fchmat\u00f6\u00f6ks, pakub s\u00fcmboolset s\u00fcgavust ja loovust, suunates teid selguse, paranemise ja tasakaalu poole. Komplektis esmaklassiline kast ja juhend, <em>Hinge s\u00e4ra<\/em> on teie kaaslane m\u00f5testatud eneseuurimisel.<\/p>\n<\/div>\n<\/div>\n<\/div>\n<\/div>\n<\/div>\n<\/div>","protected":false},"featured_media":9139,"comment_status":"open","ping_status":"closed","template":"","meta":[],"product_brand":[],"product_cat":[63,20,29,27],"product_tag":[],"class_list":{"0":"post-9137","1":"product","2":"type-product","3":"status-publish","4":"has-post-thumbnail","6":"product_cat-accessories","7":"product_cat-metaphorical-cards","8":"product_cat-text","9":"product_cat-universal","11":"first","12":"instock","13":"featured","14":"taxable","15":"shipping-taxable","16":"purchasable","17":"product-type-simple"},"_links":{"self":[{"href":"https:\/\/shercards.com\/et\/wp-json\/wp\/v2\/product\/9137","targetHints":{"allow":["GET"]}}],"collection":[{"href":"https:\/\/shercards.com\/et\/wp-json\/wp\/v2\/product"}],"about":[{"href":"https:\/\/shercards.com\/et\/wp-json\/wp\/v2\/types\/product"}],"replies":[{"embeddable":true,"href":"https:\/\/shercards.com\/et\/wp-json\/wp\/v2\/comments?post=9137"}],"wp:featuredmedia":[{"embeddable":true,"href":"https:\/\/shercards.com\/et\/wp-json\/wp\/v2\/media\/9139"}],"wp:attachment":[{"href":"https:\/\/shercards.com\/et\/wp-json\/wp\/v2\/media?parent=9137"}],"wp:term":[{"taxonomy":"product_brand","embeddable":true,"href":"https:\/\/shercards.com\/et\/wp-json\/wp\/v2\/product_brand?post=9137"},{"taxonomy":"product_cat","embeddable":true,"href":"https:\/\/shercards.com\/et\/wp-json\/wp\/v2\/product_cat?post=9137"},{"taxonomy":"product_tag","embeddable":true,"href":"https:\/\/shercards.com\/et\/wp-json\/wp\/v2\/product_tag?post=9137"}],"curies":[{"name":"wp","href":"https:\/\/api.w.org\/{rel}","templated":true}]}}