{"id":9143,"date":"2024-11-15T10:43:46","date_gmt":"2024-11-15T10:43:46","guid":{"rendered":"https:\/\/shercards.com\/?post_type=product&#038;p=9143"},"modified":"2024-12-16T11:06:27","modified_gmt":"2024-12-16T11:06:27","slug":"senses-metaphorical-cards","status":"publish","type":"product","link":"https:\/\/shercards.com\/et\/toode\/senses-metaphorical-cards\/","title":{"rendered":"&quot;Meelte&quot; metafoorilised kaardid"},"content":{"rendered":"<p>Metafoorsed kaardid \u201cMeeled\u201d \u2013 iseendaga dialoogi kunst.<\/p>\n<p>Kujutage ette kaartide komplekti, kus iga pilt on t\u00e4idetud s\u00fcmbolitega, iga rida on alateadvuse sosin ja iga t\u00e4hendus on teie siseukse v\u00f5ti. Just selline on komplekt \u201cMeeled\u201d, mis on loodud neile, kes otsivad vastuseid elu s\u00fcgavatele k\u00fcsimustele ja otsivad m\u00f5istmist iseendaga.<\/p>\n<p>See komplekt on midagi enamat kui lihtsalt kaardid. See on teekond sinu hinge sisimatesse nurkadesse, v\u00f5imalus peatuda, v\u00e4lja hingata ja oma siseh\u00e4\u00e4lt kuulda.<\/p>\n<p>Kuidas &quot;Meeled&quot; kasuks tulevad?<\/p>\n<ul>\n<li>Igap\u00e4evased vastused: kahtluse korral p\u00f6\u00f6rduge kaartide poole v\u00f5i otsige t\u00f5de. Nad on teie juhised teie k\u00fcsimustes:<br \/>\n\u2013 Mida ma pean n\u00fc\u00fcd m\u00f5istma?<br \/>\n\u2013 Millised v\u00f5imalused mulle avanevad?<br \/>\n\u2013 Mis takistab mul edasi liikuda?<\/li>\n<li>Loovuse puudutus: iga kaart on kunstiteos. Need inspireerivad, t\u00e4idavad teie kujutlusv\u00f5imet uute piltidega ja aitavad teil n\u00e4ha elu teise nurga alt.<\/li>\n<li>Emotsionaalne harmoonia: kaardid t\u00f6\u00f6tavad koos teie tunnetega, et aidata teil oma hirme muuta, vabastada oma potentsiaal ja leida sisemine rahu.<\/li>\n<li>Universaalsus: olenemata teie taustast, saavad need kaardid h\u00f5lpsasti teie eneseavastamise t\u00f6\u00f6riistaks.<\/li>\n<\/ul>\n<p>Miks peaksite valima &quot;Meeled&quot;?<br \/>\nSee komplekt ei ole lihtsalt t\u00f6\u00f6riist, see on kaaslane sinu sisemaailmale. See v\u00f5imaldab teil suhelda oma sisemise minaga, muutes igap\u00e4evaelu maagiliseks teekonnaks iseendasse. V\u00f5tke meeled oma k\u00e4tesse ja nad r\u00e4\u00e4givad teiega teie hingekeeles.<\/p>\n<p>Lisainfo:<\/p>\n<p>\u2013 62 kaarti piltide ja tekstiga;<br \/>\n\u2013 \u00fcksikasjalik juhend koos mitme tehnikaga kaartide kasutamiseks;<br \/>\n\u2013 Kvaliteetne soliidne hoiukarp;<br \/>\n\u2013 Saadaval ukraina keeles.<\/p>\n<p>Loonud ps\u00fchholoog, doula, toitumisspetsialist ja luuletaja Dariia Sayed.<\/p>\n<p>&nbsp;<\/p>","protected":false},"excerpt":{"rendered":"<p>Metafoorilised kaardid &quot;Meeled&quot;<\/p>\n<p>Astuge eneseleidmise teekonnale kaardipakiga &quot;Senses&quot;. Iga kaart on ainulaadne kunstiteos, mis on t\u00e4is s\u00fcmboleid ja t\u00e4hendusi, suunates teid uurima oma sisemaailma ja leidma vastuseid elu s\u00fcgavatele k\u00fcsimustele.<\/p>\n<p>\u00dcksk\u00f5ik, kas otsite selgust, emotsionaalset tasakaalu v\u00f5i loomingulist inspiratsiooni, pakub see tekk v\u00f5imsat t\u00f6\u00f6riista j\u00e4relem\u00f5tlemiseks ja \u00fcmberkujundamiseks.<\/p>\n<p>Miks valida &quot;Meeled&quot;?<br \/>\n\u2013 Igap\u00e4evased juhised: otsige vastuseid k\u00fcsimustele, nagu &quot;Mis mind tagasi hoiab?&quot; v\u00f5i &quot;Millised v\u00f5imalused ootavad?&quot;<br \/>\n- Inspiratsioon ja loovus: looge kaunite s\u00fcmboolsete kunstiteoste kaudu uusi vaatenurki ja ideid.<br \/>\n- Emotsionaalne harmoonia: muutke hirmud, avage potentsiaal ja saavutage sisemine rahu.<\/p>\n<p>Mida sisaldab:<br \/>\n- 62 kaunilt kujundatud piltide ja tekstiga kaarti.<br \/>\n\u2013 P\u00f5hjalik juhend koos kasutusv\u00f5tetega.<br \/>\n\u2013 Premium kvaliteediga hoiukarp.<\/p>\n<p>Ps\u00fchholoogi, doula ja luuletaja Dariia Sayedi loodud *Senses* on teie isikliku kasvu ja t\u00e4helepanelikkuse kaaslane. Saadaval ukraina keeles.<\/p>","protected":false},"featured_media":9147,"comment_status":"open","ping_status":"closed","template":"","meta":[],"product_brand":[],"product_cat":[20,33,28,26,29,27,22],"product_tag":[],"class_list":{"0":"post-9143","1":"product","2":"type-product","3":"status-publish","4":"has-post-thumbnail","6":"product_cat-metaphorical-cards","7":"product_cat-coaching-cards","8":"product_cat-portraits-archetypes-subpersonalities","9":"product_cat-resources","10":"product_cat-text","11":"product_cat-universal","12":"product_cat-womens-mens","14":"first","15":"instock","16":"featured","17":"taxable","18":"shipping-taxable","19":"purchasable","20":"product-type-simple"},"_links":{"self":[{"href":"https:\/\/shercards.com\/et\/wp-json\/wp\/v2\/product\/9143","targetHints":{"allow":["GET"]}}],"collection":[{"href":"https:\/\/shercards.com\/et\/wp-json\/wp\/v2\/product"}],"about":[{"href":"https:\/\/shercards.com\/et\/wp-json\/wp\/v2\/types\/product"}],"replies":[{"embeddable":true,"href":"https:\/\/shercards.com\/et\/wp-json\/wp\/v2\/comments?post=9143"}],"wp:featuredmedia":[{"embeddable":true,"href":"https:\/\/shercards.com\/et\/wp-json\/wp\/v2\/media\/9147"}],"wp:attachment":[{"href":"https:\/\/shercards.com\/et\/wp-json\/wp\/v2\/media?parent=9143"}],"wp:term":[{"taxonomy":"product_brand","embeddable":true,"href":"https:\/\/shercards.com\/et\/wp-json\/wp\/v2\/product_brand?post=9143"},{"taxonomy":"product_cat","embeddable":true,"href":"https:\/\/shercards.com\/et\/wp-json\/wp\/v2\/product_cat?post=9143"},{"taxonomy":"product_tag","embeddable":true,"href":"https:\/\/shercards.com\/et\/wp-json\/wp\/v2\/product_tag?post=9143"}],"curies":[{"name":"wp","href":"https:\/\/api.w.org\/{rel}","templated":true}]}}