{"id":9148,"date":"2024-11-15T11:07:43","date_gmt":"2024-11-15T11:07:43","guid":{"rendered":"https:\/\/shercards.com\/?post_type=product&#038;p=9148"},"modified":"2024-12-16T11:06:21","modified_gmt":"2024-12-16T11:06:21","slug":"reflections-over-a-cup-of-coffee-psychological-book-by-olga-alyokhina","status":"publish","type":"product","link":"https:\/\/shercards.com\/et\/toode\/reflections-over-a-cup-of-coffee-psychological-book-by-olga-alyokhina\/","title":{"rendered":"Olga Aljohhina ps\u00fchholoogiline raamat &quot;M\u00f5tisklused tassi kohvi kohal&quot;."},"content":{"rendered":"<p><strong>\u201cM\u00f5tisklused tassi kohvi kohal\u201d<\/strong> \u2013 Teie isiklik teejuht eneseleidmiseks<\/p>\n<p>Mis juhtub, kui jood kohvi? Lisaks soojusele ja maitsele on teie meeles vaikne maagia. \u00dcksi kohviga istudes v\u00f5id m\u00e4rgata meditatiivset seisundit \u2013 m\u00f5tted voolavad pingevabalt, keha l\u00f5dvestub ja selgus t\u00e4rkamas. See raamat kutsub teid kasutama seda rahulikku hetke enesem\u00f5tlemiseks ja kasvamiseks.<\/p>\n<p><strong>Kuidas see raamat teid aidata saab<\/strong><br \/>\n<em>\u201cM\u00f5tisklused tassi kohvi kohal\u201d<\/em> toimib \u00f5rna isetreenerina, mis on loodud:<\/p>\n<ul>\n<li>Avasta hirmude ja kahtluste juured.<\/li>\n<li>Aidake teil vabaneda m\u00fcrgistest suhetest ja emotsionaalsest s\u00f5ltuvusest.<\/li>\n<li>Taasta eneseusaldus ja taasta enesekindlus.<\/li>\n<li>Juhendab teid sisemise tasakaalu ja emotsionaalse harmoonia leidmisel.<\/li>\n<li>\u00d5petage teid lahti laskma vajadusest v\u00e4lise kinnitamise j\u00e4rele, julgustades enesekindlust.<\/li>\n<\/ul>\n<p><strong>Mis teeb selle raamatu ainulaadseks<\/strong><\/p>\n<ul>\n<li><strong>V\u00e4ikesed \u00fclevaated:<\/strong> Iga leht on loodud kiireks ja sisukaks kajastamiseks \u2013 see on ideaalne kohvi valmistamise ajal uurimiseks.<\/li>\n<li><strong>Juurdunud tegelikkuses:<\/strong> Lood on inspireeritud t\u00f5sielukogemustest, mida jagavad ps\u00fchholoogilist abi otsivad inimesed, muutes need omavahel v\u00f5rreldavaks ja m\u00f5jukaks.<\/li>\n<li><strong>Praktiline ja transformatiivne:<\/strong> Segu ps\u00fchholoogilistest teadmistest ja praktilistest n\u00f5uannetest, mis on loodud teie potentsiaali avamiseks ja uute v\u00f5imaluste avamiseks.<\/li>\n<\/ul>\n<p><strong>Lisainfo:<\/strong><\/p>\n<ul>\n<li><strong>Lehek\u00fclgede arv:<\/strong> 144<\/li>\n<li><strong>Kaas:<\/strong> K\u00f5vakaaneline<\/li>\n<li><strong>Keel:<\/strong> ukrainlane<\/li>\n<li><strong>Vorming:<\/strong> 150 x 150 mm<\/li>\n<li><strong>Kaal:<\/strong> 300 g<\/li>\n<li><strong>Avaldamise aasta:<\/strong> 2024<\/li>\n<\/ul>\n<p>Loonud Olga Aljohhina \u2013 ps\u00fchholoogia magister, gestaltterapeut ja praktiseeriv ps\u00fchholoog, kellel on WIAP sertifikaat. Ukraina k\u00e4itumuslike s\u00f5ltuvuste uurimise keskuse asutajana on tema missioon aidata inimestel avastada oma autentset olemust ja elada eesm\u00e4rgip\u00e4raselt.<\/p>\n<p>Avastage selgus ja j\u00f5ud, mis teid ootab \u2013 \u00fcks kohvipaus korraga.<\/p>","protected":false},"excerpt":{"rendered":"<p><strong>M\u00f5tisklused tassi kohvi kohal<\/strong><\/p>\n<p>Muutke oma kohvihetked t\u00e4hendusrikkaks enesepeegelduseks selle Olga Aljohhina enesekoolitusraamatuga. Seotud lugude ja praktiliste arusaamadega aitab see teid hirmudest \u00fcle saada, taastada eneseusaldus ja leida sisemine harmoonia.<\/p>\n<p><strong>Peamised \u00fcksikasjad:<\/strong><\/p>\n<ul>\n<li><strong>Lehek\u00fcljed:<\/strong> 144 | <strong>Vorming:<\/strong> 150 x 150 mm<\/li>\n<li><strong>Kaas:<\/strong> K\u00f5va k\u00f6ide | <strong>Keel:<\/strong> ukrainlane<\/li>\n<li><strong>Kaal:<\/strong> 300 g | <strong>Avaldamise aasta:<\/strong> 2024<\/li>\n<\/ul>\n<p>See raamat sobib suurep\u00e4raselt kiireks j\u00e4relem\u00f5tlemiseks kohvipausi ajal \u2013 see on l\u00e4bim\u00f5eldud segu tarkusest ja soojusest isiklikuks kasvuks.<\/p>","protected":false},"featured_media":9152,"comment_status":"open","ping_status":"closed","template":"","meta":[],"product_brand":[],"product_cat":[61,40,58],"product_tag":[],"class_list":{"0":"post-9148","1":"product","2":"type-product","3":"status-publish","4":"has-post-thumbnail","6":"product_cat-books-cards","7":"product_cat-books-postcards","8":"product_cat-psychological-literature","10":"first","11":"instock","12":"featured","13":"taxable","14":"shipping-taxable","15":"purchasable","16":"product-type-simple"},"_links":{"self":[{"href":"https:\/\/shercards.com\/et\/wp-json\/wp\/v2\/product\/9148","targetHints":{"allow":["GET"]}}],"collection":[{"href":"https:\/\/shercards.com\/et\/wp-json\/wp\/v2\/product"}],"about":[{"href":"https:\/\/shercards.com\/et\/wp-json\/wp\/v2\/types\/product"}],"replies":[{"embeddable":true,"href":"https:\/\/shercards.com\/et\/wp-json\/wp\/v2\/comments?post=9148"}],"wp:featuredmedia":[{"embeddable":true,"href":"https:\/\/shercards.com\/et\/wp-json\/wp\/v2\/media\/9152"}],"wp:attachment":[{"href":"https:\/\/shercards.com\/et\/wp-json\/wp\/v2\/media?parent=9148"}],"wp:term":[{"taxonomy":"product_brand","embeddable":true,"href":"https:\/\/shercards.com\/et\/wp-json\/wp\/v2\/product_brand?post=9148"},{"taxonomy":"product_cat","embeddable":true,"href":"https:\/\/shercards.com\/et\/wp-json\/wp\/v2\/product_cat?post=9148"},{"taxonomy":"product_tag","embeddable":true,"href":"https:\/\/shercards.com\/et\/wp-json\/wp\/v2\/product_tag?post=9148"}],"curies":[{"name":"wp","href":"https:\/\/api.w.org\/{rel}","templated":true}]}}