{"id":9153,"date":"2024-11-18T12:40:05","date_gmt":"2024-11-18T12:40:05","guid":{"rendered":"https:\/\/shercards.com\/?post_type=product&#038;p=9153"},"modified":"2024-12-16T11:06:15","modified_gmt":"2024-12-16T11:06:15","slug":"warrior-of-the-spirit-metaphorical-cards","status":"publish","type":"product","link":"https:\/\/shercards.com\/et\/toode\/warrior-of-the-spirit-metaphorical-cards\/","title":{"rendered":"Metafoorilised kaardid &quot;Vaimu s\u00f5dalane&quot;."},"content":{"rendered":"<p><strong>&quot;Vaimu s\u00f5dalane&quot; <\/strong>- \u00c4ratage sees olev s\u00f5dalane<\/p>\n<p>Kas s\u00f5dalased on s\u00fcndinud v\u00f5i loodud? &quot;<em>Vaimu s\u00f5dalane&quot; <\/em>\u00a0tekk kutsub teid omaks v\u00f5tma oma sisemise s\u00f5dalase, muutes elu v\u00e4ljakutsed kasvu- ja eneseleidmise v\u00f5imalusteks. Inspireeritud Andri Zelinsky tunnustatud raamatust &quot;<em>S\u00f5dalase anatoomia&quot;<\/em>, see pakk on midagi enamat kui lihtsalt kaardid \u2013 see on juhend takistuste \u00fcletamiseks, eesm\u00e4rkide saavutamiseks ja endas peituva j\u00f5u avastamiseks.<\/p>\n<p>\u00dcksk\u00f5ik, kas otsite selgust, motivatsiooni v\u00f5i arusaama, need kaardid aitavad teid peidetud ressursside avastamisel, takistuste tuvastamisel ja isiklike triumfide saavutamisel. Kolme struktureeritud kaartide kasutamise viisiga \u2013 v\u00f5i vabadusega ise luua \u2013 saate muuta iga lugemise ainulaadseks.<\/p>\n<h3><strong>Miks valida MAC-tekk &quot;Vaimu s\u00f5dalane&quot;?<\/strong><\/h3>\n<ul>\n<li><strong>Unikaalsed illustratsioonid:<\/strong> Igal kaardil on kohandatud kunstiteosed, mis on loodud eranditult selle kaardipakiga, \u00e4ratades Andriy Zelinsky visiooni ellu.<\/li>\n<li><strong>Tugevdavad aforismid:<\/strong> Zelinsky kahest enimm\u00fc\u00fcdud raamatust k\u00e4sitsi valitud tsitaadid suunavad ja inspireerivad tarkust ja selgust.<\/li>\n<li><strong>Igap\u00e4evane motivatsioonifunktsioon:<\/strong> Kauni disainiga karbis on aken Sinu valitud p\u00e4eva motivatsioonikaardi v\u00e4ljapanekuks.<\/li>\n<\/ul>\n<h3><strong>Kuidas need kaardid teid aidata saavad<\/strong><\/h3>\n<ul>\n<li><strong>M\u00f5istke oma teed:<\/strong> Saate \u00fclevaate stsenaariumidest, millega v\u00f5ite kokku puutuda, ja kuidas nendes navigeerida.<\/li>\n<li><strong>Saavutage oma eesm\u00e4rgid:<\/strong> Avastage t\u00f6\u00f6riistu ja ressursse keskendumiseks ja motiveerimiseks.<\/li>\n<li><strong>\u00dcletage t\u00f5kked:<\/strong> Tuvastage teadlikud ja alateadlikud takistused, mis teid tagasi hoiavad.<\/li>\n<li><strong>M\u00f5elge eba\u00f5nnestumistele ja \u00f5nnestumistele:<\/strong> Anal\u00fc\u00fcsige varasemaid kogemusi, et m\u00f5ista, mis t\u00f6\u00f6tas ja mis mitte.<\/li>\n<li><strong>Kehasta s\u00f5dalase vaimu:<\/strong> \u00d5ppige, mida tegelikult t\u00e4hendab olla s\u00f5dalane oma elu kontekstis.<\/li>\n<\/ul>\n<h3><strong>Kuidas tekki kasutada<\/strong><\/h3>\n<p>Valige kolme eelkujundatud levi hulgast:<\/p>\n<ol>\n<li><em>P\u00e4eva j\u00f5u avastamine<\/em><\/li>\n<li><em>Sisemise ressursi paljastamine<\/em><\/li>\n<li><em>Eesm\u00e4rgi saavutamine<\/em><\/li>\n<\/ol>\n<p>V\u00f5i looge oma kohandatud paigutus, et vastata teie konkreetsetele k\u00fcsimustele.<\/p>\n<h3><strong>Lisainfo:<\/strong><\/h3>\n<ul>\n<li>33 kaarti;<\/li>\n<li><b>Saadaval aastal<\/b> ukraina keel;<\/li>\n<li>Motivatsioonikaardi vitriiniga esmaklassiline kast.\n<p><b>Loodud <\/b>Andri Zelinski<\/li>\n<\/ul>\n<p>Vabastage oma sisemise s\u00f5dalase j\u00f5ud ja alistage elu v\u00e4ljakutsed selgelt ja enesekindlalt.<\/p>","protected":false},"excerpt":{"rendered":"<p><strong>Vaimu s\u00f5dalane\u00a0<\/strong><\/p>\n<p>Avage oma potentsiaal ja v\u00f5tke omaks sees olev s\u00f5dalane. See v\u00f5imas 33 kaardist koosnev pakk, mis on inspireeritud Andri Zelinsky raamatust <em>S\u00f5dalase anatoomia<\/em>, pakub arusaamu, motivatsiooni ja selgust takistuste \u00fcletamiseks ja eesm\u00e4rkide saavutamiseks.<\/p>\n<p><strong>Peamised omadused:<\/strong><\/p>\n<ul>\n<li>Unikaalsed illustratsioonid ja inspireerivad aforismid Zelinsky enimm\u00fc\u00fcdud raamatutest.<\/li>\n<li>Kolm soovitatud levikut juhendamiseks v\u00f5i vabaduseks ise luua.<\/li>\n<li>Spetsiaalne karp motivatsioonikaardi kuvamise aknaga.<\/li>\n<\/ul>\n<p>Keel: ukraina | Autor: Andri Zelinsky<\/p>\n<p>Muutke iga v\u00e4ljakutse kasvuv\u00f5imaluseks koos &quot;<em>Vaimu s\u00f5dalane&quot;<\/em> tekil.<\/p>","protected":false},"featured_media":9156,"comment_status":"open","ping_status":"closed","template":"","meta":[],"product_brand":[],"product_cat":[20,33,35,28,26,29,22],"product_tag":[],"class_list":{"0":"post-9153","1":"product","2":"type-product","3":"status-publish","4":"has-post-thumbnail","6":"product_cat-metaphorical-cards","7":"product_cat-coaching-cards","8":"product_cat-mono-decks-roads-houses-etc","9":"product_cat-portraits-archetypes-subpersonalities","10":"product_cat-resources","11":"product_cat-text","12":"product_cat-womens-mens","14":"first","15":"instock","16":"featured","17":"taxable","18":"shipping-taxable","19":"purchasable","20":"product-type-simple"},"_links":{"self":[{"href":"https:\/\/shercards.com\/et\/wp-json\/wp\/v2\/product\/9153","targetHints":{"allow":["GET"]}}],"collection":[{"href":"https:\/\/shercards.com\/et\/wp-json\/wp\/v2\/product"}],"about":[{"href":"https:\/\/shercards.com\/et\/wp-json\/wp\/v2\/types\/product"}],"replies":[{"embeddable":true,"href":"https:\/\/shercards.com\/et\/wp-json\/wp\/v2\/comments?post=9153"}],"wp:featuredmedia":[{"embeddable":true,"href":"https:\/\/shercards.com\/et\/wp-json\/wp\/v2\/media\/9156"}],"wp:attachment":[{"href":"https:\/\/shercards.com\/et\/wp-json\/wp\/v2\/media?parent=9153"}],"wp:term":[{"taxonomy":"product_brand","embeddable":true,"href":"https:\/\/shercards.com\/et\/wp-json\/wp\/v2\/product_brand?post=9153"},{"taxonomy":"product_cat","embeddable":true,"href":"https:\/\/shercards.com\/et\/wp-json\/wp\/v2\/product_cat?post=9153"},{"taxonomy":"product_tag","embeddable":true,"href":"https:\/\/shercards.com\/et\/wp-json\/wp\/v2\/product_tag?post=9153"}],"curies":[{"name":"wp","href":"https:\/\/api.w.org\/{rel}","templated":true}]}}