{"id":9157,"date":"2024-11-18T14:22:50","date_gmt":"2024-11-18T14:22:50","guid":{"rendered":"https:\/\/shercards.com\/?post_type=product&#038;p=9157"},"modified":"2024-12-16T11:06:09","modified_gmt":"2024-12-16T11:06:09","slug":"magic-moment-metaphorical-cards","status":"publish","type":"product","link":"https:\/\/shercards.com\/et\/toode\/magic-moment-metaphorical-cards\/","title":{"rendered":"&quot;Maagilise hetke&quot; metafoorilised kaardid"},"content":{"rendered":"<p><strong>&quot;Maagiline hetk&quot;<\/strong>- teie sisemine kompass<\/p>\n<p>Elu esitab meile sageli v\u00e4ljakutseid, mis j\u00e4tavad meid ummikusse \u2013 olgu selleks siis arusaamatus kallimaga, konfliktid t\u00f6\u00f6l v\u00f5i isiklikud kahtlused. Kuigi vastused v\u00f5ivad peituda s\u00fcgaval sisimas, v\u00f5ib neid olla raske leida. See on koht, kus &quot;<em>Maagiline hetk\u201d<\/em> kaardid tulevad sisse, toimides universumi \u00f5rna t\u00f5ukena ja sillana teie sisemise tarkuse juurde.<\/p>\n<p>Lvivi kunstniku Anna Veresi loodud vapustav 33-kaardiline pakk \u00fchendab endas erksad illustratsioonid j\u00f5uliste fraasidega, mis aitavad teil selgust, motivatsiooni ja enesekindlust leida. Iga kaart toimib juhisena, aidates teil oma olukorda m\u00f5elda, m\u00f5ista ja otsustavalt tegutseda.<\/p>\n<h3><strong>Mis teeb &quot;Maagilise hetke&quot; kaardid eriliseks?<\/strong><\/h3>\n<ul>\n<li><strong>Unikaalne kunstiteos:<\/strong> Iga kaarti kaunistavad Anna Verese k\u00e4sitsi joonistatud kaunid illustratsioonid, mis j\u00e4\u00e4dvustavad elu maagiliste hetkede olemust.<\/li>\n<li><strong>Elegantne disain:<\/strong> Komplekti kuulub esmaklassiline kast, mis sobib teie laua, riiuli v\u00f5i kamina stiilseks aksessuaariks.<\/li>\n<li><strong>Kasutajas\u00f5bralik juhend:<\/strong> Kaasasolev kasutusjuhend pakub kaartide kasutamiseks mitmeid tehnikaid, muutes need ideaalseks nii algajatele kui ka kogenud kasutajatele.<\/li>\n<li><strong>L\u00e4bim\u00f5eldud kingitus:<\/strong> Oma kunstilise disaini ja t\u00e4hendusrikka eesm\u00e4rgiga on see tekk ideaalne kingitus s\u00f5pradele, perele v\u00f5i kolleegidele.<\/li>\n<\/ul>\n<h3><strong>Miks valida &quot;Magic Moment&quot; kaardid?<\/strong><\/h3>\n<ul>\n<li><strong>Motivatsioon ja fookus:<\/strong> Hankige enesekindlust ja selgust, kui l\u00e4henete elu v\u00e4ljakutsetele.<\/li>\n<li><strong>P\u00f5hjalikud juhised:<\/strong> Avastage varjatud vastused ja leidke uusi vaatenurki isiklike v\u00f5i t\u00f6\u00f6alaste dilemmade lahendamiseks.<\/li>\n<li><strong>Volitatud otsuste tegemine:<\/strong> Suunake oma energia \u00f5igele teele ja leidke loomingulisi lahendusi.<\/li>\n<\/ul>\n<h3><strong>Kuidas kaarte kasutada<\/strong><\/h3>\n<ol>\n<li>M\u00f5elge oma k\u00fcsimusele v\u00f5i olukorrale.<\/li>\n<li>S\u00f5numi v\u00f5i \u00fclevaate saamiseks joonistage kaart.<\/li>\n<li>Tegutsege enesekindlalt ja sihikindlalt.<\/li>\n<\/ol>\n<h3><strong>Lisainfo<\/strong><\/h3>\n<ul>\n<li>33 kaarti;<\/li>\n<li><strong>Saadaval aastal<\/strong> ukraina keel;<\/li>\n<li><strong>Avaldamise aasta:<\/strong> 2019;<\/li>\n<li><strong>Vorming:<\/strong> 120 x 120 mm;<\/li>\n<li><strong>Kaal:<\/strong> 162 g;<\/li>\n<li><strong>Kaas:<\/strong> Pehme;<\/li>\n<li><strong>Sisaldab:<\/strong> Kasutusjuhend ja esmaklassiline hoiukarp.<\/li>\n<\/ul>\n<p>Kastis Anna Veres.<\/p>\n<p>Avage oma sisemine juhtimine ja laske &quot;<em>Maagiline hetk\u201d<\/em> kaardid inspireerivad teie j\u00e4rgmist sammu.<\/p>","protected":false},"excerpt":{"rendered":"<p><strong>&quot;Maagilise hetke&quot; metafoorilised assotsiatiivsed kaardid<\/strong><\/p>\n<p>Otsige selgust ja motivatsiooni &quot;<em>Maagiline hetk\u201d<\/em>, kaunilt illustreeritud 33 kaardist koosnev kaardipakk, mis aitab teil leida vastuseid elu v\u00e4ljakutsetele. Kunstnik Anna Verese loodud kaart \u00fchendab ereda kunstiteose t\u00e4henduslike fraasidega, mis juhivad teie teekonda.<\/p>\n<p><strong>Peamised omadused:<\/strong><\/p>\n<ul>\n<li>Unikaalsed illustratsioonid ja j\u00f5udu andvad s\u00f5numid.<\/li>\n<li>Kaasas kasutusjuhend koos kasutusv\u00f5tetega.<\/li>\n<li>Tarnitakse esmaklassilises karbis hoiustamiseks v\u00f5i eksponeerimiseks.<\/li>\n<\/ul>\n<p>Keel: ukraina | Autor ja illustraator: Anna Veres<\/p>\n<p>Laske &quot;<em>Maagiline hetk\u201d<\/em> kaardid on teie kompass \u00fclevaate ja inspiratsiooni saamiseks.<\/p>","protected":false},"featured_media":9161,"comment_status":"open","ping_status":"closed","template":"","meta":[],"product_brand":[],"product_cat":[20,25,26,29,27,22],"product_tag":[],"class_list":{"0":"post-9157","1":"product","2":"type-product","3":"status-publish","4":"has-post-thumbnail","6":"product_cat-metaphorical-cards","7":"product_cat-children-teenagers-inner-child","8":"product_cat-resources","9":"product_cat-text","10":"product_cat-universal","11":"product_cat-womens-mens","13":"first","14":"instock","15":"featured","16":"taxable","17":"shipping-taxable","18":"purchasable","19":"product-type-simple"},"_links":{"self":[{"href":"https:\/\/shercards.com\/et\/wp-json\/wp\/v2\/product\/9157","targetHints":{"allow":["GET"]}}],"collection":[{"href":"https:\/\/shercards.com\/et\/wp-json\/wp\/v2\/product"}],"about":[{"href":"https:\/\/shercards.com\/et\/wp-json\/wp\/v2\/types\/product"}],"replies":[{"embeddable":true,"href":"https:\/\/shercards.com\/et\/wp-json\/wp\/v2\/comments?post=9157"}],"wp:featuredmedia":[{"embeddable":true,"href":"https:\/\/shercards.com\/et\/wp-json\/wp\/v2\/media\/9161"}],"wp:attachment":[{"href":"https:\/\/shercards.com\/et\/wp-json\/wp\/v2\/media?parent=9157"}],"wp:term":[{"taxonomy":"product_brand","embeddable":true,"href":"https:\/\/shercards.com\/et\/wp-json\/wp\/v2\/product_brand?post=9157"},{"taxonomy":"product_cat","embeddable":true,"href":"https:\/\/shercards.com\/et\/wp-json\/wp\/v2\/product_cat?post=9157"},{"taxonomy":"product_tag","embeddable":true,"href":"https:\/\/shercards.com\/et\/wp-json\/wp\/v2\/product_tag?post=9157"}],"curies":[{"name":"wp","href":"https:\/\/api.w.org\/{rel}","templated":true}]}}