{"id":9162,"date":"2024-11-19T13:59:52","date_gmt":"2024-11-19T13:59:52","guid":{"rendered":"https:\/\/shercards.com\/?post_type=product&#038;p=9162"},"modified":"2025-03-11T11:06:49","modified_gmt":"2025-03-11T11:06:49","slug":"hold-me-metaphorical-cards","status":"publish","type":"product","link":"https:\/\/shercards.com\/et\/toode\/hold-me-metaphorical-cards\/","title":{"rendered":"&quot;Hoia mind&quot; metafoorilised kaardid"},"content":{"rendered":"<p><strong>\u00a0&quot;Hoia mind&quot;<\/strong> \u2013 Teekond enesem\u00f5istmise juurde<\/p>\n<p>Kas tunnete kunagi oma hinges raskustunnet, segadust v\u00f5i katkestust iseendast? Need rahutukstegevad emotsioonid tulenevad sageli meie sisemaailma m\u00f5istmise puudumisest. Ilma selguseta muutub olukorra muutmine keeruliseks.<\/p>\n<p>The <i>&quot;Hoia mind&quot;<\/i>kaardid on v\u00f5imas t\u00f6\u00f6riist, mis on loodud l\u00f5he \u00fcletamiseks teie ja teie sisemise mina vahel, soodustades paranemist ja eneseavastamist. See tekk aitab uurida suhteid iseendaga \u2013 mitte ainult t\u00e4iskasvanuna, vaid ka oma sisemise lapsega, vabastades peidetud m\u00e4lestused, emotsioonid ja isiklikud arusaamad.<\/p>\n<h3><strong>Mis teeb need kaardid ainulaadseks?<\/strong><\/h3>\n<ul>\n<li><strong>Ps\u00fchholoogi kunstiline kujundus:<\/strong> Iga kaart on kaunilt illustreeritud ps\u00fchholoog, kunstiterapeut ja autor Olly Skordina poolt, tagades iga pildi terapeutilise resonantsi.<\/li>\n<li><strong>Premium esitlus:<\/strong> Komplekti kuulub kvaliteetne karp, mis muudab selle meeldivaks lisandiks teie kodukaunistusele v\u00f5i l\u00e4bim\u00f5eldud kingituseks.<\/li>\n<li><strong>P\u00f5hjalik juhend:<\/strong> Tekil on juhised, mis pakuvad erinevaid tehnikaid, mis aitavad teil alateadvusega \u00fchenduse luua.<\/li>\n<li><strong>T\u00e4iuslik kingitus:<\/strong> S\u00fcdamliku eesm\u00e4rgi ja peene disainiga kaardid on t\u00e4hendusrikas kingitus l\u00e4hedastele, s\u00f5pradele v\u00f5i kolleegidele.<\/li>\n<\/ul>\n<h3><strong>Miks kasutada <em>&quot;Hoia mind&quot;<\/em> Kaardid?<\/strong><\/h3>\n<ul>\n<li><strong>Eneseavastus:<\/strong> Saate oma tunnetest ja sisemisest seisundist s\u00fcgavama \u00fclevaate.<\/li>\n<li><strong>Sisemine lapset\u00f6\u00f6:<\/strong> Vaadake uuesti lapsep\u00f5lve m\u00e4lestusi, paljastage hirmud ja v\u00f5tke omaks \u00f5nnehetked.<\/li>\n<li><strong>Emotsionaalne tervenemine:<\/strong> Du\u0161itage oma sisemist last hoole ja armastusega, v\u00e4hendades stressi ja ebamugavustunnet.<\/li>\n<li><strong>Meelerahu:<\/strong> Leidke enda sees harmoonia, k\u00e4sitledes minevikukogemusi ja praegusi emotsioone.<\/li>\n<\/ul>\n<h3><strong>Lisainfo<\/strong><\/h3>\n<ul>\n<li>33 kaarti;<\/li>\n<li><b>Saadaval aastal <\/b>ukraina keel;<\/li>\n<li><strong>Vanus:<\/strong> 14+;<\/li>\n<li><strong>Avaldamise aasta:<\/strong> 2019;<\/li>\n<li><strong>Vorming:<\/strong> 120 x 120 mm;<\/li>\n<li><strong>Kaal:<\/strong> 200 g;<\/li>\n<li><strong>Kaas:<\/strong> Pehme;<\/li>\n<li><strong>Sisaldab:<\/strong> Kasutusjuhend ja esmaklassiline hoiukarp.<\/li>\n<\/ul>\n<p>Looja Olly Skordina.<\/p>\n<p>&quot;Hoia mind&quot; kaardid on midagi enamat kui lihtsalt pakk \u2013 need on s\u00fcdamlik teekond hingega \u00fchenduse taastamiseks ja lapse omaksv\u00f5tmiseks.<\/p>","protected":false},"excerpt":{"rendered":"<p><strong>&quot;Hoia mind&quot; metafoorsed assotsiatiivsed kaardid<\/strong><\/p>\n<p>\u00dchendage uuesti oma sisemise minaga, kasutades <em>&quot;Hoia mind&quot;<\/em>, 33-kaardiline pakk, mis on m\u00f5eldud eneseleidmiseks ja tervendamiseks. Ps\u00fchholoogi ja kunstiterapeudi Olly Skordina loodud iga kaart uurib emotsioone, m\u00e4lestusi ja suhteid teie sisemise lapsega.<\/p>\n<p><strong>Omadused:<\/strong><\/p>\n<ul>\n<li>Unikaalsed illustratsioonid ja esmaklassiline karp.<\/li>\n<li>Sisaldab juhendit eneserefleksiooni tehnikatega.<\/li>\n<li>Ideaalne stressi maandamiseks ja emotsionaalse tasakaalu leidmiseks.<\/li>\n<\/ul>\n<p>Keel: ukraina | Vanus: 14+ | Autor: Olly Skordina<\/p>\n<p>Alustage oma enesem\u00f5istmise teekonda <em>&quot;Hoia mind&quot;<\/em> kaardid.<\/p>","protected":false},"featured_media":9166,"comment_status":"open","ping_status":"closed","template":"","meta":[],"product_brand":[],"product_cat":[20,25,33,37,32,29,22],"product_tag":[],"class_list":{"0":"post-9162","1":"product","2":"type-product","3":"status-publish","4":"has-post-thumbnail","6":"product_cat-metaphorical-cards","7":"product_cat-children-teenagers-inner-child","8":"product_cat-coaching-cards","9":"product_cat-feelings-abstract-mandalas","10":"product_cat-perinatal-theme","11":"product_cat-text","12":"product_cat-womens-mens","14":"first","15":"instock","16":"featured","17":"taxable","18":"shipping-taxable","19":"purchasable","20":"product-type-simple"},"_links":{"self":[{"href":"https:\/\/shercards.com\/et\/wp-json\/wp\/v2\/product\/9162","targetHints":{"allow":["GET"]}}],"collection":[{"href":"https:\/\/shercards.com\/et\/wp-json\/wp\/v2\/product"}],"about":[{"href":"https:\/\/shercards.com\/et\/wp-json\/wp\/v2\/types\/product"}],"replies":[{"embeddable":true,"href":"https:\/\/shercards.com\/et\/wp-json\/wp\/v2\/comments?post=9162"}],"wp:featuredmedia":[{"embeddable":true,"href":"https:\/\/shercards.com\/et\/wp-json\/wp\/v2\/media\/9166"}],"wp:attachment":[{"href":"https:\/\/shercards.com\/et\/wp-json\/wp\/v2\/media?parent=9162"}],"wp:term":[{"taxonomy":"product_brand","embeddable":true,"href":"https:\/\/shercards.com\/et\/wp-json\/wp\/v2\/product_brand?post=9162"},{"taxonomy":"product_cat","embeddable":true,"href":"https:\/\/shercards.com\/et\/wp-json\/wp\/v2\/product_cat?post=9162"},{"taxonomy":"product_tag","embeddable":true,"href":"https:\/\/shercards.com\/et\/wp-json\/wp\/v2\/product_tag?post=9162"}],"curies":[{"name":"wp","href":"https:\/\/api.w.org\/{rel}","templated":true}]}}