{"id":9167,"date":"2024-11-19T14:27:23","date_gmt":"2024-11-19T14:27:23","guid":{"rendered":"https:\/\/shercards.com\/?post_type=product&#038;p=9167"},"modified":"2024-12-16T11:05:57","modified_gmt":"2024-12-16T11:05:57","slug":"wisdom-of-the-heart-metaphorical-cards","status":"publish","type":"product","link":"https:\/\/shercards.com\/et\/toode\/wisdom-of-the-heart-metaphorical-cards\/","title":{"rendered":"&quot;S\u00fcdame tarkuse&quot; metafoorilised kaardid"},"content":{"rendered":"<p><strong>&quot;S\u00fcdame tarkus&quot;<\/strong> \u2013 Avage juhised sees<\/p>\n<p>Kuidas teete otsuseid kahtluse v\u00f5i ebakindluse hetkedel? Sageli p\u00f6\u00f6rdume loogika v\u00f5i m\u00f5istuse poole, kuid need l\u00e4henemisviisid ei anna alati vastuseid, mida otsime. &quot;<em>S\u00fcdame tarkus\u201d<\/em> metafoorilised kaardid pakuvad ainulaadset teed arusaamisele, v\u00f5imaldades teil luua \u00fchenduse oma alateadvuse tarkusega \u2013 oma s\u00fcdame ja hingega.<\/p>\n<p>Sinu s\u00fcdames on vastused, mida loogika ja m\u00f5istus pakkuda ei suuda. See sisaldab universumi tarkust, mineviku kajasid ja tuleviku sosinaid. Need kaardid kutsuvad kuulama seda sisemist h\u00e4\u00e4lt ja leidma selgust keset elu ebakindlust.<\/p>\n<p>Kujutage ette, et k\u00fcsite elu k\u00f5ige s\u00fcgavamaid k\u00fcsimusi ja saate vastuseid, n\u00e4iteks:<\/p>\n<ul>\n<li><em>\u201cEttevaatlik inimene hoiab oma s\u00fcdame rahus ja m\u00f5tleb vaikides. Nii et rahune maha\u2026\u201d<\/em><\/li>\n<li><em>&quot;Iga\u00fcks meist on omaette tohutu maailm ja koos oleme galaktika \u2013 piiritu l\u00f5pmatuse seas.&quot;<\/em><\/li>\n<\/ul>\n<p>Iga kaart jaotises &quot;<em>S\u00fcdame tarkus\u201d<\/em> tekk on nagu vaikne vestlus sinu hingega, pakkudes sulle k\u00e4esoleva hetke juhatust ja inspiratsiooni.<\/p>\n<h3><strong>Mis teeb need kaardid ainulaadseks?<\/strong><\/h3>\n<ul>\n<li><strong>T\u00f6\u00f6riist eneserefleksiooniks:<\/strong> Need kaardid on m\u00f5eldud s\u00fcgavateks ja ausateks vestlusteks oma alateadvusega.<\/li>\n<li><strong>Filosoofilised arusaamad:<\/strong> Igal kaardil on l\u00e4bim\u00f5eldud \u00fctlused, mis k\u00f5lavad s\u00fcgaval tasemel, aidates teil selgust ja suunda leida.<\/li>\n<li><strong>Algne kunstiteos:<\/strong> Illustreeritud Ukraina kunstniku, filosoofi ja m\u00f5tleja Juri Nagulko kaunite, m\u00f5tlemapanevate maalidega.<\/li>\n<li><strong>Mitmek\u00fclgne kasutamine:<\/strong> Komplekt sisaldab juhendit kaartidega t\u00f6\u00f6tamise tehnikatega \u2013 p\u00e4evakavatsuste seadmine, konkreetsete k\u00fcsimuste uurimine, ressursside leidmine v\u00f5i inspiratsiooni ammutamine. Samuti saate luua oma meetodid kaartide kasutamiseks.<\/li>\n<li><strong>Elegantne esitlus:<\/strong> Kaardid on kvaliteetses karbis, mis muudab need suurep\u00e4raseks t\u00e4ienduseks teie isiklikule kollektsioonile v\u00f5i t\u00e4hendusrikkaks kingituseks l\u00e4hedastele.<\/li>\n<\/ul>\n<h3><strong>Miks&quot;<em>S\u00fcdame tarkus\u201d<\/em> Kaardid on teile kasulikud<\/strong><\/h3>\n<ul>\n<li>Saate iga olukorra jaoks isikup\u00e4rastatud ja intuitiivseid juhiseid.<\/li>\n<li>Leidke inspiratsiooni teie hingega resoneerivate poeetiliste, filosoofiliste m\u00f5tiskluste kaudu.<\/li>\n<li>Tugevdage oma \u00fchendust oma sisemise minaga, paljastades oma elus selguse ja tasakaalu.<\/li>\n<li>R\u00f5\u00f5mustage s\u00f5pru, perekonda v\u00f5i kolleege l\u00e4bim\u00f5eldud ja ainulaadse kingitusega.<\/li>\n<\/ul>\n<h3><strong>Lisainfo<\/strong><\/h3>\n<ul>\n<li>33 kaarti;<\/li>\n<li><b>Saadaval aastal <\/b>ukraina keel;<\/li>\n<li><strong>Vanus:<\/strong> 16+;<\/li>\n<li><strong>Kaas:<\/strong> Pehme;<\/li>\n<li><strong>Avaldamise aasta:<\/strong> 2022;<\/li>\n<li><strong>Kaal:<\/strong> 180 g;<\/li>\n<li><strong>Vorming:<\/strong> 100 x 150 mm;<\/li>\n<li><strong>Sisaldab:<\/strong> Kasutusjuhend mitmete kasutustehnikatega.<\/li>\n<\/ul>\n<p>Looja Juri Nagulko.<\/p>\n<p>Laske &quot;<em>S\u00fcdame tarkus\u201d<\/em> kaardid on teie teejuhiks, paljastades sisemised t\u00f5ed, mida vajate elu v\u00e4ljakutsetes armu ja enesekindlusega navigeerimiseks.<\/p>","protected":false},"excerpt":{"rendered":"<p><strong>&quot;S\u00fcdame tarkus&quot; <\/strong>\u00a0\u2013 hingega juhendamise t\u00f6\u00f6riist<\/p>\n<p>\u00dchendage oma alateadvusega ja avage elu vastused &quot;<em>S\u00fcdame tarkus\u201d<\/em> kaardid. Ukraina kunstniku ja filosoofi Juri Nagulko kujundatud 33-kaardiline kaardipakk pakub originaalsete kunstiteoste ja filosoofiliste m\u00f5tiskluste kaudu s\u00fcgavaid teadmisi.<\/p>\n<p><strong>Omadused:<\/strong><\/p>\n<ul>\n<li>Eneserefleksiooni ja kavatsuste seadmise tehnikad<\/li>\n<li>Juri Nagulko ainulaadne kunstiteos<\/li>\n<li>Kvaliteetne hoiukarp<\/li>\n<\/ul>\n<p>Keel: ukraina | Vanus: 16+ | Autor: Juri Nagulko<\/p>\n<p>Avasta enda sees olev tarkus ja lase oma s\u00fcdamel end l\u00e4bi elu ebakindluse juhtida.<\/p>","protected":false},"featured_media":9170,"comment_status":"open","ping_status":"closed","template":"","meta":[],"product_brand":[],"product_cat":[20,34,28,26,29,27,22],"product_tag":[],"class_list":{"0":"post-9167","1":"product","2":"type-product","3":"status-publish","4":"has-post-thumbnail","6":"product_cat-metaphorical-cards","7":"product_cat-kin-ancestors-scenarios","8":"product_cat-portraits-archetypes-subpersonalities","9":"product_cat-resources","10":"product_cat-text","11":"product_cat-universal","12":"product_cat-womens-mens","14":"first","15":"instock","16":"featured","17":"taxable","18":"shipping-taxable","19":"purchasable","20":"product-type-simple"},"_links":{"self":[{"href":"https:\/\/shercards.com\/et\/wp-json\/wp\/v2\/product\/9167","targetHints":{"allow":["GET"]}}],"collection":[{"href":"https:\/\/shercards.com\/et\/wp-json\/wp\/v2\/product"}],"about":[{"href":"https:\/\/shercards.com\/et\/wp-json\/wp\/v2\/types\/product"}],"replies":[{"embeddable":true,"href":"https:\/\/shercards.com\/et\/wp-json\/wp\/v2\/comments?post=9167"}],"wp:featuredmedia":[{"embeddable":true,"href":"https:\/\/shercards.com\/et\/wp-json\/wp\/v2\/media\/9170"}],"wp:attachment":[{"href":"https:\/\/shercards.com\/et\/wp-json\/wp\/v2\/media?parent=9167"}],"wp:term":[{"taxonomy":"product_brand","embeddable":true,"href":"https:\/\/shercards.com\/et\/wp-json\/wp\/v2\/product_brand?post=9167"},{"taxonomy":"product_cat","embeddable":true,"href":"https:\/\/shercards.com\/et\/wp-json\/wp\/v2\/product_cat?post=9167"},{"taxonomy":"product_tag","embeddable":true,"href":"https:\/\/shercards.com\/et\/wp-json\/wp\/v2\/product_tag?post=9167"}],"curies":[{"name":"wp","href":"https:\/\/api.w.org\/{rel}","templated":true}]}}