{"id":9172,"date":"2024-11-20T11:24:51","date_gmt":"2024-11-20T11:24:51","guid":{"rendered":"https:\/\/shercards.com\/?post_type=product&#038;p=9172"},"modified":"2024-12-16T11:05:51","modified_gmt":"2024-12-16T11:05:51","slug":"journey-through-chaos-metaphorical-cards","status":"publish","type":"product","link":"https:\/\/shercards.com\/et\/toode\/journey-through-chaos-metaphorical-cards\/","title":{"rendered":"&quot;Teekond l\u00e4bi kaose&quot; metafoorilised kaardid"},"content":{"rendered":"<p><strong>\u201cTeekond l\u00e4bi kaose\u201d<\/strong> \u2013 Avage \u00e4rilahendused l\u00e4bin\u00e4gelike metafooriliste assotsiatiivsete kaartidega<\/p>\n<p>Kaasaegse \u00e4ri keerukuses navigeerimine n\u00f5uab enamat kui lihtsalt strateegiat \u2013 see n\u00f5uab loovust, taipamist ja oskust v\u00e4ljakutsetega kohaneda. &quot;<em>Teekond l\u00e4bi kaose\u201d<\/em>\u00a0metafoorsed assotsiatiivsed kaardid (MAC) on loodud selleks, et anda ettev\u00f5tjatele, juhtidele ja konsultantidele vahendid, mida nad vajavad probleemide t\u00f5husaks anal\u00fc\u00fcsimiseks, uuenduste tegemiseks ja lahendamiseks.<\/p>\n<p>See terviklik komplekt sisaldab <strong>135 kaarti<\/strong>:<\/p>\n<ul>\n<li><strong>45 kaarti<\/strong> koos assotsiatiivsete illustratsioonidega, et tekitada emotsioone ja \u00e4ratada loovust.<\/li>\n<li><strong>90 kaarti<\/strong> koos m\u00f5tlemapanevate k\u00fcsimuste ja suunavate teesidega, et keskenduda probleemidele ja leida praktilisi lahendusi.<\/li>\n<\/ul>\n<hr \/>\n<h3><strong>Kuidas kaartidega t\u00f6\u00f6tada<\/strong><\/h3>\n<ol>\n<li><strong>M\u00e4\u00e4rake oma fookus:<\/strong> Probleemi v\u00f5i p\u00e4ringu m\u00e4\u00e4ratlemiseks, mida soovite uurida, joonistage k\u00fcsimusekaart.<\/li>\n<li><strong>Sukeldu emotsioonidesse:<\/strong> Valige illustreeriv kaart, j\u00e4lgige seda hoolikalt ja m\u00f5elge oma tunnete \u00fcle. M\u00f5elge, kus tunnete ebamugavust v\u00f5i inspiratsiooni ja millega see sunnib teid tegelema.<\/li>\n<li><strong>Leia oma tee:<\/strong> Juhiste saamiseks joonistage l\u00f5put\u00f6\u00f6 kaart, et saada selgust, kuidas probleemile l\u00e4heneda v\u00f5i seda lahendada.<\/li>\n<\/ol>\n<p>\u00dcksikasjalikumate tehnikate kohta vaadake komplekti kuuluvaid juhiseid.<\/p>\n<hr \/>\n<h3><strong>Miks&quot;<em>Teekond l\u00e4bi kaose\u201d<\/em> on Unikaalne<\/strong><\/h3>\n<ul>\n<li><strong>Juurdunud asjatundlikkusest:<\/strong> T\u00f6\u00f6tatud v\u00e4lja selle p\u00f5hjal <em>Pehme j\u00f5u meeskond<\/em> hariduslik kursus tippjuhtidele, mis keskendub pehmetele ja metaoskustele.<\/li>\n<li><strong>Eksperdid teavitasid:<\/strong> K\u00fcsimused ja teesid on inspireeritud t\u00f6\u00f6tubadest, loengutest ja \u00e4riekspertide, ps\u00fchholoogide ja kaasaegsete m\u00f5tlejate arusaamadest.<\/li>\n<li><strong>\u00c4rikesksed lahendused:<\/strong> Kohandatud ettev\u00f5tetele, et leida optimaalsed tulemused k\u00f5igis \u00e4rivaldkondades.<\/li>\n<\/ul>\n<hr \/>\n<h3><strong>Kes saavad kasu?<\/strong><\/h3>\n<ul>\n<li>Ettev\u00f5tjad, kes soovivad oma \u00e4ristrateegiaid t\u00f5sta.<\/li>\n<li>Ettev\u00f5tete omanikud, kes navigeerivad keeruliste v\u00e4ljakutsetega.<\/li>\n<li>Tipp- ja keskastme juhid, kes soovivad parandada meeskonna tulemuslikkust.<\/li>\n<li>\u00c4rikonsultandid, kes p\u00fc\u00fcdlevad s\u00fcgavamate arusaamade poole.<\/li>\n<li>Treenerid ja koolitajad, kes vajavad uuenduslikke t\u00f6\u00f6riistu.<\/li>\n<li>Personalijuhid, kelle eesm\u00e4rk on parandada meeskonna d\u00fcnaamikat ja kaasatust.<\/li>\n<\/ul>\n<hr \/>\n<h3><strong>Kuidas kaardid teid aitavad<\/strong><\/h3>\n<ul>\n<li><strong>Riskianal\u00fc\u00fcs:<\/strong> Tehke kindlaks ja ennetage v\u00f5imalikke projekti riske.<\/li>\n<li><strong>T\u00f6\u00f6tajate hindamine:<\/strong> Avastage k\u00f5ige t\u00f5husamad ja loomingulisemad meeskonnaliikmed.<\/li>\n<li><strong>Otsuse m\u00f5ju:<\/strong> Enne nende rakendamist kavandage peamiste otsuste tagaj\u00e4rjed.<\/li>\n<li><strong>Takistuse tuvastamine:<\/strong> Tunnistage teadlikud ja alateadlikud t\u00f5kked edenemisel.<\/li>\n<li><strong>Kaasamise statistika:<\/strong> Saate aru, miks t\u00f6\u00f6tajad v\u00f5ivad kaotada motivatsiooni ja kaasatuse.<\/li>\n<li><strong>Strateegilised seansid:<\/strong> Rikastage ajur\u00fcnnakuid ja strateegiakohtumisi uute vaatenurkadega.<\/li>\n<\/ul>\n<hr \/>\n<h3><strong>Lisainfo<\/strong><\/h3>\n<ul>\n<li><strong>Kaartide arv:<\/strong> 135<\/li>\n<li><strong>Keel:<\/strong> ukrainlane<\/li>\n<li><strong>Kaas:<\/strong> K\u00f5vakaaneline<\/li>\n<li><strong>Avaldamise aasta:<\/strong> 2023<\/li>\n<li><strong>Kaal:<\/strong> 600 g<\/li>\n<li><strong>Vorming:<\/strong> 16 x 11 x 4 cm<\/li>\n<\/ul>\n<p>Muutke oma l\u00e4henemist probleemide lahendamisele ja meeskonna arendamisele &quot;<em>Teekond l\u00e4bi kaose\u201d<\/em> MAC. Laske kaartidel juhatada teid uute teadmiste, paremate otsuste ja produktiivsema \u00e4rikeskkonnani.<\/p>","protected":false},"excerpt":{"rendered":"<p><strong>Teekond l\u00e4bi kaose MAC<\/strong> \u2013 Tugevdage oma ettev\u00f5tet \u00fclevaatega<\/p>\n<p>See 135 kaardist koosnev komplekt \u00fchendab endas assotsiatiivseid illustratsioone ja suunavaid teesid, mis aitavad ettev\u00f5tjatel, juhtidel ja konsultantidel \u00e4riprobleemidega toime tulla. Ideaalsed riskianal\u00fc\u00fcsi, t\u00f6\u00f6tajate hindamise ja strateegiliste seansside jaoks sobivad kaardid loovat l\u00e4henemist otsuste tegemisele ja probleemide lahendamisele.<\/p>\n<p><strong>Omadused:<\/strong><\/p>\n<ul>\n<li>45 illustratsioonikaarti ja 90 k\u00fcsimuste\/l\u00f5put\u00f6\u00f6 kaarti.<\/li>\n<li>P\u00f5hineb ekspertide juhitud t\u00f6\u00f6tubadel ja koolitustel.<\/li>\n<li>Sisaldab juhiseid erinevate rakenduste jaoks.<\/li>\n<\/ul>\n<p><strong>Keel:<\/strong> ukraina | <strong>Aasta:<\/strong> 2023 | <strong>Vorming:<\/strong> 16 x 11 x 4 cm<\/p>\n<p>Avastage selgus ja uuenduslikkus koos &quot;<em>Teekond l\u00e4bi kaose\u201d<\/em>.<\/p>","protected":false},"featured_media":9177,"comment_status":"open","ping_status":"closed","template":"","meta":[],"product_brand":[],"product_cat":[20,33,31,26,29,27,22],"product_tag":[],"class_list":{"0":"post-9172","1":"product","2":"type-product","3":"status-publish","4":"has-post-thumbnail","6":"product_cat-metaphorical-cards","7":"product_cat-coaching-cards","8":"product_cat-money-business-professions","9":"product_cat-resources","10":"product_cat-text","11":"product_cat-universal","12":"product_cat-womens-mens","14":"first","15":"instock","16":"featured","17":"taxable","18":"shipping-taxable","19":"purchasable","20":"product-type-simple"},"_links":{"self":[{"href":"https:\/\/shercards.com\/et\/wp-json\/wp\/v2\/product\/9172","targetHints":{"allow":["GET"]}}],"collection":[{"href":"https:\/\/shercards.com\/et\/wp-json\/wp\/v2\/product"}],"about":[{"href":"https:\/\/shercards.com\/et\/wp-json\/wp\/v2\/types\/product"}],"replies":[{"embeddable":true,"href":"https:\/\/shercards.com\/et\/wp-json\/wp\/v2\/comments?post=9172"}],"wp:featuredmedia":[{"embeddable":true,"href":"https:\/\/shercards.com\/et\/wp-json\/wp\/v2\/media\/9177"}],"wp:attachment":[{"href":"https:\/\/shercards.com\/et\/wp-json\/wp\/v2\/media?parent=9172"}],"wp:term":[{"taxonomy":"product_brand","embeddable":true,"href":"https:\/\/shercards.com\/et\/wp-json\/wp\/v2\/product_brand?post=9172"},{"taxonomy":"product_cat","embeddable":true,"href":"https:\/\/shercards.com\/et\/wp-json\/wp\/v2\/product_cat?post=9172"},{"taxonomy":"product_tag","embeddable":true,"href":"https:\/\/shercards.com\/et\/wp-json\/wp\/v2\/product_tag?post=9172"}],"curies":[{"name":"wp","href":"https:\/\/api.w.org\/{rel}","templated":true}]}}