{"id":9179,"date":"2024-11-20T11:56:23","date_gmt":"2024-11-20T11:56:23","guid":{"rendered":"https:\/\/shercards.com\/?post_type=product&#038;p=9179"},"modified":"2024-12-16T11:05:50","modified_gmt":"2024-12-16T11:05:50","slug":"soul-transformation-metaphorical-cards","status":"publish","type":"product","link":"https:\/\/shercards.com\/et\/toode\/soul-transformation-metaphorical-cards\/","title":{"rendered":"&quot;Hingemuutuse&quot; metafoorilised kaardid"},"content":{"rendered":"<p><strong>&quot;Hinge \u00fcmberkujundamine&quot; <\/strong>\u00a0- Avastage universumi juhtn\u00f6\u00f6re<\/p>\n<p>Kas poleks igap\u00e4evaelu kaoses imeline saada universumist selgeid m\u00e4rke? Tekib k\u00fcsimus ja ilmub vastus, mis juhatab teid \u00f5igele teele. Koos &quot;<em>Hinge \u00fcmberkujundamine&quot;<\/em> metafoorsed kaardid, on teil n\u00fc\u00fcd t\u00f6\u00f6riist, mis aitab teil oma intuitsiooniga \u00fchenduse luua ja universumi peeneid s\u00f5numeid paljastada.<\/p>\n<p>\u00dcksk\u00f5ik, kas tunnete end ebakindlalt, ummikus v\u00f5i otsite lihtsalt selgust, pakuvad need kaardid viisi oma sisemaailma uurimiseks ja muutmise suunas liikuvate sammude tuvastamiseks. Esitage lihtsalt oma k\u00fcsimus, joonistage kaart ja laske selle arusaamadel end juhtida.<\/p>\n<hr \/>\n<h3><strong>Kuidas see t\u00f6\u00f6tab<\/strong><\/h3>\n<ol>\n<li>Keskenduge oma k\u00fcsimusele v\u00f5i v\u00e4ljakutsele.<\/li>\n<li>Joonistage kaart ning uurige selle illustratsiooni ja s\u00f5numit.<\/li>\n<li>M\u00f5elge sellele, kuidas see on teie olukorraga seotud ja milliseid tegusid see inspireerib.<\/li>\n<li>Astuge esimene samm, usaldades universumit teie teekonna toetamiseks.<\/li>\n<\/ol>\n<hr \/>\n<h3><strong>Miks&quot;<em>Hinge \u00fcmberkujundamine&quot;<\/em> on Unikaalne<\/strong><\/h3>\n<ul>\n<li><strong>Kunstiline inspiratsioon:<\/strong> Igal kaardil on tuntud kunstniku Lisa Ray illustratsioonid, mis muudavad kaardipaki visuaalselt nii vapustavaks kui ka t\u00e4hendusrikkaks.<\/li>\n<li><strong>Elegantne esitlus:<\/strong> Saadaval kvaliteetses karbis, muutes teki kauniks lisandiks teie kodule v\u00f5i t\u00f6\u00f6ruumile.<\/li>\n<li><strong>Praktiline juhend:<\/strong> Sisaldab kasutusjuhendit mitmel viisil kaartide kasutamiseks, mis on m\u00f5eldud nii algajatele kui ka kogenud kasutajatele.<\/li>\n<li><strong>M\u00f5ttekas kingitus:<\/strong> Ideaalne l\u00e4bim\u00f5eldud kingituseks l\u00e4hedastele, s\u00f5pradele v\u00f5i kolleegidele.<\/li>\n<\/ul>\n<hr \/>\n<h3><strong>Kuidas need kaardid teile kasuks tulevad<\/strong><\/h3>\n<ul>\n<li>Saate n\u00e4pun\u00e4iteid oma elu ja m\u00f5tteviisi parandamiseks.<\/li>\n<li>Muutke oma vaatenurka iseendale ja oma emotsioonidele.<\/li>\n<li>Tee selgeks oma v\u00e4\u00e4rtused ja elu prioriteedid.<\/li>\n<li>Kogege s\u00fcgavamat toetust ja sidet universumiga.<\/li>\n<\/ul>\n<hr \/>\n<h3><strong>Toote \u00fcksikasjad<\/strong><\/h3>\n<ul>\n<li><strong>Kaartide arv:<\/strong> 33<\/li>\n<li><strong>Keel:<\/strong> ukrainlane<\/li>\n<li><strong>Kaas:<\/strong> Pehme<\/li>\n<li><strong>Avaldamise aasta:<\/strong> 2020<\/li>\n<li><strong>Kaal:<\/strong> 162 g<\/li>\n<li><strong>Vorming:<\/strong> 120 x 120 mm<\/li>\n<\/ul>\n<p>&quot;<em>Hinge \u00fcmberkujundamine&quot;<\/em>\u00a0kaardid on midagi enamat kui t\u00f6\u00f6riist \u2013 need on sild teie sisemise mina ja universumi tarkuse vahel. Laske neil valgustada teie teed ja inspireerida muutusi, mida olete otsinud.<\/p>","protected":false},"excerpt":{"rendered":"<p><strong>&quot;Hinge \u00fcmberkujundamine&quot; MAC <\/strong>- Avage universumi tarkus<\/p>\n<p>See 33-kaardiline kaardipakk on teie v\u00f5ti universumi s\u00f5numite avastamiseks ja teie elu muutmiseks. Lisa Ray vapustavate illustratsioonide ja praktiliste juhistega kaardid pakuvad selgust, arusaama ja tuge ebakindluse hetkedel.<\/p>\n<p><strong>Omadused:<\/strong><\/p>\n<ul>\n<li>Illustreerinud Lisa Ray.<\/li>\n<li>Kaasas kasutusjuhend ja elegantne hoiukarp.<\/li>\n<li>Keel: ukraina | Aasta: 2020 | Formaat: 120 x 120 mm<\/li>\n<\/ul>\n<p>Esitage k\u00fcsimus, joonistage kaart ja laske &quot;<em>Hinge \u00fcmberkujundamine&quot;<\/em> tekk juhatab teid helgema ja \u00fchtsema tuleviku poole.<\/p>","protected":false},"featured_media":9183,"comment_status":"open","ping_status":"closed","template":"","meta":[],"product_brand":[],"product_cat":[20,25,38,37,39,28,26,29,27,22],"product_tag":[],"class_list":{"0":"post-9179","1":"product","2":"type-product","3":"status-publish","4":"has-post-thumbnail","6":"product_cat-metaphorical-cards","7":"product_cat-children-teenagers-inner-child","8":"product_cat-fairytale","9":"product_cat-feelings-abstract-mandalas","10":"product_cat-nature-animals","11":"product_cat-portraits-archetypes-subpersonalities","12":"product_cat-resources","13":"product_cat-text","14":"product_cat-universal","15":"product_cat-womens-mens","17":"first","18":"instock","19":"featured","20":"taxable","21":"shipping-taxable","22":"purchasable","23":"product-type-simple"},"_links":{"self":[{"href":"https:\/\/shercards.com\/et\/wp-json\/wp\/v2\/product\/9179","targetHints":{"allow":["GET"]}}],"collection":[{"href":"https:\/\/shercards.com\/et\/wp-json\/wp\/v2\/product"}],"about":[{"href":"https:\/\/shercards.com\/et\/wp-json\/wp\/v2\/types\/product"}],"replies":[{"embeddable":true,"href":"https:\/\/shercards.com\/et\/wp-json\/wp\/v2\/comments?post=9179"}],"wp:featuredmedia":[{"embeddable":true,"href":"https:\/\/shercards.com\/et\/wp-json\/wp\/v2\/media\/9183"}],"wp:attachment":[{"href":"https:\/\/shercards.com\/et\/wp-json\/wp\/v2\/media?parent=9179"}],"wp:term":[{"taxonomy":"product_brand","embeddable":true,"href":"https:\/\/shercards.com\/et\/wp-json\/wp\/v2\/product_brand?post=9179"},{"taxonomy":"product_cat","embeddable":true,"href":"https:\/\/shercards.com\/et\/wp-json\/wp\/v2\/product_cat?post=9179"},{"taxonomy":"product_tag","embeddable":true,"href":"https:\/\/shercards.com\/et\/wp-json\/wp\/v2\/product_tag?post=9179"}],"curies":[{"name":"wp","href":"https:\/\/api.w.org\/{rel}","templated":true}]}}