{"id":9184,"date":"2024-11-20T13:13:41","date_gmt":"2024-11-20T13:13:41","guid":{"rendered":"https:\/\/shercards.com\/?post_type=product&#038;p=9184"},"modified":"2024-12-16T11:05:25","modified_gmt":"2024-12-16T11:05:25","slug":"absolute-energy-of-love-meditation-cards","status":"publish","type":"product","link":"https:\/\/shercards.com\/et\/toode\/absolute-energy-of-love-meditation-cards\/","title":{"rendered":"Meditatsioonikaardid &quot;Armastuse absoluutne energia&quot;."},"content":{"rendered":"<p><strong>&quot;Armastuse absoluutne energia&quot;<\/strong>\u2013 Alustage \u00fcmberkujundavat teekonda sisemise tarkuse poole<\/p>\n<p>Iga kaart jaotises &quot;<em>Absoluutne armastuse energia\u201d<\/em> tekk on v\u00e4rav teie sisemise Tarkuse juurde, mis juhatab teid harmoonia, vaimse kasvu ja Armastuse Absoluutse Energia poole. Maa hingematvate maastike elavate piltide ja tanka luule v\u00f5imsa lihtsuse \u2013 viierealiste jaapani salmide \u2013 kaudu kutsutakse teid \u00fcles looma s\u00fcgavat \u00fchendust iseendaga, mediteerima ja omaks v\u00f5tma universaalset armastust.<\/p>\n<p>Need Reiki p\u00f5him\u00f5tetest ja keiser Meiji s\u00fcgavast luulest inspireeritud kaardid pakuvad meditatiivset kogemust, mis \u00fcletab pelgalt s\u00f5nad. Ajatud v\u00e4rsid, mis on destilleeritud viieks p\u00f5hiprintsiibiks \u2013 positiivsed ootused, r\u00f5\u00f5m, armastus, austus ja t\u00e4nulikkus \u2013 moodustavad vaimse aluse, mida saab praktiseerida iga\u00fcks, olenemata taustast v\u00f5i kogemusest.<\/p>\n<h3><strong>Kaartide eelised<\/strong><\/h3>\n<p>Need meditatsioonikaardid pakuvad juhiseid ja tuge mitmes eluvaldkonnas:<\/p>\n<ul>\n<li>Kasvatage s\u00fcgavamat meditatsioonipraktikat.<\/li>\n<li>Kogege ilu tervendavat j\u00f5udu luule ja kujundite kaudu.<\/li>\n<li>Taastada energiatasakaal ning seista vastu f\u00fc\u00fcsilistele ja emotsionaalsetele vaevustele.<\/li>\n<li>Suurendage inimestevahelist harmooniat ja soodustage positiivset koost\u00f6\u00f6d.<\/li>\n<li>Laiendage oma vaatenurka ja joonduge vaimsete p\u00f5him\u00f5tetega.<\/li>\n<\/ul>\n<h3><strong>3 v\u00f5imalust kaartidega t\u00f6\u00f6tamiseks<\/strong><\/h3>\n<h4><strong>1. Hinge meditatsioonipraktikana<\/strong><\/h4>\n<ul>\n<li>Hoidke tekki ja tunnetage &quot;Armastuse Absoluutse Energia&quot; aktiveerumist oma s\u00fcdames.<\/li>\n<li>Joonistage kaart, lugege selle luuletust aeglaselt (soovitavalt valjusti) ja m\u00f5tisklege selle t\u00e4henduse \u00fcle.<\/li>\n<li>M\u00f5elge tekkivatele m\u00f5tetele ja emotsioonidele ning kirjutage oma arusaamad ja t\u00e4helepanekud p\u00e4evikusse.<\/li>\n<\/ul>\n<h4><strong>2. Oraaklina juhendamisel<\/strong><\/h4>\n<ul>\n<li>Hoidke kaarte ja keskenduge oma k\u00fcsimusele.<\/li>\n<li>Joonistage kaart ja lugege selle s\u00f5numit ja meditatiivseid s\u00f5nu.<\/li>\n<li>Vaadake kaarti kogu p\u00e4eva jooksul uuesti ja j\u00e4lgige, kuidas selle tarkus teie elus avaldub.<\/li>\n<\/ul>\n<h4><strong>3. Igap\u00e4evase praktika \u00f5petajana<\/strong><\/h4>\n<ul>\n<li>T\u00f6\u00f6tage \u00fche kaardiga p\u00e4evas j\u00e4rjestikuses j\u00e4rjekorras.<\/li>\n<li>J\u00e4rgige meditatsiooni v\u00f5i Oracle&#039;i tavasid, kirjutades oma kogemused p\u00e4evikusse.<\/li>\n<li>L\u00f5petage 125-p\u00e4evane teekond, et omaks v\u00f5tta keiser Meiji t\u00e4ielikud \u00f5petused.<\/li>\n<\/ul>\n<h3><strong>Vaimsed p\u00f5hiprintsiibid keiser Meiji luulest<\/strong><\/h3>\n<ol>\n<li><strong>Positiivsed ootused:<\/strong> V\u00f5tke omaks usk, et praegu toimub parim.<\/li>\n<li><strong>R\u00f5\u00f5m:<\/strong> T\u00e4histage praegust hetke.<\/li>\n<li><strong>Armastus:<\/strong> Ava oma s\u00fcda maailmale.<\/li>\n<li><strong>Austus:<\/strong> Austa k\u00f5iki inimesi oma eluteekonnal.<\/li>\n<li><strong>T\u00e4nulikkus:<\/strong> V\u00e4ljendage t\u00e4nu iga \u00f5nnistuse eest.<\/li>\n<\/ol>\n<p>Need p\u00f5him\u00f5tted on universaalsed t\u00f5ed, kergesti arusaadavad, kuid j\u00e4rjepideval rakendamisel transformeerivad.<\/p>\n<h3><strong>Miks need kaardid on ainulaadsed?<\/strong><\/h3>\n<ul>\n<li><strong>Loodusest inspireeritud:<\/strong> Iga kaart tutvustab meie kauni Maa vapustavat maastikku, mis annab aluse vaimsele praktikale loodusmaailmas.<\/li>\n<li><strong>Jaapani luule traditsioon:<\/strong> Tankaluuletused imbuvad kaartidele s\u00fcgavat energiat ja ajatut tarkust.<\/li>\n<li><strong>Praktiline mitmek\u00fclgsus:<\/strong> M\u00f5eldud mediteerimiseks, juhendamiseks ja isiklikuks kasvuks, sobib k\u00f5igile \u2013 mitte ainult Reiki praktikutele.<\/li>\n<li><strong>L\u00e4bim\u00f5eldud disain:<\/strong> Kvaliteetsed materjalid ja kompaktne formaat teevad sellest elegantse ja vastupidava t\u00f6\u00f6riista igap\u00e4evaseks kasutamiseks v\u00f5i l\u00e4bim\u00f5eldud kingituseks.<\/li>\n<\/ul>\n<h3><strong>Lisainfo<\/strong><\/h3>\n<ul>\n<li><strong>Autor:<\/strong> Tatjana Dugelna<\/li>\n<li><strong>Kaartide arv:<\/strong> 125<\/li>\n<li><strong>Vorming:<\/strong> 90 x 120 mm<\/li>\n<li><strong>K\u00f6itmine:<\/strong> Vastupidav papp<\/li>\n<\/ul>\n<p>Laske &quot;<em>Absoluutne armastuse energia\u201d<\/em>\u00a0saada teie igap\u00e4evaseks kaaslaseks vaimse \u00e4rkamise, isikliku kasvu ja Universumi tarkusega \u00fchenduse loomise teekonnal.<\/p>","protected":false},"excerpt":{"rendered":"<p><strong>&quot;Armastuse absoluutne energia&quot; <\/strong>\u00a0\u2013 Teekond harmooniasse<\/p>\n<p>See 125-kaardiline kaardipakk \u00fchendab hingematvad looduspildid keiser Meiji vaimsetest \u00f5petustest inspireeritud tankluulega. Need kaardid, mis sobivad suurep\u00e4raselt mediteerimiseks, juhendamiseks v\u00f5i isiklikuks kasvuks, aitavad taastada tasakaalu, kasvatada t\u00e4helepanelikkust ja omaks v\u00f5tta universaalset armastust.<\/p>\n<p><strong>Peamised omadused:<\/strong><\/p>\n<ul>\n<li>Illustreeritud elavate Maa maastikega.<\/li>\n<li>Sisaldab viit positiivse elu p\u00f5him\u00f5tet keiser Meiji luulest.<\/li>\n<li>Kompaktne formaat (90 x 120 mm) vastupidavatest kvaliteetsetest materjalidest.<\/li>\n<li>Ideaalne nii algajatele kui ka kogenud praktikutele.<\/li>\n<\/ul>\n<p>Avastage armastuse, luule ja meditatsiooni muutev j\u00f5ud nende ainulaadsete kaartidega, mis on loodud teie sisemaailma t\u00f5stmiseks ja igap\u00e4evaelu t\u00e4iustamiseks.<\/p>","protected":false},"featured_media":9187,"comment_status":"open","ping_status":"closed","template":"","meta":[],"product_brand":[],"product_cat":[20,33,35,39,26,29,27,22],"product_tag":[],"class_list":{"0":"post-9184","1":"product","2":"type-product","3":"status-publish","4":"has-post-thumbnail","6":"product_cat-metaphorical-cards","7":"product_cat-coaching-cards","8":"product_cat-mono-decks-roads-houses-etc","9":"product_cat-nature-animals","10":"product_cat-resources","11":"product_cat-text","12":"product_cat-universal","13":"product_cat-womens-mens","15":"first","16":"instock","17":"featured","18":"taxable","19":"shipping-taxable","20":"purchasable","21":"product-type-simple"},"_links":{"self":[{"href":"https:\/\/shercards.com\/et\/wp-json\/wp\/v2\/product\/9184","targetHints":{"allow":["GET"]}}],"collection":[{"href":"https:\/\/shercards.com\/et\/wp-json\/wp\/v2\/product"}],"about":[{"href":"https:\/\/shercards.com\/et\/wp-json\/wp\/v2\/types\/product"}],"replies":[{"embeddable":true,"href":"https:\/\/shercards.com\/et\/wp-json\/wp\/v2\/comments?post=9184"}],"wp:featuredmedia":[{"embeddable":true,"href":"https:\/\/shercards.com\/et\/wp-json\/wp\/v2\/media\/9187"}],"wp:attachment":[{"href":"https:\/\/shercards.com\/et\/wp-json\/wp\/v2\/media?parent=9184"}],"wp:term":[{"taxonomy":"product_brand","embeddable":true,"href":"https:\/\/shercards.com\/et\/wp-json\/wp\/v2\/product_brand?post=9184"},{"taxonomy":"product_cat","embeddable":true,"href":"https:\/\/shercards.com\/et\/wp-json\/wp\/v2\/product_cat?post=9184"},{"taxonomy":"product_tag","embeddable":true,"href":"https:\/\/shercards.com\/et\/wp-json\/wp\/v2\/product_tag?post=9184"}],"curies":[{"name":"wp","href":"https:\/\/api.w.org\/{rel}","templated":true}]}}