{"id":9238,"date":"2025-01-21T12:24:55","date_gmt":"2025-01-21T12:24:55","guid":{"rendered":"https:\/\/shercards.com\/?post_type=product&#038;p=9238"},"modified":"2025-10-29T14:10:33","modified_gmt":"2025-10-29T14:10:33","slug":"keys-to-the-world-of-emotions-psychological-board-game","status":"publish","type":"product","link":"https:\/\/shercards.com\/et\/toode\/keys-to-the-world-of-emotions-psychological-board-game\/","title":{"rendered":"Ps\u00fchholoogiline lauam\u00e4ng \u201cEmotsioonide maailma v\u00f5tmed\u201d."},"content":{"rendered":"<p><strong>\u201cV\u00f5tmed emotsioonide maailma\u201d<\/strong> on ainulaadne ps\u00fchholoogiline m\u00e4ng, mis muudab emotsioonide m\u00f5istmise ja juhtimise viisi. T\u00f5sielus\u00fcndmustel p\u00f5hinev see tutvustab teile maailma, kus emotsioonid, tunded ja seisundid on kesksel kohal koos elu muutvate kangelastega, nagu t\u00e4nulikkus, andestamine ja v\u00f5imalus.<\/p>\n<p>See kaasahaarav m\u00e4ng sobib ideaalselt peredele, meeskondadele v\u00f5i \u00fcksikutele m\u00e4ngijatele:<\/p>\n<ul>\n<li><strong>Arendab emotsionaalset kirjaoskust (EQ):<\/strong> \u00d5ppige emotsioone tuvastama, juhtima ja nendega liikuma, luues samal ajal tugevamaid suhteid.<\/li>\n<li><strong>Julgustab loovust:<\/strong> Stimuleerige k\u00f5ne leidlikkust, suhtlemisoskust ja kastist v\u00e4ljas m\u00f5tlemist.<\/li>\n<li><strong>Edendab \u00f5ppimist:<\/strong> Parandage emotsionaalset intelligentsust ja isegi harjutage inglise keelt l\u00f5busal ja pingevabal viisil.<\/li>\n<\/ul>\n<p><strong>Ideaalne:<\/strong><\/p>\n<ul>\n<li>Pered ja lapsed (5+)<\/li>\n<li>Grupid, meeskonnad ja ettev\u00f5tted<\/li>\n<li>Maanteereisid, peod ja t\u00f6\u00f6toad<\/li>\n<\/ul>\n<p><strong>Mis on sees?<\/strong><\/p>\n<ul>\n<li><strong>40 emotsioonikaarti<\/strong> - Uurige ja m\u00f5istke emotsionaalseid seisundeid.<\/li>\n<li><strong>52 tegevuskaarti<\/strong> - Interaktiivsed \u00fclesanded d\u00fcnaamiliseks m\u00e4ngimiseks.<\/li>\n<li><strong>20 \u201cKodus\u201d kaarti<\/strong> \u2013 Avastage oma kodus emotsionaalne &quot;ilm&quot;.<\/li>\n<li><strong>M\u00e4ngureeglid<\/strong> - Lihtsalt j\u00e4rgitavad juhised.<\/li>\n<li><strong>Vastupidav plekkkarp<\/strong> \u2013 Kompaktne ja kaasaskantav hoiustamiseks (karbi v\u00e4rv v\u00f5ib erineda).<\/li>\n<\/ul>\n<p><strong>Loodud:<\/strong> Natalia Doro\u0161enko ja Julia Bezruk<br \/>\n<strong>Vanusevahemik:<\/strong> 5+<br \/>\n<strong>Osalejate arv:<\/strong> 2\u201310<\/p>\n<p>M\u00e4ngige &quot;Emotsioonide maailma v\u00f5tmed&quot;, et saada enesekindlust, suurendada emotsionaalset teadlikkust ning luua elus ja \u00e4ris t\u00e4hendusrikkaid sidemeid. Must-have k\u00f5igile, kes otsivad isiklikku kasvu ja tugevamaid suhteid!<\/p>","protected":false},"excerpt":{"rendered":"<p>Avastage &quot;Emotsioonide maailma v\u00f5tmed&quot; \u2013 ps\u00fchholoogiline m\u00e4ng, mis on loodud emotsionaalse intelligentsuse (EQ) arendamiseks l\u00f5busa interaktiivse m\u00e4ngu kaudu. See m\u00e4ng sobib peredele, meeskondadele v\u00f5i \u00fcksikisikutele ning suurendab suhtlemist, loovust ja emotsionaalset teadlikkust.<\/p>","protected":false},"featured_media":9242,"comment_status":"open","ping_status":"closed","template":"","meta":[],"product_brand":[],"product_cat":[18,52],"product_tag":[],"class_list":{"0":"post-9238","1":"product","2":"type-product","3":"status-publish","4":"has-post-thumbnail","6":"product_cat-psychological-games-2","7":"product_cat-for-children-teenagers-family-games","9":"first","10":"instock","11":"taxable","12":"shipping-taxable","13":"purchasable","14":"product-type-simple"},"_links":{"self":[{"href":"https:\/\/shercards.com\/et\/wp-json\/wp\/v2\/product\/9238","targetHints":{"allow":["GET"]}}],"collection":[{"href":"https:\/\/shercards.com\/et\/wp-json\/wp\/v2\/product"}],"about":[{"href":"https:\/\/shercards.com\/et\/wp-json\/wp\/v2\/types\/product"}],"replies":[{"embeddable":true,"href":"https:\/\/shercards.com\/et\/wp-json\/wp\/v2\/comments?post=9238"}],"wp:featuredmedia":[{"embeddable":true,"href":"https:\/\/shercards.com\/et\/wp-json\/wp\/v2\/media\/9242"}],"wp:attachment":[{"href":"https:\/\/shercards.com\/et\/wp-json\/wp\/v2\/media?parent=9238"}],"wp:term":[{"taxonomy":"product_brand","embeddable":true,"href":"https:\/\/shercards.com\/et\/wp-json\/wp\/v2\/product_brand?post=9238"},{"taxonomy":"product_cat","embeddable":true,"href":"https:\/\/shercards.com\/et\/wp-json\/wp\/v2\/product_cat?post=9238"},{"taxonomy":"product_tag","embeddable":true,"href":"https:\/\/shercards.com\/et\/wp-json\/wp\/v2\/product_tag?post=9238"}],"curies":[{"name":"wp","href":"https:\/\/api.w.org\/{rel}","templated":true}]}}