{"id":9316,"date":"2026-02-10T09:17:34","date_gmt":"2026-02-10T09:17:34","guid":{"rendered":"https:\/\/shercards.com\/?post_type=product&#038;p=9316"},"modified":"2026-02-10T09:19:02","modified_gmt":"2026-02-10T09:19:02","slug":"metaphorical-cards-hints-for-your-soul-totem-animals","status":"publish","type":"product","link":"https:\/\/shercards.com\/et\/toode\/metaphorical-cards-hints-for-your-soul-totem-animals\/","title":{"rendered":"Metafoorilised kaardid \u201eVihjed sinu hingele\u201d \u2014 Totemloomad ja vaimne juhendamine (ingliskeelne versioon)"},"content":{"rendered":"<p>\u201eVihjed sinu hingele\u201d on enamat kui metafooriliste kaartide pakk \u2013 see on vaimne t\u00f6\u00f6riist muutumiseks, mis on inspireeritud esivanemate tarkusest, \u0161amaanitraditsioonidest ja totemloomade p\u00fchast v\u00e4est.<br \/>\nIga kaart kannab endas ainulaadset poeetilist s\u00f5numit, mis on loodud teie intuitsiooni \u00e4ratamiseks, sisemise j\u00f5u tugevdamiseks, otsuste langetamise toetamiseks ning teie isikliku ja vaimse teekonna juhendamiseks.<br \/>\nKaartide komplekt aitab sul luua \u00fchenduse oma totemloomaga, avastada varjatud tugevusi, s\u00fcvendada eneseteadlikkust ning saada juhiseid oma alateadvuselt ja vaimsetelt mentoritelt.<\/p>\n<p>\ud83d\udc3a Teki teemad:<br \/>\n\u2013 Totemloomad<br \/>\n\u2013 Vaimsed mentorid<br \/>\n\u2013 Sisemine j\u00f5ud ja loodusenergia<br \/>\n\u2013 Eneseleidmine ja elu eesm\u00e4rk<br \/>\n\u2013 \u0160amaani tarkus<br \/>\n\u2013 Intuitsioon ja transformatsioon<\/p>\n<p>\ud83d\udce6 Mis on kaasas:<br \/>\n\u2013 Premium k\u00f5va karp<br \/>\n\u2013 Metafoorne kaardipakk poeetiliste s\u00f5numitega<br \/>\n\u2013 P\u00f5hjalik juhend ja spirituaalsed praktikad<br \/>\n\u2013 Sulgpliiats (hingekirjutamise s\u00fcmbol)<br \/>\n\u2013 4 keelt: inglise, vene, ukraina, hispaania<\/p>\n<p>\ud83d\udd2e Teki kasutamise eelised:<br \/>\n\u2013 Emotsionaalne tugi ja selgus<br \/>\n\u2013 Sisemise tarkuse tugevdamine<br \/>\n\u2013 S\u00fcgavam enesem\u00f5istmine<br \/>\n\u2013 Juhised eluliste otsuste tegemiseks<br \/>\n\u2013 Seos totemienergiaga<br \/>\n\u2013 Vaimne inspiratsioon ja muutumine<\/p>\n<p>\ud83c\udf81 Ideaalne:<br \/>\n\u2013 Vaimsed otsijad<br \/>\n\u2013 Treenerid, terapeudid, ps\u00fchholoogid<br \/>\n\u2013 Taro ja oraakli armastajad<br \/>\n\u2013 Loovad meeled<br \/>\n\u2013 T\u00e4hendusrikkad kingitused<br \/>\n\u2013 K\u00f5ik, kes otsivad sisemist juhatust<\/p>","protected":false},"excerpt":{"rendered":"<p>\u201eVihjed sinu hingele\u201c on spirituaalsed metafoorsed kaardid, mis on t\u00e4is poeetilisi s\u00f5numeid ja totemloomade tarkust. Kaardid aitavad \u00e4ratada intuitsiooni, toetavad eneseavastamist, pakuvad vaimset juhatust ja inspireerivad isiklikku transformatsiooni. Komplektis on esmaklassiline k\u00f5vakarp, k\u00e4siraamat, sulgedega pastakas ja neljas keeles versioon.<\/p>","protected":false},"featured_media":9319,"comment_status":"open","ping_status":"closed","template":"","meta":[],"product_brand":[],"product_cat":[33,34,20,39,28,29,27,22],"product_tag":[86,80,81,85,84,82,83,87],"class_list":{"0":"post-9316","1":"product","2":"type-product","3":"status-publish","4":"has-post-thumbnail","6":"product_cat-coaching-cards","7":"product_cat-kin-ancestors-scenarios","8":"product_cat-metaphorical-cards","9":"product_cat-nature-animals","10":"product_cat-portraits-archetypes-subpersonalities","11":"product_cat-text","12":"product_cat-universal","13":"product_cat-womens-mens","14":"product_tag-intuition-cards","15":"product_tag-metaphorical-cards","16":"product_tag-oracle-deck","17":"product_tag-self-discovery-cards","18":"product_tag-shamanic-wisdom","19":"product_tag-spiritual-cards","20":"product_tag-totem-animals","21":"product_tag-transformation-deck","23":"first","24":"instock","25":"taxable","26":"shipping-taxable","27":"purchasable","28":"product-type-simple"},"_links":{"self":[{"href":"https:\/\/shercards.com\/et\/wp-json\/wp\/v2\/product\/9316","targetHints":{"allow":["GET"]}}],"collection":[{"href":"https:\/\/shercards.com\/et\/wp-json\/wp\/v2\/product"}],"about":[{"href":"https:\/\/shercards.com\/et\/wp-json\/wp\/v2\/types\/product"}],"replies":[{"embeddable":true,"href":"https:\/\/shercards.com\/et\/wp-json\/wp\/v2\/comments?post=9316"}],"wp:featuredmedia":[{"embeddable":true,"href":"https:\/\/shercards.com\/et\/wp-json\/wp\/v2\/media\/9319"}],"wp:attachment":[{"href":"https:\/\/shercards.com\/et\/wp-json\/wp\/v2\/media?parent=9316"}],"wp:term":[{"taxonomy":"product_brand","embeddable":true,"href":"https:\/\/shercards.com\/et\/wp-json\/wp\/v2\/product_brand?post=9316"},{"taxonomy":"product_cat","embeddable":true,"href":"https:\/\/shercards.com\/et\/wp-json\/wp\/v2\/product_cat?post=9316"},{"taxonomy":"product_tag","embeddable":true,"href":"https:\/\/shercards.com\/et\/wp-json\/wp\/v2\/product_tag?post=9316"}],"curies":[{"name":"wp","href":"https:\/\/api.w.org\/{rel}","templated":true}]}}