{"id":977,"date":"2024-08-04T12:29:22","date_gmt":"2024-08-04T12:29:22","guid":{"rendered":"https:\/\/shercards.com\/index.php\/product\/metaphorical-associative-cards-my-totem-animal\/"},"modified":"2025-10-20T10:44:02","modified_gmt":"2025-10-20T10:44:02","slug":"metaphorical-associative-cards-my-totem-animal","status":"publish","type":"product","link":"https:\/\/shercards.com\/et\/toode\/metaphorical-associative-cards-my-totem-animal\/","title":{"rendered":"Metafoorsed assotsiatiivsed kaardid \u201cMinu totemloom\u201d"},"content":{"rendered":"<p><strong>V\u00e4ljaandja:<\/strong><strong>MACards<\/strong><br \/><strong>Kunstnik:<\/strong> Zlata Bizhako<br \/><strong>Sisaldab:<\/strong><\/p>\n<p> &lt;li&gt;44 kaarti (suurus 132\u00d791 mm)<\/li>\n<li>kasutusjuhend (27 lehek\u00fclge)<\/li>\n<li>kast (kaas p\u00f5hjaga)<\/li>\n<p> <\/br> <br \/> Metafoorilised kaardid \u201cMy Spirit Animal\u201d on universaalne kaardipakk. Komplekt koosneb 44 kaardist erinevate loomade kujutistega. Terapeutilises praktikas kasutatakse sageli loomapilte, kuna need v\u00f5imaldavad meil &quot;ratsionaalsest&quot; m\u00f6\u00f6da minna ja tugineda &quot;assotsiatiivsele&quot;, mis aitab taotluse uurimisel. \u201cMy Totem Animal\u201d tekki saab kasutada nii portreedekina (pildi esiplaanil on loom kujutatud suure detailsusega) kui ka universaalse s\u00fc\u017eeeplaadina (taustal on n\u00e4ha stseene loomade elust) . Loomad piltidel on metafoor meile endile, meie omadustele ja omadustele, meie k\u00e4itumis- ja suhtlemisstrateegiatele.<br \/>Metafoorsed kaardid \u201cMinu totemloom\u201d v\u00f5ivad olla kasulikud j\u00e4rgmiste p\u00e4ringutega t\u00f6\u00f6tamisel: <\/p>\n<ul> <\/p>\n<li> Eneseidentifitseerimise k\u00fcsimused<\/li>\n<li>Minapildi, rollide ja alisiksuste uurimine<\/li>\n<li>T\u00f6\u00f6tamine enesehinnangu, ideede ja uskumustega iseenda kohta<\/li>\n<li>T\u00f6\u00f6tamine erinevate inimestevaheliste suhete, sisemiste ja v\u00e4liste konfliktidega <\/li>\n<li>Ressursside otsimine ja uuendamine<\/li>\n<li>Negatiivsete emotsionaalsete seisundite l\u00e4bi elamine<\/li>\n<li>Eesm\u00e4rkide seadmine, motivatsiooniga t\u00f6\u00f6tamine<\/li>\n<p> <\/br><\/ul>\n<p> Koos Tekki saab kasutada nii individuaalses kui grupin\u00f5ustamises. Seda saab kasutada ka eneseleidmise tekina ja lisandina transformatsioonim\u00e4ngudele. MAC-i \u201cMy Totem Animal\u201d saab kasutada nii eraldi kui ka koos teiste tekkidega.<br \/>Kelle jaoks? Ps\u00fchholoogidele, erinevate suundade ps\u00fchhoterapeutidele, treeneritele, \u00f5petajatele, abistavate elukutsete spetsialistidele, inimestele, kes soovivad tegeleda enesetundmisega.<br \/>Ps\u00fchholoogia ja pedagoogika ents\u00fcklopeedilise s\u00f5naraamatu j\u00e4rgi on totem loom,nbsp;taim,nbsp;naturalnbsp;fenomenonnbsp;ornbsp;what \u2013 kas v\u00f5inbsp;teine bsp;objektnbsp;seotud bynbsp;suhenbsp;perekonda v\u00f5i nbsp; inimesed,nbsp;aitaminenbsp;themnbsp;andnbsp;kaitsminenbsp;themnbsp;ja,nbsp;vastavalt,nbsp;respektednbsp;nende poolt. Totemi ja totemismi probleem tema teoses \u201eTotem ja tabu. Primitiivse kultuuri ja religiooni ps\u00fchholoogia\u201d k\u00e4sitles Sigmund Freud. Autor pakkus v\u00e4lja totemi ps\u00fchhoanal\u00fc\u00fctilise kontseptsiooni, mille j\u00e4rgi tootemloom toimib isana. H\u00f5imudes kehtisid reeglid (mitte tappa totemit, mitte pidada veresugulusi), mis langesid kokku Oidipuse kompleksi sisuga (konkurents isaga, t\u00f5mme ema poole).<br \/>Inimesed on juba ammusest ajast kummardanud teatud loomi kui jumaliku olemuse s\u00fcmbolit, perekonnad\u00fcnastia esivanemaid. Totemism on kunagi v\u00e4ga laialt levinud ja siiani eksisteeriv religioosne ja sotsiaalne s\u00fcsteem, mis p\u00f5hineb nn totemi kultusel. Totemismi peamiseks tunnuseks on see, et totemit peetakse antud sotsiaalse r\u00fchma esivanemaks ja iga totemiklassi isend on veresugulane. Totem toimib ka kaitsevaimuna; see patroneerib ja kaitseb klanni ja iga selle liiget. See on suuresti p\u00f5hjus, miks totemloomi nimetatakse ka &quot;j\u00f5uloomadeks&quot;. Usuti, et igal loomal on oma tugevad k\u00fcljed, ainulaadsed ressursid ja potentsiaal.<br \/>Kuidas saavad loomapildid ps\u00fchholoogilises t\u00f6\u00f6s abiks olla? Loomapiltidega t\u00f6\u00f6tamine v\u00e4hendab \u00e4revust ja ps\u00fchholoogilise kaitse m\u00f5ju. Klient r\u00e4\u00e4gib n\u00e4iteks sellest, kui kokkuhoidev ja osav on orav, kuid tegelikult toob ta esile subjektiivselt olulised omadused, mis on tema arvates talle omased v\u00f5i mida ta tahaks endale omistada (projektsiooni p\u00f5him\u00f5te, mis oli juttu eespool). Assotsiatsioonide ja aistingute p\u00f5hjal on palju lihtsam r\u00e4\u00e4kida looma omadustest kui enda omadest. Loomapilt on suurep\u00e4rane metafoor, mis on tuttav nii t\u00e4iskasvanutele kui ka lastele. Mis loom see on? Millised omadused sellel on? Kuidas ta k\u00e4itub? Kas see k\u00f5lab nagu mina?<br \/>Tehnika #1. &quot;Elupaik&quot;<br \/>Eesm\u00e4rk: hetkeseisu ja suhete uurimine, palve s\u00f5nastamine.<br \/>Tehnika jaoks on vaja valgeid paberilehti ja joonistusvahendeid. Tehnikat saab kasutada ka ilma lisamaterjalideta, suuliselt.<\/p>\n<li>Valige loom, kes on teie tunnetele k\u00f5ige l\u00e4hemal. Kes see on? Mis see on?<\/li>\n<li>Pange kaart paberile ja joonistage selle \u00fcmber selle looma elupaik. Kus tegelane elab? Mida sa l\u00f5petasid? Kuidas ta selles keskkonnas k\u00e4itub?<\/li>\n<li>Valige &quot;Animal Totems&quot; tekist m\u00f5ned pildid, loomad, kes kehastaksid teie olulisi l\u00e4hedasi. Asetage need lehele \u00fcksteisest mugavale kaugusele.<\/li>\n<li>Kas teised tegelased elavad teie loomaga samas keskkonnas? Kui ei, siis joonistage teisele lehele erinev keskkond. Mida nad teevad? Kuidas nad omavahel suhtlevad?<\/li>\n<li>Miks asetasite tegelaste kaardid \u00fcksteisest nii kaugele? P\u00f6\u00f6rake t\u00e4helepanu piltidele, mis on \u00fcksteisest v\u00e4ga kaugel ja \u00fcksteisele v\u00e4ga l\u00e4hedal.<\/li>\n<li>Kas soovite midagi muuta? Kus on tuvastatud interaktsioonides pinge?<\/li>\n<p> <\/br> <br \/> Tehnika nr 2. &quot;K\u00f5ik osad minust&quot;<br \/>Eesm\u00e4rk: rollide, alamisiksuste uurimine, sisemise konflikti tuvastamine.<\/p>\n<li>Proovige tuvastada need rollid, mis teie elus esinevad. Mis need v\u00f5iksid olla? T\u00fctar\/poeg, abikaasa, ema\/isa, elukutseline, poiss-s\u00f5ber\/t\u00fcdruks\u00f5ber, abistaja, aktivist, vabatahtlik jne.<\/li>\n<li>Joonistage iga identiteedi jaoks 3D-kaart, mis kajastab seda rolli. Kes on kaardil n\u00e4idatud? Millised omadused sellel loomal on? Kas mul on selles rollis selliseid omadusi? Mis on mul selles rollis loomaga \u00fchist ja mis erineb? Anal\u00fc\u00fcsige iga kaarti.<\/li>\n<li>V\u00f5rrelge k\u00f5iki kaarte omavahel. Milline loomaidentiteet sulle k\u00f5ige rohkem meeldib? Miks? Kuidas see minu elu m\u00f5jutab? Kumb sulle k\u00f5ige v\u00e4hem meeldib? Kas see m\u00f5jutab mind selles rollis kuidagi?<\/li>\n<p> <\/br> <br \/> Tehnika nr 3. Isiksuseomadused<br \/>Eesm\u00e4rk: enesetundmine.<\/p>\n<li>Valige pakist 3 kaarti. Avage ja vaadake neid.<\/li>\n<li>Kes on piltidel n\u00e4idatud? Kuidas te neid loomi iseloomustaksite? Nimetage iga looma 3 tingimuslikult &quot;positiivset&quot; omadust. Ja n\u00fc\u00fcd 3 &quot;negatiivset&quot; omadust.<\/li>\n<li>Millised nendest omadustest (positiivsed ja negatiivsed) kehtivad teie kohta? Kuidas te sellesse suhtute?<\/li>\n<li>Valige 3 loomakaardi hulgast, millisena tunnete end praegu k\u00f5ige rohkem; milline inimene sulle k\u00f5ige rohkem meeldib? millised sulle ei meeldi; Kuidas tulete raskustega k\u00f5ige t\u00f5husamalt toime? Selgitage iga valikut.<\/li>\n<li>Valige m\u00f5ni muu kaart, mis vastaks k\u00fcsimusele: &quot;Milliseks inimeseks ma saada tahan?&quot; Mis sellel loomal t\u00e4pselt on, mida sul pole? Kuidas seda saavutada?<\/li>\n<p> <\/br><\/p>","protected":false},"excerpt":{"rendered":"<p>Kirjastaja:MACardsArtist: Zlata Bizhako Sisaldab: &lt;li&gt;44 kaarti (suurus 132\u00d791 mm) juhend (27 lk) karp (kaas-alumine) Metafoorsed kaardid \u201cMinu vaimuloom\u201d<\/p>","protected":false},"featured_media":978,"comment_status":"open","ping_status":"open","template":"","meta":[],"product_brand":[],"product_cat":[28],"product_tag":[],"class_list":{"0":"post-977","1":"product","2":"type-product","3":"status-publish","4":"has-post-thumbnail","6":"product_cat-portraits-archetypes-subpersonalities","8":"first","9":"outofstock","10":"purchasable","11":"product-type-simple"},"_links":{"self":[{"href":"https:\/\/shercards.com\/et\/wp-json\/wp\/v2\/product\/977","targetHints":{"allow":["GET"]}}],"collection":[{"href":"https:\/\/shercards.com\/et\/wp-json\/wp\/v2\/product"}],"about":[{"href":"https:\/\/shercards.com\/et\/wp-json\/wp\/v2\/types\/product"}],"replies":[{"embeddable":true,"href":"https:\/\/shercards.com\/et\/wp-json\/wp\/v2\/comments?post=977"}],"wp:featuredmedia":[{"embeddable":true,"href":"https:\/\/shercards.com\/et\/wp-json\/wp\/v2\/media\/978"}],"wp:attachment":[{"href":"https:\/\/shercards.com\/et\/wp-json\/wp\/v2\/media?parent=977"}],"wp:term":[{"taxonomy":"product_brand","embeddable":true,"href":"https:\/\/shercards.com\/et\/wp-json\/wp\/v2\/product_brand?post=977"},{"taxonomy":"product_cat","embeddable":true,"href":"https:\/\/shercards.com\/et\/wp-json\/wp\/v2\/product_cat?post=977"},{"taxonomy":"product_tag","embeddable":true,"href":"https:\/\/shercards.com\/et\/wp-json\/wp\/v2\/product_tag?post=977"}],"curies":[{"name":"wp","href":"https:\/\/api.w.org\/{rel}","templated":true}]}}