{"id":984,"date":"2024-08-04T12:29:22","date_gmt":"2024-08-04T12:29:22","guid":{"rendered":"https:\/\/shercards.com\/index.php\/product\/metaphorical-associative-cards-sources-of-female-power-working-with-feelings-scenarios-archetypes\/"},"modified":"2025-10-20T10:44:03","modified_gmt":"2025-10-20T10:44:03","slug":"metaphorical-associative-cards-sources-of-female-power-working-with-feelings-scenarios-archetypes","status":"publish","type":"product","link":"https:\/\/shercards.com\/et\/toode\/metaphorical-associative-cards-sources-of-female-power-working-with-feelings-scenarios-archetypes\/","title":{"rendered":"Metafoorsed assotsiatiivsed kaardid \u201cNaise j\u00f5u allikad\u201d. T\u00f6\u00f6 tunnete, stsenaariumide, arhet\u00fc\u00fcpidega."},"content":{"rendered":"<p><strong>Komplektis naiste ja meeste arhet\u00fc\u00fcpidega t\u00f6\u00f6tamiseks<br \/> <\/br><\/strong><strong>Teki autor: Ulyana Alliance <\/strong> \u2013 praktiseeriv ps\u00fchholoog, professionaalne treener ICU, m\u00e4ngupraktika kooli \u201cLivePlaying\u201d juht, m\u00e4ngude \u201cSaa oma elu autoriks\u201d, \u201cRaha on lihtsalt raha\u201d jt looja. Naiselikkuse arendamise kursuste \u201cNaiseliku j\u00f5u allikad\u201d ja samanimelise T-m\u00e4ngu autor, professionaalsed programmid t\u00f6\u00f6ks MAC ja T-m\u00e4ngudega.<br \/>Kirjastaja: MACards<br \/><strong>Tekk sisaldab:<\/strong><\/p>\n<li>Metafoorsed kaardid \u2013 105 tk. (suurus: 73\u00d7109 mm, tihedus: 300 g\/m)<\/li>\n<li>Juhised<\/li>\n<p> <\/br> <br \/> <strong>Pakend: <\/strong>kasti<br \/>Komplekti saab kombineerida m\u00e4nguga &quot;Naise j\u00f5u allikad&quot;<br \/><strong>Kunstnikud:<\/strong>nbsp;Eve Farbs, Yana Zhogova, Ksenia Yastrebova, Jelena Dementjeva, Anna Noskova, Galina Lvova, Olga Pe\u0161kova, Kristina Babina, Nade\u017eda Slipets, Natalja Boldina, Alina Sukhanova , Maria Slavnaya, Raisa Sarafannikova, Marina Evgorena, Evgorena Lara Gendelman-Oruch, Ksenia Fedorova, Valeri Budanov.<br \/> \u00dcksk\u00f5ik, millise palvega naine konsultatsioonile tuleb, t\u00f6\u00f6tame \u00fchel v\u00f5i teisel viisil tema ettekujutusega endast kui indiviidist ja oma sotsiaalsetest rollidest. Siin on tal sellega seoses k\u00f5ige rohkem n\u00f5udmisi endale, p\u00f5hjendamatud ootused ja emotsionaalne valu.<br \/>Pakis on 105 kahepoolset kaarti. \u00dchelt poolt on olemas ressursifraasid. Seevastu 7 naise arhet\u00fc\u00fcbi kohta on 15 eredat kujutist, sealhulgas \u00fcks kaart \u2013 arhet\u00fc\u00fcbi objekt v\u00f5i n\u00e4htus ja \u00fcks kaart \u2013 totemloom iga arhet\u00fc\u00fcbi kohta.<br \/>Teki loomise aluseks on Jungi ps\u00fchhoanal\u00fc\u00fctiku Jean Shinoda Bohleni enimm\u00fc\u00fcdud raamat \u201cJumalannad igas naises\u201d. Kaasaegsetest t\u00f6\u00f6dest on see k\u00f5ige t\u00e4ielikum, kirjeldades peensusteni iga naise arhet\u00fc\u00fcbi varju- ja ressursiilminguid.<br \/>\u201cNaiseliku j\u00f5u allikad\u201d tekk naistele, naistest, naiste seisunditest, j\u00f5ust ja v\u00f5imalustest. Seda saab kasutada erinevatel teemadel taotlustega t\u00f6\u00f6tamisel, kui on vaja selgeks teha naise rollid, stsenaariumid ja emotsionaalsed seisundid. Pildid ja s\u00f5numid aitavad naisel leida oma unikaalsed jooned, &quot;kadunud osad&quot;, avastamata anded.<br \/>T\u00f6\u00f6tab t\u00f5husalt koos teiste MAC-idega, aga ka T-m\u00e4nguga \u201cNaiseliku j\u00f5u allikad\u201d.<br \/>Iga naine on ainulaadne. Samal ajal dikteerib \u00fchiskond talle standardeid ja norme, mille poole p\u00fc\u00fcdlemisel ta kaotab kontakti iseendaga.<br \/>Komplekt on m\u00f5eldud k\u00f5igile, kes uurivad naiselikkuse teemat nii professionaalsest kui isiklikust vaatenurgast.<br \/>Esitatud t\u00f6\u00f6riist on kasulik ps\u00fchholoogidele, ps\u00fchhoterapeutidele, spetsialistidele MAC-iga t\u00f6\u00f6tamisel, T-m\u00e4ngude juhtimisel ja enesetundmise protsessis.<br \/>Tekki saab kasutada t\u00f6\u00f6tamiseks: <\/p>\n<ul> <\/p>\n<li>oleku aktualiseerumine<\/li>\n<li >emotsionaalne intelligentsus<\/li>\n<li>m\u00f5ista ennast ja oma vajadusi<\/li>\n<li>sisemise ressursi otsimine<\/li>\n<li>enesehinnang<\/li>\n<li>oma eesm\u00e4rgi avastamine<\/li>\n<li>searchnbsp ; individuaalsus<\/li>\n<li>mitte aktsepteeritud omadused<\/li>\n<li>sotsiaalsed rollid<\/li>\n<li>suhted partneri, laste, vanemate ja kolleegidega<\/li>\n<li>eesm\u00e4rkide saavutamine; ja probleemide lahendamine<\/li>\n<li>korduvad stsenaariumid<\/li>\n<li>teisesed h\u00fcved<\/li>\n<li>kognitiivsed moonutused<\/li>\n<p> <\/br><\/ul>\n<p> M\u00f5lema poole kaartidega t\u00f6\u00f6tades on v\u00e4ga lihtne leida ja muuta piiravaid uskumusi \u201c\u00f5igest\u201d, \u201cnormaalsest\u201d naiselikkusest, vabastades iga naise loomulikkuse.<br \/>Sisemise j\u00f5u allikate metafoor annab naisele enesekindluse, \u00f5petab teda saama kontakti oma olemusega ning positiivseid emotsioone kandvad seisundid v\u00f5imaldavad tunda elu helgust ja maitset, tuua naudingut ja rahulolu.<br \/>Teadlikult 7 arhet\u00fc\u00fcbi olekuid vahetades saab naine endale ja oma ilmingutele \u201ckaugjuhtimispuldi\u201d.<br \/>Paki kaarte saab traditsiooniliselt kasutada nii avatud kui ka kinniselt, olenevalt l\u00e4henemisest ja tehnikast, mida oma t\u00f6\u00f6s kasutad.<br \/>Allpool on soovitatavad tehnikad tekiga t\u00f6\u00f6tamiseks.<br \/><strong>&quot;Minu naiselikkus. Milline ta on?&quot;<\/strong><br \/>See on tehnika, mis on suunatud ausale ja pikale vestlusele iseendaga. Sobib h\u00e4sti individuaalseks t\u00f6\u00f6ks v\u00f5i MAC peo formaadis.<br \/>T\u00e4nu JS Bolenile tean, et k\u00f5ik seitse arhet\u00fc\u00fcpi elavad meist iga\u00fches. Iga\u00fcks oma tugevuses v\u00f5i n\u00f5rkuses. Ja on oluline meeles pidada, et arhet\u00fc\u00fcp ei ole meist k\u00f5igist, see on vaid osa meist, mida me saame teadlikult kontrollida v\u00f5i hakkab ta meid alateadlikult kontrollima. Alati on valik.<br \/>Jaga tekk arhet\u00fc\u00fcpide j\u00e4rgi 7 osaks.<br \/>Klient v\u00f5tab igalt minipakilt \u00fche OT-kaardi.<br \/>Esitage oma k\u00fcsimus iga arhet\u00fc\u00fcbi kaardi kohta: <\/p>\n<ul> <br > <\/p>\n<li>Persephone: Mida mu sisemine t\u00fcdruk naudib?<\/li>\n<li>Artemis: Kuidas ma oma eesm\u00e4rke saavutan?<\/li>\n<li>Aphrodite: Kuidas ma naudin?<\/li>\n<li>Athena: Kuidas ma lahendan oma elu globaalseid probleeme?<\/li>\n<li>Hera: Milline suhe mul on oma partneriga?<\/li>\n<li>Demeter: Missugune ema ma olen?\/Milline ema ma enda jaoks olen?<\/li>\n<li> Hestia: Mis on minu sisemine tarkus?<\/li>\n<p> <\/br><\/ul>\n<p> Vaadake iga kaarti: mida see n\u00e4itab? Milliseid emotsioone see tekitab?<br \/>Tehke oma t\u00f6\u00f6st kokkuv\u00f5te. Kas teie osad on aktsepteeritud?<br \/><strong>\u201cP\u00e4ev arhet\u00fc\u00fcbiga\u201d<\/strong><br \/>Valige, millise arhet\u00fc\u00fcbiga soovite p\u00e4eva veeta.<br \/>T\u00f5mmake selle kaart suletud (VZ) viisil v\u00e4lja. Paki enda jaoks lahti pildi ja s\u00f5numi t\u00e4hendus. \u00dchendage pildi ja s\u00f5numi t\u00e4hendused. Leidke siit ressurss oma p\u00e4eva\u00fclesannete lahendamiseks.<br \/><strong>&quot;Minu omadused \/ Minu eesm\u00e4rk eesm\u00e4rgi saavutamiseks&quot;<\/strong><br \/>Valige eesm\u00e4rk, mida soovite uurida. Iga k\u00fcsimuse jaoks vali 1 OT kaart. <\/p>\n<ul> <\/p>\n<li>Millised minu omadused, mida ma eksponeerin, takistavad eesm\u00e4rgi saavutamist?<\/li>\n<li>Millised minu omadused, mida ma alla surun, takistavad eesm\u00e4rgi saavutamist?<\/li>\n<li>Millised minu omadused, mida ma n\u00e4itan, on ressurss eesm\u00e4rgi saavutamiseks?<\/li>\n<li>Millised minu omadused, mida ma keelan endal n\u00e4idata, on ressurss eesm\u00e4rgi saavutamiseks?&lt;\/li&gt; <\/br><\/ul>\n<p> Tehke t\u00f6\u00f6st kokkuv\u00f5te. Rakenda saadud tulemusi oma elus.<br \/><strong>&quot;Minu elu rahaline k\u00fcllus&quot;<\/strong><br \/>Rahak\u00fcsimuste uurimise tehnika l\u00e4bi sisemiste arhet\u00fc\u00fcpide prisma.<br \/>Iga k\u00fcsimuse jaoks v\u00f5tame pakist OT-kaardi: <\/p>\n<ul> <\/p>\n<li>Milliste minu tegude kaudu tuleb raha minu ellu?<\/li>\n<li>Milliseid toiminguid ma ei n\u00e4e, kuid need on olemas?<\/li>\n<li>Milliseid oma tugevaid k\u00fclgi saan h\u00fcvitiste saamiseks maailmaga jagada?<\/li>\n<li>Mis aitab mul n\u00e4ha oma elus rohkem k\u00fclluse v\u00f5imalusi?<\/li>\n<p> <\/br><\/ul>\n<p> M\u00f5elge igale kaardile eraldi ja tehke l\u00f5pptulemustes kindlasti kokkuv\u00f5te.<\/p>\n<p> Rohkem tehnikaid tekiga t\u00f6\u00f6tamiseks leiate teki juhendist.<\/p>","protected":false},"excerpt":{"rendered":"<p>Komplektis naiste ja meeste arhet\u00fc\u00fcpidega t\u00f6\u00f6tamiseks Pakendi autor: Ulyana Alliance \u2013 praktiseeriv ps\u00fchholoog,<\/p>","protected":false},"featured_media":985,"comment_status":"open","ping_status":"open","template":"","meta":[],"product_brand":[],"product_cat":[28],"product_tag":[],"class_list":{"0":"post-984","1":"product","2":"type-product","3":"status-publish","4":"has-post-thumbnail","6":"product_cat-portraits-archetypes-subpersonalities","8":"first","9":"outofstock","10":"purchasable","11":"product-type-simple"},"_links":{"self":[{"href":"https:\/\/shercards.com\/et\/wp-json\/wp\/v2\/product\/984","targetHints":{"allow":["GET"]}}],"collection":[{"href":"https:\/\/shercards.com\/et\/wp-json\/wp\/v2\/product"}],"about":[{"href":"https:\/\/shercards.com\/et\/wp-json\/wp\/v2\/types\/product"}],"replies":[{"embeddable":true,"href":"https:\/\/shercards.com\/et\/wp-json\/wp\/v2\/comments?post=984"}],"wp:featuredmedia":[{"embeddable":true,"href":"https:\/\/shercards.com\/et\/wp-json\/wp\/v2\/media\/985"}],"wp:attachment":[{"href":"https:\/\/shercards.com\/et\/wp-json\/wp\/v2\/media?parent=984"}],"wp:term":[{"taxonomy":"product_brand","embeddable":true,"href":"https:\/\/shercards.com\/et\/wp-json\/wp\/v2\/product_brand?post=984"},{"taxonomy":"product_cat","embeddable":true,"href":"https:\/\/shercards.com\/et\/wp-json\/wp\/v2\/product_cat?post=984"},{"taxonomy":"product_tag","embeddable":true,"href":"https:\/\/shercards.com\/et\/wp-json\/wp\/v2\/product_tag?post=984"}],"curies":[{"name":"wp","href":"https:\/\/api.w.org\/{rel}","templated":true}]}}